{"id":471209,"date":"2024-04-04T11:57:54","date_gmt":"2024-04-04T09:57:54","guid":{"rendered":"https:\/\/schuhewiebarfuss.at\/shop\/produkt\/acebos-sandalen-1377ve\/"},"modified":"2026-04-27T21:23:58","modified_gmt":"2026-04-27T19:23:58","slug":"acebos-sandalen-1377ve","status":"publish","type":"product","link":"https:\/\/schuhewiebarfuss.at\/shop\/produkt\/acebos-sandalen-1377ve\/","title":{"rendered":"Acebos Sandalen 1377VE"},"content":{"rendered":"<p>Der Acebos Sandale ist eine Barfu\u00dfsandale f\u00fcr Kinder aus Nappaleder. Mit einer sehr flexiblen Sohle aus recyceltem Gummi, die die Zehen sch\u00fctzt und einem Klettverschluss f\u00fcr eine perfekte Passform und sehr einfachem An- und Ausziehen. Dieser Barfu\u00dfschuh hat eine breitere Zehenbox, ist aus weichem Leder gefertigt, verf\u00fcgt \u00fcber ein Leder-Futter und eine herausnehmbare Innensohle aus Mikrofaser. Acebos Sandale ist atmungsaktiv, antibakteriell und gepolstert.<\/p>\n<p>Materialen:<\/p>\n<p>Obermaterial: Nappaleder<br \/>\nInnenfutter: Leder<br \/>\nSohle: Recycelte Gummisohle<br \/>\nInnensohle: Innensohle aus Mikrofaser, herausnehmbar<br \/>\nVerschluss: Klettverschluss f\u00fcr einfacheres Anziehen<br \/>\nBesonderheiten: breite Zehenbox, super flexibel, atmungsaktiv, antibakteriell und gepolstert<br \/>\nHergestellt in Spanien<\/p>\n<p><b>Audio-Beschreibung<\/b><br \/><audio controls src=\"https:\/\/schuhewiebarfuss.at\/shop\/wp-content\/uploads\/lk\/9453_audio.wav\"><br \/>\n                                            Ihr Browser unterst\u00fctzt diese Audio-Ausgabe leider nicht.<br \/>\n                                            <\/ audio ><\/p>\n","protected":false},"excerpt":{"rendered":"<p>ACEBOS SANDALEN<\/p>\n<p>Obermaterial: Nappaleder<br \/>\nInnenfutter: Leder<br \/>\nSohle: Gummi<br \/>\nInnensohle: Mikrofaser, herausnehmbar<br \/>\nVerschluss: Klettverschluss<br \/>\nBesonderheiten: flexibel, atmungsaktiv, antibakteriell und gepolstert<\/p>\n","protected":false},"featured_media":536343,"comment_status":"open","ping_status":"closed","template":"","meta":[],"product_brand":[],"product_cat":[846],"product_tag":[1479,1544,1600,1385,1390,1391,1392,1393,1394,2962],"class_list":{"0":"post-471209","1":"product","2":"type-product","3":"status-publish","4":"has-post-thumbnail","6":"product_cat-sandalen-4","7":"product_tag-farbe-blau","8":"product_tag-farbe-braun","9":"product_tag-farbe-rot","10":"product_tag-groesse-20","11":"product_tag-groesse-21","12":"product_tag-groesse-22","13":"product_tag-groesse-23","14":"product_tag-groesse-24","15":"product_tag-groesse-25","16":"product_tag-marke-acebos","18":"first","19":"instock","20":"taxable","21":"shipping-taxable","22":"purchasable","23":"product-type-variable"},"_links":{"self":[{"href":"https:\/\/schuhewiebarfuss.at\/shop\/wp-json\/wp\/v2\/product\/471209","targetHints":{"allow":["GET"]}}],"collection":[{"href":"https:\/\/schuhewiebarfuss.at\/shop\/wp-json\/wp\/v2\/product"}],"about":[{"href":"https:\/\/schuhewiebarfuss.at\/shop\/wp-json\/wp\/v2\/types\/product"}],"replies":[{"embeddable":true,"href":"https:\/\/schuhewiebarfuss.at\/shop\/wp-json\/wp\/v2\/comments?post=471209"}],"wp:featuredmedia":[{"embeddable":true,"href":"https:\/\/schuhewiebarfuss.at\/shop\/wp-json\/wp\/v2\/media\/536343"}],"wp:attachment":[{"href":"https:\/\/schuhewiebarfuss.at\/shop\/wp-json\/wp\/v2\/media?parent=471209"}],"wp:term":[{"taxonomy":"product_brand","embeddable":true,"href":"https:\/\/schuhewiebarfuss.at\/shop\/wp-json\/wp\/v2\/product_brand?post=471209"},{"taxonomy":"product_cat","embeddable":true,"href":"https:\/\/schuhewiebarfuss.at\/shop\/wp-json\/wp\/v2\/product_cat?post=471209"},{"taxonomy":"product_tag","embeddable":true,"href":"https:\/\/schuhewiebarfuss.at\/shop\/wp-json\/wp\/v2\/product_tag?post=471209"}],"curies":[{"name":"wp","href":"https:\/\/api.w.org\/{rel}","templated":true}]}}