{"id":471135,"date":"2024-04-04T11:04:35","date_gmt":"2024-04-04T09:04:35","guid":{"rendered":"https:\/\/schuhewiebarfuss.at\/shop\/produkt\/froddo-prewalkers-boot\/"},"modified":"2026-03-07T18:54:28","modified_gmt":"2026-03-07T17:54:28","slug":"froddo-prewalkers-boot","status":"publish","type":"product","link":"https:\/\/schuhewiebarfuss.at\/shop\/produkt\/froddo-prewalkers-boot\/","title":{"rendered":"Froddo Prewalkers Boot"},"content":{"rendered":"<p>Die Prewalker Winterboots von froddo\u00ae sind komfortable Begleiter f\u00fcr die Kleinsten. Das chromfrei gegerbte Leder schmiegt sich weich an die F\u00fc\u00dfe an und macht jede Bewegung mit. W\u00e4hrend die F\u00fc\u00dfe sanft eingebettet werden, bietet die rutschhemmend profilierte Au\u00dfensohle einen optimalen Halt. Der Einstieg der Sch\u00fchchen ist gepolstert und mit einem breiten Klettriemen lassen sie sich ganz schnell an- und ausziehen. F\u00fcr kalte Tage sind diese sch\u00f6nen Boots mit Lammfutter gef\u00fcttert.<\/p>\n<p>Obermaterial: Chromfreies Leder<br \/>\nFutter und Einlegesohle: Chromfreies Lammfellfutter<br \/>\nSohle: Gummi<br \/>\nUniverselle Passform, f\u00fcr alle Fu\u00dfbreiten geeignet<br \/>\nNachaltiges Produkt und Produktion<\/p>\n<p>Pflegehinweis:<\/p>\n<p>Pflanzlich gegerbtes Naturleder wird ausschlie\u00dflich mit einem trockenen Tuch gepflegt. Wenn das Leder mit Wasser und verschiedenen Schuhreinigungsmitteln gepflegt wird, kann es zur Sch\u00e4digung der Farbe und dem Verlust der antibakteriellen und antiallergischen Eigenschaften kommen. Diese Schuhe sind f\u00fcr trockenes Wetter geeignet. Witterungsumst\u00e4nde k\u00f6nnen sich auf die Farb\u00e4nderung auswirken. <\/p>\n<p><b>Audio-Beschreibung<\/b><br \/><audio controls src=\"https:\/\/schuhewiebarfuss.at\/shop\/wp-content\/uploads\/lk\/6072_audio.wav\"><br \/>\n                                            Ihr Browser unterst\u00fctzt diese Audio-Ausgabe leider nicht.<br \/>\n                                            <\/ audio ><\/p>\n","protected":false},"excerpt":{"rendered":"<p>Obermaterial: Chromfreies Leder<br \/>\nFutter und Einlegesohle: Chromfreies Lammfellfutter<br \/>\nSohle: Gummi<br \/>\nUniverselle Passform, f\u00fcr alle Fu\u00dfbreiten geeignet<br \/>\nNachaltiges Produkt und Produktion<\/p>\n","protected":false},"featured_media":497923,"comment_status":"open","ping_status":"closed","template":"","meta":[],"product_brand":[],"product_cat":[844],"product_tag":[1479,2308,1549,1550,1483,1385,1390,1391,1392,1393,2450],"class_list":{"0":"post-471135","1":"product","2":"type-product","3":"status-publish","4":"has-post-thumbnail","6":"product_cat-lauflernschuhe","7":"product_tag-farbe-blau","8":"product_tag-farbe-rosa","9":"product_tag-groesse-17","10":"product_tag-groesse-18","11":"product_tag-groesse-19","12":"product_tag-groesse-20","13":"product_tag-groesse-21","14":"product_tag-groesse-22","15":"product_tag-groesse-23","16":"product_tag-groesse-24","17":"product_tag-marke-froddo-ivancia-d-d","19":"first","20":"instock","21":"taxable","22":"shipping-taxable","23":"purchasable","24":"product-type-variable"},"_links":{"self":[{"href":"https:\/\/schuhewiebarfuss.at\/shop\/wp-json\/wp\/v2\/product\/471135","targetHints":{"allow":["GET"]}}],"collection":[{"href":"https:\/\/schuhewiebarfuss.at\/shop\/wp-json\/wp\/v2\/product"}],"about":[{"href":"https:\/\/schuhewiebarfuss.at\/shop\/wp-json\/wp\/v2\/types\/product"}],"replies":[{"embeddable":true,"href":"https:\/\/schuhewiebarfuss.at\/shop\/wp-json\/wp\/v2\/comments?post=471135"}],"wp:featuredmedia":[{"embeddable":true,"href":"https:\/\/schuhewiebarfuss.at\/shop\/wp-json\/wp\/v2\/media\/497923"}],"wp:attachment":[{"href":"https:\/\/schuhewiebarfuss.at\/shop\/wp-json\/wp\/v2\/media?parent=471135"}],"wp:term":[{"taxonomy":"product_brand","embeddable":true,"href":"https:\/\/schuhewiebarfuss.at\/shop\/wp-json\/wp\/v2\/product_brand?post=471135"},{"taxonomy":"product_cat","embeddable":true,"href":"https:\/\/schuhewiebarfuss.at\/shop\/wp-json\/wp\/v2\/product_cat?post=471135"},{"taxonomy":"product_tag","embeddable":true,"href":"https:\/\/schuhewiebarfuss.at\/shop\/wp-json\/wp\/v2\/product_tag?post=471135"}],"curies":[{"name":"wp","href":"https:\/\/api.w.org\/{rel}","templated":true}]}}