{"id":470972,"date":"2024-04-04T10:26:02","date_gmt":"2024-04-04T08:26:02","guid":{"rendered":"https:\/\/schuhewiebarfuss.at\/shop\/produkt\/fitnessstyle\/"},"modified":"2026-03-10T20:50:44","modified_gmt":"2026-03-10T19:50:44","slug":"fitnessstyle","status":"publish","type":"product","link":"https:\/\/schuhewiebarfuss.at\/shop\/produkt\/fitnessstyle\/","title":{"rendered":"fitnessStyle"},"content":{"rendered":"<p>Joggen, Tanzen oder Gewichte heben \u2013 das alles ist kein Problem mit unserem neuen langersehnten fitnessSTYLE. Dank dem Obermaterial aus Mikrofaser und Veloursleder ist unser fitnessSTYLE besonders atmungsaktiv und dadurch eignet sich unser fitnessSTYLE perfekt f\u00fcr euren Lieblingssport. Egal ob Krafttraining oder Ausdauersport, in Barfu\u00dfschuhen haben wir durch die d\u00fcnne und flexible Sohle und den Nullabsatz einen besseren Stand und somit deutlich mehr Kontrolle \u00fcber die Ausf\u00fchrung unserer Bewegungen, als in herk\u00f6mmlichen Sportschuhen. Dieser feste und gerade Stand f\u00fchrt ebenfalls dazu, dass eine bessere Kraft\u00fcbertragung stattfindet und beim Training weniger Kraft f\u00fcr das Ausgleichen einer dicken Sohle ben\u00f6tigt wird. Bei Ausdauersport solltest du allerdings darauf achten, die Trainingseinheiten in Barfu\u00dfschuhen St\u00fcck f\u00fcr St\u00fcck zu steigern: Deine Muskeln werden hier viel mehr beansprucht als in herk\u00f6mmlichen Sportschuhen, sodass eine \u00dcberanstrengung schnell zu Muskelkater f\u00fchren kann! <\/p>\n<p>Material &amp; Pflegehinweis:<br \/>\nBioleder kann gewissen Merkmale wie Insektenstiche, Kratzer oder leichte Farbunterschiede aufweisen, welche aber zum einmaligen und nat\u00fcrlichen Charakter geh\u00f6ren. Jeder einzelne Schuh ist ein handgefertigtes Unikat, welcher die Handschrift des\/der Mitarbeiter*in tr\u00e4gt. Socken k\u00f6nnen sich bei starkem Schwitzen verf\u00e4rben. Um eine lange Haltbarkeit unseres Bioleders zu gew\u00e4hrleisten, ist ein guter Schutz vor N\u00e4sse und Feuchtigkeit essentiell.<\/p>\n<p>Bitte wasche deinen Schuh nicht in der Waschmaschine und s\u00e4ubere ihn nur mit einem geeigneten Reinigungsmittel. Wir empfehlen die Innensohle regelm\u00e4\u00dfig zum L\u00fcften aus dem Schuh zu nehmen und Staun\u00e4sse somit zu vermeiden.<\/p>\n<p><b>Audio-Beschreibung<\/b><br \/><audio controls src=\"https:\/\/schuhewiebarfuss.at\/shop\/wp-content\/uploads\/lk\/6024_audio.wav\"><br \/>\n                                            Ihr Browser unterst\u00fctzt diese Audio-Ausgabe leider nicht.<br \/>\n                                            <\/ audio ><\/p>\n","protected":false},"excerpt":{"rendered":"<p>Funktion: atmungsaktiv<br \/>\nFutter: Synthetikfasern (atmungsaktiv)<br \/>\nInnensohle: Synthetikfasern (atmungsaktiv)<br \/>\nLaufsohle: TPU<br \/>\nObermaterial: Veloursleder \/ Textil<br \/>\nProduktionsland: Portugal<\/p>\n","protected":false},"featured_media":470971,"comment_status":"open","ping_status":"closed","template":"","meta":[],"product_brand":[],"product_cat":[3121],"product_tag":[1479,2629,1408,1362,1368,1373,1374,1375,1376,1377,1378,1379,2447,1450],"class_list":{"0":"post-470972","1":"product","2":"type-product","3":"status-publish","4":"has-post-thumbnail","6":"product_cat-sale","7":"product_tag-farbe-blau","8":"product_tag-farbe-lila","9":"product_tag-farbe-schwarz","10":"product_tag-groesse-36","11":"product_tag-groesse-37","12":"product_tag-groesse-38","13":"product_tag-groesse-39","14":"product_tag-groesse-40","15":"product_tag-groesse-41","16":"product_tag-groesse-42","17":"product_tag-groesse-43","18":"product_tag-groesse-44","19":"product_tag-marke-blifestyle","20":"product_tag-sale","22":"first","23":"instock","24":"sale","25":"taxable","26":"shipping-taxable","27":"purchasable","28":"product-type-variable"},"_links":{"self":[{"href":"https:\/\/schuhewiebarfuss.at\/shop\/wp-json\/wp\/v2\/product\/470972","targetHints":{"allow":["GET"]}}],"collection":[{"href":"https:\/\/schuhewiebarfuss.at\/shop\/wp-json\/wp\/v2\/product"}],"about":[{"href":"https:\/\/schuhewiebarfuss.at\/shop\/wp-json\/wp\/v2\/types\/product"}],"replies":[{"embeddable":true,"href":"https:\/\/schuhewiebarfuss.at\/shop\/wp-json\/wp\/v2\/comments?post=470972"}],"wp:featuredmedia":[{"embeddable":true,"href":"https:\/\/schuhewiebarfuss.at\/shop\/wp-json\/wp\/v2\/media\/470971"}],"wp:attachment":[{"href":"https:\/\/schuhewiebarfuss.at\/shop\/wp-json\/wp\/v2\/media?parent=470972"}],"wp:term":[{"taxonomy":"product_brand","embeddable":true,"href":"https:\/\/schuhewiebarfuss.at\/shop\/wp-json\/wp\/v2\/product_brand?post=470972"},{"taxonomy":"product_cat","embeddable":true,"href":"https:\/\/schuhewiebarfuss.at\/shop\/wp-json\/wp\/v2\/product_cat?post=470972"},{"taxonomy":"product_tag","embeddable":true,"href":"https:\/\/schuhewiebarfuss.at\/shop\/wp-json\/wp\/v2\/product_tag?post=470972"}],"curies":[{"name":"wp","href":"https:\/\/api.w.org\/{rel}","templated":true}]}}