{"id":470938,"date":"2024-04-04T09:56:44","date_gmt":"2024-04-04T07:56:44","guid":{"rendered":"https:\/\/schuhewiebarfuss.at\/shop\/produkt\/francie-eco\/"},"modified":"2026-03-01T14:28:11","modified_gmt":"2026-03-01T13:28:11","slug":"francie-eco","status":"publish","type":"product","link":"https:\/\/schuhewiebarfuss.at\/shop\/produkt\/francie-eco\/","title":{"rendered":"Francie ECO"},"content":{"rendered":"<p>KOEL hat mit dem Barfu\u00df-Sneaker Francie ECO einen Schuh entwickelt, welcher eine hohe Qualit\u00e4t &amp; perfekte Trageeigenschaften verbindet. Das hochwertig verarbeitete weiche Glattleder bzw. Veloursleder sorgt f\u00fcr eine hohe Haltbarkeit bei diesem schlichten und l\u00e4ssigen Barfu\u00dfsneaker. Die etwas breitere, anatomisch geformten Sohle ist aus teils recyceltem Gummi. Trotz der Stollen an der bew\u00e4hrten Bernardo-Au\u00dfensohle ist diese sehr flexibel und hat keinen Absatz. Durch die weite Form haben die Zehen viel Platz und sorgt deshalb f\u00fcr viel Bewegungsfreiheit f\u00fcr ihre F\u00fc\u00dfe und l\u00e4sst den Boden unter den Schuhen sp\u00fcren. Das Gehen mit diesem bequemen Barfu\u00dfschuh l\u00e4sst den Boden unter den Schuhen sp\u00fcren und st\u00e4rkt so die Fu\u00dfmuskulatur. Ein sch\u00f6ner Barfu\u00dfschuh-Sneaker f\u00fcr das ganze Jahr mit modischem Style. Der Koel Francie Eco ist ideal als Freizeitschuh und f\u00fcr allt\u00e4gliche Aktivit\u00e4ten.<\/p>\n<p>Materialdetails:<\/p>\n<p>Obermaterial: Glattleder oder Velourleder<br \/>\nInnenfutter: Schweineleder (chromfrei gegerbt)<br \/>\nSohle: flexible Bernardino-Au\u00dfensohle mit recycelten Bestandteilen (4 mm \u2013 inklusive 2 mm Stollen f\u00fcr leichten Halt)<br \/>\nInnensohle: Herausnehmbare Innensohle aus Leder<br \/>\nAbsatz: Nullabsatz, keine H\u00f6hendifferenz zwischen Ferse und Vorderfu\u00df<br \/>\nVerschluss: Schn\u00fcrsenkel<br \/>\nWeite: Normal<br \/>\nBesonderheiten: Die Au\u00dfensohle ist sowohl geklebt als auch gen\u00e4ht, wodurch sich die Gefahr einer Lockerung verringert<br \/>\nMaterialhinweis: Frei von sch\u00e4dlichen Materialien (gepr\u00fcft!)<br \/>\nHergestellt in Portugal<br \/>\nVollst\u00e4ndige Produktion in Europa<\/p>\n<p><b>Audio-Beschreibung<\/b><br \/><audio controls src=\"https:\/\/schuhewiebarfuss.at\/shop\/wp-content\/uploads\/lk\/9466_audio.wav\"><br \/>\n                                            Ihr Browser unterst\u00fctzt diese Audio-Ausgabe leider nicht.<br \/>\n                                            <\/ audio ><\/p>\n","protected":false},"excerpt":{"rendered":"<p>Koel Shoes FRANCIE ECO Sneaker<\/p>\n<p>Obermaterial: Glattleder oder Veloursleder<br \/>\nInnenfutter: Schweineleder (chromfrei gegerbt)<br \/>\nSohle: Bernardino-Au\u00dfensohle<br \/>\nInnensohle: Leder, herausnehmbar<br \/>\nAbsatz: Nullabsatz<br \/>\nVerschluss: Schn\u00fcrsenkel<br \/>\nWeite: Normal<br \/>\nBesonderheiten: Au\u00dfensohle geklebt und gen\u00e4ht<br \/>\nMaterialhinweis: frei von Schadstoffen<br \/>\nHergestellt in Portugal<\/p>\n","protected":false},"featured_media":549809,"comment_status":"open","ping_status":"closed","template":"","meta":[],"product_brand":[],"product_cat":[3121],"product_tag":[1570,1408,1651,1362,1368,1373,1374,1375,1376,1377,1378,1379,1380,2778,1450],"class_list":{"0":"post-470938","1":"product","2":"type-product","3":"status-publish","4":"has-post-thumbnail","6":"product_cat-sale","7":"product_tag-farbe-gruen","8":"product_tag-farbe-schwarz","9":"product_tag-farbe-weiss","10":"product_tag-groesse-36","11":"product_tag-groesse-37","12":"product_tag-groesse-38","13":"product_tag-groesse-39","14":"product_tag-groesse-40","15":"product_tag-groesse-41","16":"product_tag-groesse-42","17":"product_tag-groesse-43","18":"product_tag-groesse-44","19":"product_tag-groesse-45","20":"product_tag-marke-koel-shoes-international","21":"product_tag-sale","23":"first","24":"instock","25":"sale","26":"taxable","27":"shipping-taxable","28":"purchasable","29":"product-type-variable"},"_links":{"self":[{"href":"https:\/\/schuhewiebarfuss.at\/shop\/wp-json\/wp\/v2\/product\/470938","targetHints":{"allow":["GET"]}}],"collection":[{"href":"https:\/\/schuhewiebarfuss.at\/shop\/wp-json\/wp\/v2\/product"}],"about":[{"href":"https:\/\/schuhewiebarfuss.at\/shop\/wp-json\/wp\/v2\/types\/product"}],"replies":[{"embeddable":true,"href":"https:\/\/schuhewiebarfuss.at\/shop\/wp-json\/wp\/v2\/comments?post=470938"}],"wp:featuredmedia":[{"embeddable":true,"href":"https:\/\/schuhewiebarfuss.at\/shop\/wp-json\/wp\/v2\/media\/549809"}],"wp:attachment":[{"href":"https:\/\/schuhewiebarfuss.at\/shop\/wp-json\/wp\/v2\/media?parent=470938"}],"wp:term":[{"taxonomy":"product_brand","embeddable":true,"href":"https:\/\/schuhewiebarfuss.at\/shop\/wp-json\/wp\/v2\/product_brand?post=470938"},{"taxonomy":"product_cat","embeddable":true,"href":"https:\/\/schuhewiebarfuss.at\/shop\/wp-json\/wp\/v2\/product_cat?post=470938"},{"taxonomy":"product_tag","embeddable":true,"href":"https:\/\/schuhewiebarfuss.at\/shop\/wp-json\/wp\/v2\/product_tag?post=470938"}],"curies":[{"name":"wp","href":"https:\/\/api.w.org\/{rel}","templated":true}]}}