{"id":470937,"date":"2024-04-04T09:53:53","date_gmt":"2024-04-04T07:53:53","guid":{"rendered":"https:\/\/schuhewiebarfuss.at\/shop\/produkt\/skinners-oldschooler\/"},"modified":"2026-03-01T10:23:54","modified_gmt":"2026-03-01T09:23:54","slug":"skinners-oldschooler","status":"publish","type":"product","link":"https:\/\/schuhewiebarfuss.at\/shop\/produkt\/skinners-oldschooler\/","title":{"rendered":"Skinners Oldschooler"},"content":{"rendered":"<p>Skinners Oldschooler kombinieren einen klassichen zeitlosen Look mit modernen Elementen. Sie sind der perfekte Ausdruck daf\u00fcr, dass Retro wieder trendy ist.<\/p>\n<p>Pr\u00e4zise portugiesische Produktion und hochwertiges italienisches Leder sorgen f\u00fcr eine au\u00dfergew\u00f6hnliche Qualit\u00e4t in der Verarbeitung. Diese Schuhe garantieren Haltbarkeit und Weichheit bei jedem Schritt.<\/p>\n<p>Sie haben eine Null-Fall-Gummisohle, die nur 4,5 Millimeter dick ist. Sie unterst\u00fctzen die nat\u00fcrliche Anatomie des Fu\u00dfes und f\u00f6rdern eine gesunde K\u00f6rperhaltung.<\/p>\n<p>Sie erhalten nicht nur Stil, sondern auch Freiheit. Der breite Zehenbereich erm\u00f6glicht eine nat\u00fcrliche Bewegung Ihrer Zehen und bietet Ihnen genug Platz. Ihre F\u00fc\u00dfe werden sich den ganzen Tag wohlf\u00fchlen und gesund bleiben.<\/p>\n<p><b>Audio-Beschreibung<\/b><br \/><audio controls src=\"https:\/\/schuhewiebarfuss.at\/shop\/wp-content\/uploads\/lk\/6085_audio.wav\"><br \/>\n                                            Ihr Browser unterst\u00fctzt diese Audio-Ausgabe leider nicht.<br \/>\n                                            <\/ audio ><\/p>\n","protected":false},"excerpt":{"rendered":"<p>Obermaterial: Kombination aus Glatt- und Veloursleder<br \/>\nInnenfutter: Tencel und Leder<br \/>\nSohle: Null-Fall-Gummisohle<br \/>\nBreite Zehebox in Form des Fu\u00dfes<br \/>\nCharmanter Retro-Stil, moderner Komfort<\/p>\n","protected":false},"featured_media":498334,"comment_status":"open","ping_status":"closed","template":"","meta":[],"product_brand":[],"product_cat":[3121],"product_tag":[1479,1570,1408,1362,1368,1373,1374,1375,1376,1377,1378,1379,1380,1381,1449,2484,1450],"class_list":{"0":"post-470937","1":"product","2":"type-product","3":"status-publish","4":"has-post-thumbnail","6":"product_cat-sale","7":"product_tag-farbe-blau","8":"product_tag-farbe-gruen","9":"product_tag-farbe-schwarz","10":"product_tag-groesse-36","11":"product_tag-groesse-37","12":"product_tag-groesse-38","13":"product_tag-groesse-39","14":"product_tag-groesse-40","15":"product_tag-groesse-41","16":"product_tag-groesse-42","17":"product_tag-groesse-43","18":"product_tag-groesse-44","19":"product_tag-groesse-45","20":"product_tag-groesse-46","21":"product_tag-groesse-47","22":"product_tag-marke-skinners","23":"product_tag-sale","25":"first","26":"instock","27":"taxable","28":"shipping-taxable","29":"purchasable","30":"product-type-variable"},"_links":{"self":[{"href":"https:\/\/schuhewiebarfuss.at\/shop\/wp-json\/wp\/v2\/product\/470937","targetHints":{"allow":["GET"]}}],"collection":[{"href":"https:\/\/schuhewiebarfuss.at\/shop\/wp-json\/wp\/v2\/product"}],"about":[{"href":"https:\/\/schuhewiebarfuss.at\/shop\/wp-json\/wp\/v2\/types\/product"}],"replies":[{"embeddable":true,"href":"https:\/\/schuhewiebarfuss.at\/shop\/wp-json\/wp\/v2\/comments?post=470937"}],"wp:featuredmedia":[{"embeddable":true,"href":"https:\/\/schuhewiebarfuss.at\/shop\/wp-json\/wp\/v2\/media\/498334"}],"wp:attachment":[{"href":"https:\/\/schuhewiebarfuss.at\/shop\/wp-json\/wp\/v2\/media?parent=470937"}],"wp:term":[{"taxonomy":"product_brand","embeddable":true,"href":"https:\/\/schuhewiebarfuss.at\/shop\/wp-json\/wp\/v2\/product_brand?post=470937"},{"taxonomy":"product_cat","embeddable":true,"href":"https:\/\/schuhewiebarfuss.at\/shop\/wp-json\/wp\/v2\/product_cat?post=470937"},{"taxonomy":"product_tag","embeddable":true,"href":"https:\/\/schuhewiebarfuss.at\/shop\/wp-json\/wp\/v2\/product_tag?post=470937"}],"curies":[{"name":"wp","href":"https:\/\/api.w.org\/{rel}","templated":true}]}}