{"id":470936,"date":"2024-04-04T09:52:15","date_gmt":"2024-04-04T07:52:15","guid":{"rendered":"https:\/\/schuhewiebarfuss.at\/shop\/produkt\/skinners-moonwalker-high-top\/"},"modified":"2026-03-19T07:53:13","modified_gmt":"2026-03-19T06:53:13","slug":"skinners-moonwalker-high-top","status":"publish","type":"product","link":"https:\/\/schuhewiebarfuss.at\/shop\/produkt\/skinners-moonwalker-high-top\/","title":{"rendered":"Skinners Moonwalker High Top"},"content":{"rendered":"<p>Skinners Moonwalker High Top werden aus feinstem Leder direkt von italienischen Handwerkern hergestellt, die ihr Handwerk seit Generationen aus\u00fcben.<\/p>\n<p>Die Sohle aus einer nat\u00fcrlichen Gummimischung ist \u00fcber die gesamte Fl\u00e4che nur 4,5 Millimeter dick. Die Nullneigung f\u00f6rdert die nat\u00fcrliche Anatomie des Fu\u00dfes und eine gesunde Haltung des gesamten K\u00f6rpers.<\/p>\n<p>F\u00fcr einen gesunden Gang m\u00fcssen die Zehen richtig ineinandergreifen. Lassen Sie sie also nicht in ungeeignetem Schuhwerk einklemmen und geben Sie ihnen genug Raum, um jeden Ihrer Schritte zu sichern.<\/p>\n<p>Sp\u00fcren Sie die Ver\u00e4nderung bei jedem Schritt mit Tencel\u2122-Matratzenauflagen. Diese weiche Eukalyptuszellulose-Superfaser verbessert den Fu\u00dfkomfort und zeichnet sich durch ihre Absorptions- und Thermoregulationsf\u00e4higkeiten aus &#8211; w\u00e4rmend im Winter und k\u00fchlend im Sommer.<\/p>\n<p>Obermaterial: Hochwertiges italienisches Leder<br \/>\nInnenfutter: Futter aus Tencelt<br \/>\nSohle: Gummisohle mit Nullgef\u00e4lle<br \/>\nBreite Zehebox in Form des Fu\u00dfes<br \/>\nMinimale Dicke, maximaler Komfort<\/p>\n<p><b>Audio-Beschreibung<\/b><br \/><audio controls src=\"https:\/\/schuhewiebarfuss.at\/shop\/wp-content\/uploads\/lk\/6085_audio.wav\"><br \/>\n                                            Ihr Browser unterst\u00fctzt diese Audio-Ausgabe leider nicht.<br \/>\n                                            <\/ audio ><\/p>\n","protected":false},"excerpt":{"rendered":"<p>Obermaterial: Hochwertiges italienisches Leder<br \/>\nInnenfutter: Futter aus Tencelt<br \/>\nSohle: Gummisohle mit Nullgef\u00e4lle<br \/>\nBreite Zehebox in Form des Fu\u00dfes<br \/>\nMinimale Dicke, maximaler Komfort<\/p>\n","protected":false},"featured_media":502435,"comment_status":"open","ping_status":"closed","template":"","meta":[],"product_brand":[],"product_cat":[851],"product_tag":[1408,1362,1368,1373,1374,1375,1376,1377,1378,1379,1380,1381,1449,2484],"class_list":{"0":"post-470936","1":"product","2":"type-product","3":"status-publish","4":"has-post-thumbnail","6":"product_cat-lifestyle-3","7":"product_tag-farbe-schwarz","8":"product_tag-groesse-36","9":"product_tag-groesse-37","10":"product_tag-groesse-38","11":"product_tag-groesse-39","12":"product_tag-groesse-40","13":"product_tag-groesse-41","14":"product_tag-groesse-42","15":"product_tag-groesse-43","16":"product_tag-groesse-44","17":"product_tag-groesse-45","18":"product_tag-groesse-46","19":"product_tag-groesse-47","20":"product_tag-marke-skinners","22":"first","23":"instock","24":"taxable","25":"shipping-taxable","26":"purchasable","27":"product-type-variable"},"_links":{"self":[{"href":"https:\/\/schuhewiebarfuss.at\/shop\/wp-json\/wp\/v2\/product\/470936","targetHints":{"allow":["GET"]}}],"collection":[{"href":"https:\/\/schuhewiebarfuss.at\/shop\/wp-json\/wp\/v2\/product"}],"about":[{"href":"https:\/\/schuhewiebarfuss.at\/shop\/wp-json\/wp\/v2\/types\/product"}],"replies":[{"embeddable":true,"href":"https:\/\/schuhewiebarfuss.at\/shop\/wp-json\/wp\/v2\/comments?post=470936"}],"wp:featuredmedia":[{"embeddable":true,"href":"https:\/\/schuhewiebarfuss.at\/shop\/wp-json\/wp\/v2\/media\/502435"}],"wp:attachment":[{"href":"https:\/\/schuhewiebarfuss.at\/shop\/wp-json\/wp\/v2\/media?parent=470936"}],"wp:term":[{"taxonomy":"product_brand","embeddable":true,"href":"https:\/\/schuhewiebarfuss.at\/shop\/wp-json\/wp\/v2\/product_brand?post=470936"},{"taxonomy":"product_cat","embeddable":true,"href":"https:\/\/schuhewiebarfuss.at\/shop\/wp-json\/wp\/v2\/product_cat?post=470936"},{"taxonomy":"product_tag","embeddable":true,"href":"https:\/\/schuhewiebarfuss.at\/shop\/wp-json\/wp\/v2\/product_tag?post=470936"}],"curies":[{"name":"wp","href":"https:\/\/api.w.org\/{rel}","templated":true}]}}