{"id":470925,"date":"2024-04-04T08:59:57","date_gmt":"2024-04-04T06:59:57","guid":{"rendered":"https:\/\/schuhewiebarfuss.at\/shop\/produkt\/skinners-moonwalker-schwarz\/"},"modified":"2026-03-01T13:17:12","modified_gmt":"2026-03-01T12:17:12","slug":"skinners-moonwalker-schwarz","status":"publish","type":"product","link":"https:\/\/schuhewiebarfuss.at\/shop\/produkt\/skinners-moonwalker-schwarz\/","title":{"rendered":"Skinners Moonwalker Schwarz"},"content":{"rendered":"<p>Detaillierte und qualitativ hochwertige Verarbeitung,<\/p>\n<p>Das niedrige Modell Skinners Moonwalker ist der Inbegriff von Minimalismus und Eleganz. Sie sind zeitlos, stilvoll und raffiniert in jedem Detail. Ein Schuh, der Eindruck macht. <\/p>\n<p>Strapazierf\u00e4higes und bequemes Material.<\/p>\n<p>Das Tencel\u2122-Futter bietet Ihren F\u00fc\u00dfen unglaublichen Komfort. Das Obermaterial aus italienischem Glattleder verleiht dem Moonwalker einen eleganten Look und Strapazierf\u00e4higkeit. Die perfekte Kombination f\u00fcr den Alltag, f\u00fcr die Stadt oder f\u00fcr ein Date. <\/p>\n<p>Die Gummisohle mit einer Dicke von nur 4,5 Millimeter sorgt f\u00fcr ein perfektes Gleichgewicht, respektiert die korrekte Anatomie des Fu\u00dfes und f\u00f6rdert eine gesunde Haltung des gesamten K\u00f6rpers. Mit Skinners Moonwalker k\u00f6nnen Sie einfach nichts falsch machen. <\/p>\n<p>F\u00fcr einen gesunden Bewegungsablauf ist es entscheidend, dass die Zehen gen\u00fcgend Platz haben und nicht in einem zu engen Schuh eingequetscht werden. Geben Sie ihnen deshalb die Freiheit, die sie f\u00fcr stabile und sichere Schritte brauchen.<\/p>\n<p>Obermaterial: Leder<br \/>\nInnenfutter: Tencel\u2122-Futter<br \/>\nSohle: Gummisohle mit Nullgef\u00e4lle<br \/>\nBreite Zehebox in Form des Fu\u00dfes<\/p>\n<p><b>Audio-Beschreibung<\/b><br \/><audio controls src=\"https:\/\/schuhewiebarfuss.at\/shop\/wp-content\/uploads\/lk\/6085_audio.wav\"><br \/>\n                                            Ihr Browser unterst\u00fctzt diese Audio-Ausgabe leider nicht.<br \/>\n                                            <\/ audio ><\/p>\n","protected":false},"excerpt":{"rendered":"<p>Obermaterial: Leder<br \/>\nInnenfutter: Tencel\u2122-Futter<br \/>\nSohle: Gummisohle mit Nullgef\u00e4lle<br \/>\nBreite Zehebox in Form des Fu\u00dfes<\/p>\n","protected":false},"featured_media":502430,"comment_status":"open","ping_status":"closed","template":"","meta":[],"product_brand":[],"product_cat":[3121],"product_tag":[1362,1368,1373,1374,1375,1376,1377,1378,1379,1380,1381,1449,2484,1450],"class_list":{"0":"post-470925","1":"product","2":"type-product","3":"status-publish","4":"has-post-thumbnail","6":"product_cat-sale","7":"product_tag-groesse-36","8":"product_tag-groesse-37","9":"product_tag-groesse-38","10":"product_tag-groesse-39","11":"product_tag-groesse-40","12":"product_tag-groesse-41","13":"product_tag-groesse-42","14":"product_tag-groesse-43","15":"product_tag-groesse-44","16":"product_tag-groesse-45","17":"product_tag-groesse-46","18":"product_tag-groesse-47","19":"product_tag-marke-skinners","20":"product_tag-sale","22":"first","23":"instock","24":"taxable","25":"shipping-taxable","26":"purchasable","27":"product-type-variable"},"_links":{"self":[{"href":"https:\/\/schuhewiebarfuss.at\/shop\/wp-json\/wp\/v2\/product\/470925","targetHints":{"allow":["GET"]}}],"collection":[{"href":"https:\/\/schuhewiebarfuss.at\/shop\/wp-json\/wp\/v2\/product"}],"about":[{"href":"https:\/\/schuhewiebarfuss.at\/shop\/wp-json\/wp\/v2\/types\/product"}],"replies":[{"embeddable":true,"href":"https:\/\/schuhewiebarfuss.at\/shop\/wp-json\/wp\/v2\/comments?post=470925"}],"wp:featuredmedia":[{"embeddable":true,"href":"https:\/\/schuhewiebarfuss.at\/shop\/wp-json\/wp\/v2\/media\/502430"}],"wp:attachment":[{"href":"https:\/\/schuhewiebarfuss.at\/shop\/wp-json\/wp\/v2\/media?parent=470925"}],"wp:term":[{"taxonomy":"product_brand","embeddable":true,"href":"https:\/\/schuhewiebarfuss.at\/shop\/wp-json\/wp\/v2\/product_brand?post=470925"},{"taxonomy":"product_cat","embeddable":true,"href":"https:\/\/schuhewiebarfuss.at\/shop\/wp-json\/wp\/v2\/product_cat?post=470925"},{"taxonomy":"product_tag","embeddable":true,"href":"https:\/\/schuhewiebarfuss.at\/shop\/wp-json\/wp\/v2\/product_tag?post=470925"}],"curies":[{"name":"wp","href":"https:\/\/api.w.org\/{rel}","templated":true}]}}