{"id":470903,"date":"2024-04-04T08:40:49","date_gmt":"2024-04-04T06:40:49","guid":{"rendered":"https:\/\/schuhewiebarfuss.at\/shop\/produkt\/pace-leder-schwarz\/"},"modified":"2026-03-01T10:49:14","modified_gmt":"2026-03-01T09:49:14","slug":"pace-leder-schwarz","status":"publish","type":"product","link":"https:\/\/schuhewiebarfuss.at\/shop\/produkt\/pace-leder-schwarz\/","title":{"rendered":"Pace Leder Schwarz"},"content":{"rendered":"<p>Performance-Multiaktivit\u00e4ts-Sportschuh mit unserer 6-mm-OrthoLite\u00ae-Einlegesohle mit ConnectComfort+-Sto\u00dfd\u00e4mpfung f\u00fcr h\u00e4rtere, gemischte Oberfl\u00e4chen und l\u00e4ngere Geh- oder Laufstrecken.Das Obermaterial besteht aus Leder  f\u00fcr eine erstaunliche Leistung, egal ob beim Laufen, Wandern, Sport, Fitnessstudio oder ganzt\u00e4gigen Freizeitkleidung. <\/p>\n<p>Alle unsere Schuhe sind voll flexibel, haben eine ger\u00e4umige Zehenbox und fallen nicht ab (gleiche H\u00f6he an Vorder- und Ferse)<br \/>\nObermaterial: Leder<br \/>\nDie herausnehmbare ConnectComfort OrthoLite\u00ae 6-mm-Einlegesohle bietet Sto\u00dfd\u00e4mpfung und gew\u00e4hrleistet gleichzeitig eine hervorragende Bodenverbindung.<br \/>\nFreet 5in1 asymmetrischer Vorfu\u00df f\u00fcr eine nat\u00fcrliche Fu\u00dfform.<br \/>\nMultiGrip-Performance-Au\u00dfensohle f\u00fcr eine bessere Qualit\u00e4t auf Trails und Stra\u00dfenbelag und Haltbarkeit<\/p>\n<p><b>Audio-Beschreibung<\/b><br \/><audio controls src=\"https:\/\/schuhewiebarfuss.at\/shop\/wp-content\/uploads\/lk\/6079_audio.wav\"><br \/>\n                                            Ihr Browser unterst\u00fctzt diese Audio-Ausgabe leider nicht.<br \/>\n                                            <\/ audio ><\/p>\n","protected":false},"excerpt":{"rendered":"<p>Alle unsere Schuhe sind voll flexibel, haben eine ger\u00e4umige Zehenbox und fallen nicht ab (gleiche H\u00f6he an Vorder- und Ferse)<br \/>\nObermaterial: Leder<br \/>\nDie herausnehmbare ConnectComfort OrthoLite\u00ae 6-mm-Einlegesohle bietet Sto\u00dfd\u00e4mpfung und gew\u00e4hrleistet gleichzeitig eine hervorragende Bodenverbindung.<br \/>\nFreet 5in1 asymmetrischer Vorfu\u00df f\u00fcr eine nat\u00fcrliche Fu\u00dfform.<br \/>\nMultiGrip-Performance-Au\u00dfensohle f\u00fcr eine bessere Qualit\u00e4t auf Trails und Stra\u00dfenbelag und Haltbarkeit<\/p>\n","protected":false},"featured_media":470902,"comment_status":"open","ping_status":"closed","template":"","meta":[],"product_brand":[],"product_cat":[3121],"product_tag":[1368,1373,1374,1375,1376,1377,1378,1379,1380,1381,1449,1452,2444,1450],"class_list":{"0":"post-470903","1":"product","2":"type-product","3":"status-publish","4":"has-post-thumbnail","6":"product_cat-sale","7":"product_tag-groesse-37","8":"product_tag-groesse-38","9":"product_tag-groesse-39","10":"product_tag-groesse-40","11":"product_tag-groesse-41","12":"product_tag-groesse-42","13":"product_tag-groesse-43","14":"product_tag-groesse-44","15":"product_tag-groesse-45","16":"product_tag-groesse-46","17":"product_tag-groesse-47","18":"product_tag-groesse-48","19":"product_tag-marke-freet","20":"product_tag-sale","22":"first","23":"instock","24":"sale","25":"taxable","26":"shipping-taxable","27":"purchasable","28":"product-type-variable"},"_links":{"self":[{"href":"https:\/\/schuhewiebarfuss.at\/shop\/wp-json\/wp\/v2\/product\/470903","targetHints":{"allow":["GET"]}}],"collection":[{"href":"https:\/\/schuhewiebarfuss.at\/shop\/wp-json\/wp\/v2\/product"}],"about":[{"href":"https:\/\/schuhewiebarfuss.at\/shop\/wp-json\/wp\/v2\/types\/product"}],"replies":[{"embeddable":true,"href":"https:\/\/schuhewiebarfuss.at\/shop\/wp-json\/wp\/v2\/comments?post=470903"}],"wp:featuredmedia":[{"embeddable":true,"href":"https:\/\/schuhewiebarfuss.at\/shop\/wp-json\/wp\/v2\/media\/470902"}],"wp:attachment":[{"href":"https:\/\/schuhewiebarfuss.at\/shop\/wp-json\/wp\/v2\/media?parent=470903"}],"wp:term":[{"taxonomy":"product_brand","embeddable":true,"href":"https:\/\/schuhewiebarfuss.at\/shop\/wp-json\/wp\/v2\/product_brand?post=470903"},{"taxonomy":"product_cat","embeddable":true,"href":"https:\/\/schuhewiebarfuss.at\/shop\/wp-json\/wp\/v2\/product_cat?post=470903"},{"taxonomy":"product_tag","embeddable":true,"href":"https:\/\/schuhewiebarfuss.at\/shop\/wp-json\/wp\/v2\/product_tag?post=470903"}],"curies":[{"name":"wp","href":"https:\/\/api.w.org\/{rel}","templated":true}]}}