{"id":470861,"date":"2024-04-04T08:14:40","date_gmt":"2024-04-04T06:14:40","guid":{"rendered":"https:\/\/schuhewiebarfuss.at\/shop\/produkt\/groundstyle\/"},"modified":"2026-04-22T18:29:56","modified_gmt":"2026-04-22T16:29:56","slug":"groundstyle","status":"publish","type":"product","link":"https:\/\/schuhewiebarfuss.at\/shop\/produkt\/groundstyle\/","title":{"rendered":"groundStyle"},"content":{"rendered":"<p>Bodenst\u00e4ndig und unaufgeregt: unser \u201egroundSTYLE\u201c!  Das Zusammenspiel aus feinem Nubukleder als Obermaterial, weichem, rein pflanzlich gegerbtem Bioleder als Futter und Kautschuk f\u00fcr die Barfu\u00dfsohle macht den Schuh sch\u00f6n weich und sorgt f\u00fcr ein angenehmes Tragegef\u00fchl. Durch das schlichte Design begleitet uns der Schuh in jeder Lebenslage!<\/p>\n<p><b>Audio-Beschreibung<\/b><br \/><audio controls src=\"https:\/\/schuhewiebarfuss.at\/shop\/wp-content\/uploads\/lk\/6012_audio.wav\"><br \/>\n                                            Ihr Browser unterst\u00fctzt diese Audio-Ausgabe leider nicht.<br \/>\n                                            <\/ audio ><\/p>\n","protected":false},"excerpt":{"rendered":"<p>Obermaterial: Nubukleder<br \/>\nInnenmaterial: Weiches Bioleder (pflanzlich gegerbt)<br \/>\nSohle: 100 % synth. Kautschuk<br \/>\nVerschlussart: Schn\u00fcrung <\/p>\n","protected":false},"featured_media":498078,"comment_status":"open","ping_status":"closed","template":"","meta":[],"product_brand":[],"product_cat":[3121],"product_tag":[1479,1544,1426,2232,1427,1798,1408,1413,1651,1362,1368,1373,1374,1375,1376,1377,1378,1379,1380,1381,2447,1450,2705,2706],"class_list":{"0":"post-470861","1":"product","2":"type-product","3":"status-publish","4":"has-post-thumbnail","6":"product_cat-sale","7":"product_tag-farbe-blau","8":"product_tag-farbe-braun","9":"product_tag-farbe-dunkelblau","10":"product_tag-farbe-dunkelbraun","11":"product_tag-farbe-gelb","12":"product_tag-farbe-hellbraun","13":"product_tag-farbe-schwarz","14":"product_tag-farbe-tuerkis","15":"product_tag-farbe-weiss","16":"product_tag-groesse-36","17":"product_tag-groesse-37","18":"product_tag-groesse-38","19":"product_tag-groesse-39","20":"product_tag-groesse-40","21":"product_tag-groesse-41","22":"product_tag-groesse-42","23":"product_tag-groesse-43","24":"product_tag-groesse-44","25":"product_tag-groesse-45","26":"product_tag-groesse-46","27":"product_tag-marke-blifestyle","28":"product_tag-sale","29":"product_tag-sohle-glatt","30":"product_tag-sohle-noppen","32":"first","33":"instock","34":"sale","35":"taxable","36":"shipping-taxable","37":"purchasable","38":"product-type-variable"},"_links":{"self":[{"href":"https:\/\/schuhewiebarfuss.at\/shop\/wp-json\/wp\/v2\/product\/470861","targetHints":{"allow":["GET"]}}],"collection":[{"href":"https:\/\/schuhewiebarfuss.at\/shop\/wp-json\/wp\/v2\/product"}],"about":[{"href":"https:\/\/schuhewiebarfuss.at\/shop\/wp-json\/wp\/v2\/types\/product"}],"replies":[{"embeddable":true,"href":"https:\/\/schuhewiebarfuss.at\/shop\/wp-json\/wp\/v2\/comments?post=470861"}],"wp:featuredmedia":[{"embeddable":true,"href":"https:\/\/schuhewiebarfuss.at\/shop\/wp-json\/wp\/v2\/media\/498078"}],"wp:attachment":[{"href":"https:\/\/schuhewiebarfuss.at\/shop\/wp-json\/wp\/v2\/media?parent=470861"}],"wp:term":[{"taxonomy":"product_brand","embeddable":true,"href":"https:\/\/schuhewiebarfuss.at\/shop\/wp-json\/wp\/v2\/product_brand?post=470861"},{"taxonomy":"product_cat","embeddable":true,"href":"https:\/\/schuhewiebarfuss.at\/shop\/wp-json\/wp\/v2\/product_cat?post=470861"},{"taxonomy":"product_tag","embeddable":true,"href":"https:\/\/schuhewiebarfuss.at\/shop\/wp-json\/wp\/v2\/product_tag?post=470861"}],"curies":[{"name":"wp","href":"https:\/\/api.w.org\/{rel}","templated":true}]}}