{"id":470815,"date":"2024-04-04T08:00:44","date_gmt":"2024-04-04T06:00:44","guid":{"rendered":"https:\/\/schuhewiebarfuss.at\/shop\/produkt\/primus-trek-herren\/"},"modified":"2026-03-01T08:07:58","modified_gmt":"2026-03-01T07:07:58","slug":"primus-trek-herren","status":"publish","type":"product","link":"https:\/\/schuhewiebarfuss.at\/shop\/produkt\/primus-trek-herren\/","title":{"rendered":"Primus Trek Herren"},"content":{"rendered":"<p>Primus Trek ist ein Outdoormodell im stilvollen Primus-Design aus hochwertigem, gepr\u00e4gtem Pittards Wild Hide Leder, das innen winterfest mit Neopren gef\u00fcttert ist. Das Modell sieht nicht nur schick aus, es eignet sich gleicherma\u00dfen f\u00fcr Spazierg\u00e4nge im Wald, f\u00fcr Wanderungen und f\u00fcr anspruchsvolle, schlammige Terrains. Ebenso ist er ideal f\u00fcr den Winteralltag in der Stadt, vor allem als \u00dcbergangsschuh. Mit seiner robusten Firm Ground Sohle mit 3mm dicken Profilnoppen bietet er dir optimalen Schutz und sehr gute Haftung. Nat\u00fcrlich darf beim neuen Primus Trek unsere Thermoeinlegesohle mit Outlast-Technologie nicht fehlen, die daf\u00fcr sorgt, dass deine F\u00fc\u00dfe weder frieren, noch schwitzen. Dieses Modell vereint das sportlich-edle Primus-Design mit multifunktionaler Ausstattung &#8211; f\u00fcr jedes Wetter. Besonders bequem ist die sockenartige Passform. Primus Trek ist ein Muss f\u00fcr jeden, der zu jeder Zeit bei Wind und Wetter, bei Schnee und Regen drau\u00dfen unterwegs ist. Mit dem Primus Trek bist du stets bestm\u00f6glich ger\u00fcstet und genie\u00dft das einmalige Barfu\u00dfgef\u00fchl.<\/p>\n<p>Produktdetails: &#8211; Hergestellt aus Wild Hide-Leder &#8211; Wasserabweisend<\/p>\n<p>WICHTIGER HINWEIS ZUM LEDER!!!<br \/>\nDas hochwertige Leder des britischen Traditionsunternehmens Pittards hat eine besondere Struktur und stammt aus Afrika. Das Leder wird mit pflanzlichen Mitteln gegerbt und m\u00f6glichst in seiner nat\u00fcrlichen Form und Textur erhalten. Au\u00dferdem zeichnet es sich durch seine robuste Struktur aus. Da es sich hierbei um nat\u00fcrliches Leder von wilden Tieren handelt, ist jedes Paar ein Unikat. Somit kann es sein, das einzelne Schuhe Narben, Kratzer oder kleine Flecken aufweisen.<\/p>\n<p><b>Audio-Beschreibung<\/b><br \/><audio controls src=\"https:\/\/schuhewiebarfuss.at\/shop\/wp-content\/uploads\/lk\/6201_audio.wav\"><br \/>\n                                            Ihr Browser unterst\u00fctzt diese Audio-Ausgabe leider nicht.<br \/>\n                                            <\/ audio ><\/p>\n","protected":false},"excerpt":{"rendered":"<p>\u2022Obermaterial: Pittards Wild Hide Leder<br \/>\n\u2022Patentierte 3mm d\u00fcnne Firm Ground Sohle mit 3mm Pofilnoppen<br \/>\n\u2022Herausnehmbare 3,5mm d\u00fcnne Thermo-Einlegesohle mit Outlast-Technologie<br \/>\n\u2022Wasserabweisend<br \/>\n\u2022Pro: durchstichfeste Sohle<br \/>\n\u2022Gewicht pro Schuh: 300g (Gr\u00f6\u00dfe 42)<\/p>\n","protected":false},"featured_media":470814,"comment_status":"open","ping_status":"closed","template":"","meta":[],"product_brand":[],"product_cat":[3121],"product_tag":[2232,1798,1408,1375,1376,1377,1378,1379,1380,1381,1449,2451,1450],"class_list":{"0":"post-470815","1":"product","2":"type-product","3":"status-publish","4":"has-post-thumbnail","6":"product_cat-sale","7":"product_tag-farbe-dunkelbraun","8":"product_tag-farbe-hellbraun","9":"product_tag-farbe-schwarz","10":"product_tag-groesse-40","11":"product_tag-groesse-41","12":"product_tag-groesse-42","13":"product_tag-groesse-43","14":"product_tag-groesse-44","15":"product_tag-groesse-45","16":"product_tag-groesse-46","17":"product_tag-groesse-47","18":"product_tag-marke-vivobarefoot","19":"product_tag-sale","21":"first","22":"instock","23":"sale","24":"taxable","25":"shipping-taxable","26":"purchasable","27":"product-type-variable"},"_links":{"self":[{"href":"https:\/\/schuhewiebarfuss.at\/shop\/wp-json\/wp\/v2\/product\/470815","targetHints":{"allow":["GET"]}}],"collection":[{"href":"https:\/\/schuhewiebarfuss.at\/shop\/wp-json\/wp\/v2\/product"}],"about":[{"href":"https:\/\/schuhewiebarfuss.at\/shop\/wp-json\/wp\/v2\/types\/product"}],"replies":[{"embeddable":true,"href":"https:\/\/schuhewiebarfuss.at\/shop\/wp-json\/wp\/v2\/comments?post=470815"}],"wp:featuredmedia":[{"embeddable":true,"href":"https:\/\/schuhewiebarfuss.at\/shop\/wp-json\/wp\/v2\/media\/470814"}],"wp:attachment":[{"href":"https:\/\/schuhewiebarfuss.at\/shop\/wp-json\/wp\/v2\/media?parent=470815"}],"wp:term":[{"taxonomy":"product_brand","embeddable":true,"href":"https:\/\/schuhewiebarfuss.at\/shop\/wp-json\/wp\/v2\/product_brand?post=470815"},{"taxonomy":"product_cat","embeddable":true,"href":"https:\/\/schuhewiebarfuss.at\/shop\/wp-json\/wp\/v2\/product_cat?post=470815"},{"taxonomy":"product_tag","embeddable":true,"href":"https:\/\/schuhewiebarfuss.at\/shop\/wp-json\/wp\/v2\/product_tag?post=470815"}],"curies":[{"name":"wp","href":"https:\/\/api.w.org\/{rel}","templated":true}]}}