{"id":470641,"date":"2024-04-04T00:17:30","date_gmt":"2024-04-03T22:17:30","guid":{"rendered":"https:\/\/schuhewiebarfuss.at\/shop\/produkt\/balance-herren-schwarz\/"},"modified":"2026-03-23T18:13:17","modified_gmt":"2026-03-23T17:13:17","slug":"balance-herren-schwarz","status":"publish","type":"product","link":"https:\/\/schuhewiebarfuss.at\/shop\/produkt\/balance-herren-schwarz\/","title":{"rendered":"Balance Herren Schwarz"},"content":{"rendered":"<p>Der GROUNDIES\u00ae Balance ist ein leichter, luftiger und veganer Sneaker mit sportlichem Auftritt. Denn sein atmungsaktives Obermaterial aus nachhaltigen Materialien verspricht eine angenehme Luftzirkulation und seine Performance-Sohle sorgt f\u00fcr einen perfekten Mix aus Stabilit\u00e4t und leichter D\u00e4mpfung. Trotz optischer Keilform ist diese komplett flach und bietet ein uneingeschr\u00e4nktes Barfu\u00dfgef\u00fchl.<\/p>\n<p>Die neue TrueSense\u00ae Performance-Sohle: Sie ist neu. Sie bietet Keiloptik. Und sie \u00fcberzeugt mit Barfu\u00dffeeling im modernen Sneaker-Look. Entdecke unsere Performance-Sohle!<br \/>\nUnsere TrueSense\u00ae Perfomance-Sohle ist ein weiterer Meilenstein, Barfu\u00dflaufen in den modernen Alltag zu integrieren. Denn diese sieht aus wie eine Keilsohle, ist jedoch komplett flach, extrem flexibel und erlaubt echtes Barfu\u00dffeeling. <\/p>\n<p>Besonderheiten<\/p>\n<p>    Sneaker GROUNDIES\u00ae Balance<br \/>\n    Anatomische Zehenbox: Fu\u00dfgerechte, weitere Passform im Zehenbereich<br \/>\n    Nullabsatz und neutrales Fu\u00dfbett<br \/>\n    Superleichtes Obermaterial aus Bambus-Viskose-Faser und recyceltem Polyamid<br \/>\n    Atmungsaktives Innenfutter aus Mikrofaser<br \/>\n    TrueSense\u00ae GP1 Sohle mit 5 mm Basis und 2,5 mm Profil<br \/>\n    Flexibel, rutsch- und abriebfest<br \/>\n    Made in EU<br \/>\n    Antibakteriell<br \/>\n    Klimafreundlich<br \/>\n    Waschmaschinenfest: im W\u00e4schebeutel bei 30\u00b0C Maschinenwaschbar<br \/>\n    Gr\u00f6\u00dfenhinweis:<\/p>\n<p>Pflegehinweise<\/p>\n<p>Bitte verwende zum Reinigen deiner Groundies ein mit kaltem, klarem Wasser angefeuchtetes Tuch oder einen Schwamm. Besonders bei Leder- und Kunstleder-Modellen ist eine Impr\u00e4gnierung unbedingt empfehlenswert, um die Schuhe vor Feuchtigkeit, Verschmutzung und Umwelteinfl\u00fcssen zu sch\u00fctzen.<\/p>\n<p><b>Audio-Beschreibung<\/b><br \/><audio controls src=\"https:\/\/schuhewiebarfuss.at\/shop\/wp-content\/uploads\/lk\/9387_audio.wav\"><br \/>\n                                            Ihr Browser unterst\u00fctzt diese Audio-Ausgabe leider nicht.<br \/>\n                                            <\/ audio ><\/p>\n","protected":false},"excerpt":{"rendered":"<p>Groundies\u00ae Barfu\u00dfsneaker Balance<\/p>\n<p>Obermaterial: Bambus-Viskose-Faser und recyceltem Polyamid<br \/>\nInnenfutter: atmungsaktiver Mikrofaser<br \/>\nSohle: TrueSense\u00ae GP1 Sohle<br \/>\nInnensohle: keine herausnehmbare Sohle<br \/>\nAbsatz: Nullabsatz und neutrales Fu\u00dfbett<br \/>\nZehenbox: Anatomisch, weitere Passform im Zehenbereich<br \/>\nFlexibel, rutsch- und abriebfest<br \/>\nVegan<\/p>\n","protected":false},"featured_media":501792,"comment_status":"open","ping_status":"closed","template":"","meta":[],"product_brand":[],"product_cat":[3121],"product_tag":[1375,1376,1377,1378,1379,1380,1381,1449,2953,1450],"class_list":{"0":"post-470641","1":"product","2":"type-product","3":"status-publish","4":"has-post-thumbnail","6":"product_cat-sale","7":"product_tag-groesse-40","8":"product_tag-groesse-41","9":"product_tag-groesse-42","10":"product_tag-groesse-43","11":"product_tag-groesse-44","12":"product_tag-groesse-45","13":"product_tag-groesse-46","14":"product_tag-groesse-47","15":"product_tag-marke-groundies","16":"product_tag-sale","18":"first","19":"instock","20":"taxable","21":"shipping-taxable","22":"purchasable","23":"product-type-variable"},"_links":{"self":[{"href":"https:\/\/schuhewiebarfuss.at\/shop\/wp-json\/wp\/v2\/product\/470641","targetHints":{"allow":["GET"]}}],"collection":[{"href":"https:\/\/schuhewiebarfuss.at\/shop\/wp-json\/wp\/v2\/product"}],"about":[{"href":"https:\/\/schuhewiebarfuss.at\/shop\/wp-json\/wp\/v2\/types\/product"}],"replies":[{"embeddable":true,"href":"https:\/\/schuhewiebarfuss.at\/shop\/wp-json\/wp\/v2\/comments?post=470641"}],"wp:featuredmedia":[{"embeddable":true,"href":"https:\/\/schuhewiebarfuss.at\/shop\/wp-json\/wp\/v2\/media\/501792"}],"wp:attachment":[{"href":"https:\/\/schuhewiebarfuss.at\/shop\/wp-json\/wp\/v2\/media?parent=470641"}],"wp:term":[{"taxonomy":"product_brand","embeddable":true,"href":"https:\/\/schuhewiebarfuss.at\/shop\/wp-json\/wp\/v2\/product_brand?post=470641"},{"taxonomy":"product_cat","embeddable":true,"href":"https:\/\/schuhewiebarfuss.at\/shop\/wp-json\/wp\/v2\/product_cat?post=470641"},{"taxonomy":"product_tag","embeddable":true,"href":"https:\/\/schuhewiebarfuss.at\/shop\/wp-json\/wp\/v2\/product_tag?post=470641"}],"curies":[{"name":"wp","href":"https:\/\/api.w.org\/{rel}","templated":true}]}}