{"id":470601,"date":"2024-04-03T23:58:48","date_gmt":"2024-04-03T21:58:48","guid":{"rendered":"https:\/\/schuhewiebarfuss.at\/shop\/produkt\/ra-ii-herren\/"},"modified":"2026-03-01T18:55:35","modified_gmt":"2026-03-01T17:55:35","slug":"ra-ii-herren","status":"publish","type":"product","link":"https:\/\/schuhewiebarfuss.at\/shop\/produkt\/ra-ii-herren\/","title":{"rendered":"RA II Herren"},"content":{"rendered":"<p>Der Ra II ist ein schicker Barfu\u00dfschuh aus unserer Herren Casual Kollektion. Er kommt auch in dieser Saison wieder aus hochwertigem Wild Hide Leder des britisches Traditionsunternehmens Pittards! Das Leder wird lokal bezogen und stammt von Rindern aus Afrika, die frei auf der Steppe gelebt haben. Das elegante Herrenmodell Ra II von VIVOBAREFOOT ist bereits seit vielen Jahren der bew\u00e4hrte Bestseller unter den Casual-Modellen. F\u00fcr alle stilbewussten Herren, die auch zum eleganten Anzug oder zu einem schickeren Anlass nicht auf das herrliche Barfu\u00dfgef\u00fchl von VIVOBAREFOOT verzichten wollen, ist der Ra II die beste Empfehlung. Ob im B\u00fcro oder als Alltagsschuh, dieser edle Schn\u00fcrschuh passt bei jeder Gelegenheit und zu jedem Anlass. Die patentierte 3mm d\u00fcnne Casual-Au\u00dfensohle mit kleinen Profilnoppen sorgt f\u00fcr maximales sensorisches Feedback bei gleichzeitigem Schutz. F\u00fcr noch mehr Komfort hat der Ra II ein weiches Fersenpolster. Das Modell kommt mit der Kork-Einlegesohle, die f\u00fcr ein verbessertes Fu\u00dfklima sorgt. F\u00fchl\u2018 dich barfu\u00df &#8211; den ganzen Tag und jeden Tag.<\/p>\n<p>WICHTIGER HINWEIS ZUM LEDER!!!<br \/>\nDas hochwertige Leder des britischen Traditionsunternehmens Pittards hat eine besondere Struktur und stammt aus Afrika. Das Leder wird mit pflanzlichen Mitteln gegerbt und m\u00f6glichst in seiner nat\u00fcrlichen Form und Textur erhalten. Au\u00dferdem zeichnet es sich durch seine robuste Struktur aus. Da es sich hierbei um nat\u00fcrliches Leder von wilden Tieren handelt, ist jedes Paar ein Unikat. Somit kann es sein, das einzelne Schuhe Narben, Kratzer oder kleine Flecken aufweisen.<\/p>\n<p><b>Audio-Beschreibung<\/b><br \/><audio controls src=\"https:\/\/schuhewiebarfuss.at\/shop\/wp-content\/uploads\/lk\/6222_audio.wav\"><br \/>\n                                            Ihr Browser unterst\u00fctzt diese Audio-Ausgabe leider nicht.<br \/>\n                                            <\/ audio ><\/p>\n","protected":false},"excerpt":{"rendered":"<p>\u2022Obermaterial: 100% Pittards Wild Hide Leder<br \/>\n\u2022kleines Fersenpolster f\u00fcr extra Komfort<br \/>\n\u2022patentierte, 3mm d\u00fcnne Casual-Au\u00dfensohle mit kleinen Profilnoppen<br \/>\n\u2022Pro5: durchstichfeste Sohlentechnologie<br \/>\n\u2022herausnehmbare, 3mm d\u00fcnne Einlegesohle mit Korkbeschichtung<br \/>\n\u2022Gewicht pro Schuh: 250g (Gr.42)<\/p>\n","protected":false},"featured_media":470600,"comment_status":"open","ping_status":"closed","template":"","meta":[],"product_brand":[],"product_cat":[3121],"product_tag":[1479,1544,1426,2232,1408,1375,1376,1377,1378,1379,1380,1381,1449,1452,1710,2451,1450],"class_list":{"0":"post-470601","1":"product","2":"type-product","3":"status-publish","4":"has-post-thumbnail","6":"product_cat-sale","7":"product_tag-farbe-blau","8":"product_tag-farbe-braun","9":"product_tag-farbe-dunkelblau","10":"product_tag-farbe-dunkelbraun","11":"product_tag-farbe-schwarz","12":"product_tag-groesse-40","13":"product_tag-groesse-41","14":"product_tag-groesse-42","15":"product_tag-groesse-43","16":"product_tag-groesse-44","17":"product_tag-groesse-45","18":"product_tag-groesse-46","19":"product_tag-groesse-47","20":"product_tag-groesse-48","21":"product_tag-groesse-49","22":"product_tag-marke-vivobarefoot","23":"product_tag-sale","25":"first","26":"instock","27":"taxable","28":"shipping-taxable","29":"purchasable","30":"product-type-variable"},"_links":{"self":[{"href":"https:\/\/schuhewiebarfuss.at\/shop\/wp-json\/wp\/v2\/product\/470601","targetHints":{"allow":["GET"]}}],"collection":[{"href":"https:\/\/schuhewiebarfuss.at\/shop\/wp-json\/wp\/v2\/product"}],"about":[{"href":"https:\/\/schuhewiebarfuss.at\/shop\/wp-json\/wp\/v2\/types\/product"}],"replies":[{"embeddable":true,"href":"https:\/\/schuhewiebarfuss.at\/shop\/wp-json\/wp\/v2\/comments?post=470601"}],"wp:featuredmedia":[{"embeddable":true,"href":"https:\/\/schuhewiebarfuss.at\/shop\/wp-json\/wp\/v2\/media\/470600"}],"wp:attachment":[{"href":"https:\/\/schuhewiebarfuss.at\/shop\/wp-json\/wp\/v2\/media?parent=470601"}],"wp:term":[{"taxonomy":"product_brand","embeddable":true,"href":"https:\/\/schuhewiebarfuss.at\/shop\/wp-json\/wp\/v2\/product_brand?post=470601"},{"taxonomy":"product_cat","embeddable":true,"href":"https:\/\/schuhewiebarfuss.at\/shop\/wp-json\/wp\/v2\/product_cat?post=470601"},{"taxonomy":"product_tag","embeddable":true,"href":"https:\/\/schuhewiebarfuss.at\/shop\/wp-json\/wp\/v2\/product_tag?post=470601"}],"curies":[{"name":"wp","href":"https:\/\/api.w.org\/{rel}","templated":true}]}}