{"id":470554,"date":"2024-04-03T23:48:18","date_gmt":"2024-04-03T21:48:18","guid":{"rendered":"https:\/\/schuhewiebarfuss.at\/shop\/produkt\/ivone\/"},"modified":"2026-03-01T17:48:21","modified_gmt":"2026-03-01T16:48:21","slug":"ivone","status":"publish","type":"product","link":"https:\/\/schuhewiebarfuss.at\/shop\/produkt\/ivone\/","title":{"rendered":"Ivone"},"content":{"rendered":"<p>KOEL hat mit den Barfu\u00df Sneakers Ivone in schwarz einen Schuh entwickelt, welcher eine hohe Qualit\u00e4t &amp; perfekte Trageeigenschaften verbindet. Diese Sneakers aus der KOEL Barefoot Kollektion geh\u00f6ren der Koel Zero Heel-Kategorie an. Diese sorgt f\u00fcr Bewegungsfreiheit f\u00fcr die F\u00fc\u00dfe und l\u00e4sst Frau den Boden unter den Schuhen sp\u00fcren. Das Fu\u00dfbett ist von der Ferse bis zu den Zehenspitzen flach. F\u00fcr hohe Haltbarkeit hat Koel hier bestes Ziegen-Veloursleder verwendet.<\/p>\n<p>Obermaterial: hydrophobiertes Leder<br \/>\nInnenmaterial: Lammwolle<br \/>\nSohle: Memory Latex Gummisohle, rutschfest und ultra flexibel<br \/>\nVerschluss: Schn\u00fcrverschluss<br \/>\nAbsatzart: Flach<br \/>\nSchuhspitze: Rund<br \/>\nBarfu\u00df-Technologie: keine H\u00f6hendifferenz zwischen Ferse und Vorderfu\u00df<br \/>\nFrei von sch\u00e4dlichen Materialien (gepr\u00fcft!)<br \/>\nMade in Portugal<\/p>\n<p><b>Audio-Beschreibung<\/b><br \/><audio controls src=\"https:\/\/schuhewiebarfuss.at\/shop\/wp-content\/uploads\/lk\/6133_audio.wav\"><br \/>\n                                            Ihr Browser unterst\u00fctzt diese Audio-Ausgabe leider nicht.<br \/>\n                                            <\/ audio ><\/p>\n","protected":false},"excerpt":{"rendered":"<p>Gem\u00fctliche und umweltfreundliche Sneakers von KOEL.<\/p>\n<p>Obermaterial: hydrophobiertes Leder<br \/>\nInnenmaterial: Lammwolle<br \/>\nSohle: Memory Latex Gummisohle<br \/>\nVerschluss: Schn\u00fcrverschluss<br \/>\nFrei von sch\u00e4dlichen Materialien (gepr\u00fcft!)<\/p>\n","protected":false},"featured_media":470553,"comment_status":"open","ping_status":"closed","template":"","meta":[],"product_brand":[],"product_cat":[3121],"product_tag":[1544,1408,1362,1368,1373,1374,1375,1376,1377,1378,2778,1450],"class_list":{"0":"post-470554","1":"product","2":"type-product","3":"status-publish","4":"has-post-thumbnail","6":"product_cat-sale","7":"product_tag-farbe-braun","8":"product_tag-farbe-schwarz","9":"product_tag-groesse-36","10":"product_tag-groesse-37","11":"product_tag-groesse-38","12":"product_tag-groesse-39","13":"product_tag-groesse-40","14":"product_tag-groesse-41","15":"product_tag-groesse-42","16":"product_tag-groesse-43","17":"product_tag-marke-koel-shoes-international","18":"product_tag-sale","20":"first","21":"instock","22":"sale","23":"taxable","24":"shipping-taxable","25":"purchasable","26":"product-type-variable"},"_links":{"self":[{"href":"https:\/\/schuhewiebarfuss.at\/shop\/wp-json\/wp\/v2\/product\/470554","targetHints":{"allow":["GET"]}}],"collection":[{"href":"https:\/\/schuhewiebarfuss.at\/shop\/wp-json\/wp\/v2\/product"}],"about":[{"href":"https:\/\/schuhewiebarfuss.at\/shop\/wp-json\/wp\/v2\/types\/product"}],"replies":[{"embeddable":true,"href":"https:\/\/schuhewiebarfuss.at\/shop\/wp-json\/wp\/v2\/comments?post=470554"}],"wp:featuredmedia":[{"embeddable":true,"href":"https:\/\/schuhewiebarfuss.at\/shop\/wp-json\/wp\/v2\/media\/470553"}],"wp:attachment":[{"href":"https:\/\/schuhewiebarfuss.at\/shop\/wp-json\/wp\/v2\/media?parent=470554"}],"wp:term":[{"taxonomy":"product_brand","embeddable":true,"href":"https:\/\/schuhewiebarfuss.at\/shop\/wp-json\/wp\/v2\/product_brand?post=470554"},{"taxonomy":"product_cat","embeddable":true,"href":"https:\/\/schuhewiebarfuss.at\/shop\/wp-json\/wp\/v2\/product_cat?post=470554"},{"taxonomy":"product_tag","embeddable":true,"href":"https:\/\/schuhewiebarfuss.at\/shop\/wp-json\/wp\/v2\/product_tag?post=470554"}],"curies":[{"name":"wp","href":"https:\/\/api.w.org\/{rel}","templated":true}]}}