{"id":470550,"date":"2024-04-03T23:43:58","date_gmt":"2024-04-03T21:43:58","guid":{"rendered":"https:\/\/schuhewiebarfuss.at\/shop\/produkt\/discoverstyle\/"},"modified":"2026-03-01T11:52:47","modified_gmt":"2026-03-01T10:52:47","slug":"discoverstyle","status":"publish","type":"product","link":"https:\/\/schuhewiebarfuss.at\/shop\/produkt\/discoverstyle\/","title":{"rendered":"discoverStyle"},"content":{"rendered":"<p>In deinem Schuhschrank fehlt noch der perfekte Stiefel f\u00fcr die kalte Jahreszeit? Dann ist unser discoverSTYLE genau das Richtige! Die flexible und leichte Barfu\u00dfsohle ist mit einem besonderen Profil ausgestattet, sodass ihr euch auch auf nassen und rutschigen Untergr\u00fcnden keine Gedanken machen m\u00fcsst. Das Futter aus Schafwolle h\u00e4lt die F\u00fc\u00dfe durchgehend warm und rein pflanzlich gegerbtes Nappa- und Veloursleder sorgen f\u00fcr einen robusten Schuh. Neben all der Funktionalit\u00e4t gl\u00e4nzt der discoverSTYLE au\u00dferdem mit einem klassischen Design und gedeckten Naturt\u00f6nen. <\/p>\n<p>Materialdetails:<\/p>\n<p>Obermaterial: Bio-Nappaleder<br \/>\nInnenfutter: Wolle (mulesing free)<br \/>\nSohle: TR<br \/>\nInnensohle: Wolle (mulesing free), herausnhembar<br \/>\nAbsatz: Nullabsatz, keine H\u00f6hendifferenz zwischen Ferse und Vorderfu\u00df<br \/>\nVerschluss: Schn\u00fcrer\/Rei\u00dfverschluss<br \/>\nBesonderheiten: atmungsaktiv<\/p>\n<p>Material &amp; Pflegehinweis<br \/>\nBioleder kann gewissen Merkmale wie Insektenstiche, Kratzer oder leichte Farbunterschiede aufweisen, welche aber zum einmaligen und nat\u00fcrlichen Charakter geh\u00f6ren. Jeder einzelne Schuh ist ein handgefertigtes Unikat, welcher die Handschrift des\/der Mitarbeiter*in tr\u00e4gt. Socken k\u00f6nnen sich bei starkem Schwitzen verf\u00e4rben. Um eine lange Haltbarkeit unseres Bioleders zu gew\u00e4hrleisten, ist ein guter Schutz vor N\u00e4sse und Feuchtigkeit essentiell.<\/p>\n<p>Bitte wasche deinen Schuh nicht in der Waschmaschine und s\u00e4ubere ihn nur mit einem geeigneten Reinigungsmittel. Wir empfehlen die Innensohle regelm\u00e4\u00dfig zum L\u00fcften aus dem Schuh zu nehmen und Staun\u00e4sse somit zu vermeiden. F\u00fcr optimale Produkteigenschaften sollten unsere Schuhe vor dem Einsatz impr\u00e4gniert werden, dies ist vor allem bei Schuhen mit Textilanteil wichtig. Mehr Pflegetipps findest du in unserem Nachhaltigkeitsbereich! <\/p>\n<p><b>Audio-Beschreibung<\/b><br \/><audio controls src=\"https:\/\/schuhewiebarfuss.at\/shop\/wp-content\/uploads\/lk\/9376_audio.wav\"><br \/>\n                                            Ihr Browser unterst\u00fctzt diese Audio-Ausgabe leider nicht.<br \/>\n                                            <\/ audio ><\/p>\n","protected":false},"excerpt":{"rendered":"<p>bLifestyle DISCOVERSTYLE<\/p>\n<p>Entdecke den Herbst mit unseren Winterstiefeln!<br \/>\nKuschelwarme Wolle, rutschfeste Sohle und edles Leder \u2013 dein perfekter Begleiter f\u00fcr kalte Tage.<\/p>\n<p>Obermaterial: Bio-Nappaleder<br \/>\nInnenfutter: Wolle<br \/>\nSohle: TR<br \/>\nInnensohle: Wolle<br \/>\nAbsatz: Nullabsatz<br \/>\nVerschluss: Schn\u00fcrer\/Rei\u00dfverschluss<br \/>\nBesonderheiten: atmungsaktiv<\/p>\n","protected":false},"featured_media":682111,"comment_status":"open","ping_status":"closed","template":"","meta":[],"product_brand":[],"product_cat":[3121],"product_tag":[2884,2639,1408,1362,1368,1373,1374,1375,1376,1377,2447,1450],"class_list":{"0":"post-470550","1":"product","2":"type-product","3":"status-publish","4":"has-post-thumbnail","6":"product_cat-sale","7":"product_tag-farbe-haselnuss","8":"product_tag-farbe-olive","9":"product_tag-farbe-schwarz","10":"product_tag-groesse-36","11":"product_tag-groesse-37","12":"product_tag-groesse-38","13":"product_tag-groesse-39","14":"product_tag-groesse-40","15":"product_tag-groesse-41","16":"product_tag-groesse-42","17":"product_tag-marke-blifestyle","18":"product_tag-sale","20":"first","21":"instock","22":"taxable","23":"shipping-taxable","24":"purchasable","25":"product-type-variable"},"_links":{"self":[{"href":"https:\/\/schuhewiebarfuss.at\/shop\/wp-json\/wp\/v2\/product\/470550","targetHints":{"allow":["GET"]}}],"collection":[{"href":"https:\/\/schuhewiebarfuss.at\/shop\/wp-json\/wp\/v2\/product"}],"about":[{"href":"https:\/\/schuhewiebarfuss.at\/shop\/wp-json\/wp\/v2\/types\/product"}],"replies":[{"embeddable":true,"href":"https:\/\/schuhewiebarfuss.at\/shop\/wp-json\/wp\/v2\/comments?post=470550"}],"wp:featuredmedia":[{"embeddable":true,"href":"https:\/\/schuhewiebarfuss.at\/shop\/wp-json\/wp\/v2\/media\/682111"}],"wp:attachment":[{"href":"https:\/\/schuhewiebarfuss.at\/shop\/wp-json\/wp\/v2\/media?parent=470550"}],"wp:term":[{"taxonomy":"product_brand","embeddable":true,"href":"https:\/\/schuhewiebarfuss.at\/shop\/wp-json\/wp\/v2\/product_brand?post=470550"},{"taxonomy":"product_cat","embeddable":true,"href":"https:\/\/schuhewiebarfuss.at\/shop\/wp-json\/wp\/v2\/product_cat?post=470550"},{"taxonomy":"product_tag","embeddable":true,"href":"https:\/\/schuhewiebarfuss.at\/shop\/wp-json\/wp\/v2\/product_tag?post=470550"}],"curies":[{"name":"wp","href":"https:\/\/api.w.org\/{rel}","templated":true}]}}