{"id":470464,"date":"2024-04-03T23:11:57","date_gmt":"2024-04-03T21:11:57","guid":{"rendered":"https:\/\/schuhewiebarfuss.at\/shop\/produkt\/primus-swimrun-fg-damen\/"},"modified":"2026-03-01T18:51:23","modified_gmt":"2026-03-01T17:51:23","slug":"primus-swimrun-fg-damen","status":"publish","type":"product","link":"https:\/\/schuhewiebarfuss.at\/shop\/produkt\/primus-swimrun-fg-damen\/","title":{"rendered":"Primus Swimrun FG Damen"},"content":{"rendered":"<p>Offizieller Swimrun-Schuh in Kollaboration mit \u00d6TILL\u00d6 Swimrun World Series: Der Primus Trail Swimrun wurde f\u00fcrs Trailrunning und speziell f\u00fcr die Sportart Swimrun geschaffen. Swimrun ist eine Kombination aus Langstreckenlauf und Schwimmen im Zweierteam. Der Primus Trail Swimrun eignet sich auch ideal f\u00fcr jede andere Wassersportart sowie f\u00fcr dein Lauf- oder Fitnesstraining im Studio und in der Natur. Der Oberschuh sitzt mit sockenartiger Passform wie eine zweite Haut. Die Firm Ground Sohle besteht aus Hartgummi-Obermaterial und hat 3mm-dicke multidirektionale Profilnoppen. Das macht sie extrem rutschfest. So hast du auch auf nassen Steinen sicheren Halt. Das luftige und schnelltrocknende Airmesh-Obermaterial wurde \u00fcberarbeitet, so dass das Wasser noch schneller aus dem Schuh entweichen kann. Am gro\u00dfen Zeh sorgt eine laminierte Verst\u00e4rkung f\u00fcr verbesserten Sto\u00dfschutz. Das neue Swimrun-Modell hat den bew\u00e4hrten Schnellzug-Verschluss f\u00fcr einen festen und sicheren Halt. Der Primus Trail Swimrun wurde mit professionellen Athleten entwickelt und h\u00e4lt h\u00f6chsten Anforderungen stand.<\/p>\n<p><b>Audio-Beschreibung<\/b><br \/><audio controls src=\"https:\/\/schuhewiebarfuss.at\/shop\/wp-content\/uploads\/lk\/6191_audio.wav\"><br \/>\n                                            Ihr Browser unterst\u00fctzt diese Audio-Ausgabe leider nicht.<br \/>\n                                            <\/ audio ><\/p>\n","protected":false},"excerpt":{"rendered":"<p>\u2022Offizieller Schuh der \u00d6TILL\u00d6 Swimrun World Series<br \/>\n\u2022Obermaterial: atmungsaktives 3M Mesh mit Laminierung<br \/>\n\u2022Patentierte, 3mm d\u00fcnne Firm Ground-Au\u00dfensohle mit 3mm Profil<br \/>\n\u2022Besonders rutschfeste Sohle aus Hartgummi<br \/>\n\u2022Pro 5: durchstichfeste Sohlentechnologie<br \/>\n\u2022100% vegan<\/p>\n","protected":false},"featured_media":470463,"comment_status":"open","ping_status":"closed","template":"","meta":[],"product_brand":[],"product_cat":[3121],"product_tag":[1479,1480,1408,1362,1368,1373,1374,1375,1376,1377,2451,1450],"class_list":{"0":"post-470464","1":"product","2":"type-product","3":"status-publish","4":"has-post-thumbnail","6":"product_cat-sale","7":"product_tag-farbe-blau","8":"product_tag-farbe-orange","9":"product_tag-farbe-schwarz","10":"product_tag-groesse-36","11":"product_tag-groesse-37","12":"product_tag-groesse-38","13":"product_tag-groesse-39","14":"product_tag-groesse-40","15":"product_tag-groesse-41","16":"product_tag-groesse-42","17":"product_tag-marke-vivobarefoot","18":"product_tag-sale","20":"first","21":"instock","22":"taxable","23":"shipping-taxable","24":"purchasable","25":"product-type-variable"},"_links":{"self":[{"href":"https:\/\/schuhewiebarfuss.at\/shop\/wp-json\/wp\/v2\/product\/470464","targetHints":{"allow":["GET"]}}],"collection":[{"href":"https:\/\/schuhewiebarfuss.at\/shop\/wp-json\/wp\/v2\/product"}],"about":[{"href":"https:\/\/schuhewiebarfuss.at\/shop\/wp-json\/wp\/v2\/types\/product"}],"replies":[{"embeddable":true,"href":"https:\/\/schuhewiebarfuss.at\/shop\/wp-json\/wp\/v2\/comments?post=470464"}],"wp:featuredmedia":[{"embeddable":true,"href":"https:\/\/schuhewiebarfuss.at\/shop\/wp-json\/wp\/v2\/media\/470463"}],"wp:attachment":[{"href":"https:\/\/schuhewiebarfuss.at\/shop\/wp-json\/wp\/v2\/media?parent=470464"}],"wp:term":[{"taxonomy":"product_brand","embeddable":true,"href":"https:\/\/schuhewiebarfuss.at\/shop\/wp-json\/wp\/v2\/product_brand?post=470464"},{"taxonomy":"product_cat","embeddable":true,"href":"https:\/\/schuhewiebarfuss.at\/shop\/wp-json\/wp\/v2\/product_cat?post=470464"},{"taxonomy":"product_tag","embeddable":true,"href":"https:\/\/schuhewiebarfuss.at\/shop\/wp-json\/wp\/v2\/product_tag?post=470464"}],"curies":[{"name":"wp","href":"https:\/\/api.w.org\/{rel}","templated":true}]}}