{"id":470379,"date":"2024-04-03T20:48:47","date_gmt":"2024-04-03T18:48:47","guid":{"rendered":"https:\/\/schuhewiebarfuss.at\/shop\/produkt\/porto-damen-leder-schwarz\/"},"modified":"2026-02-28T18:49:52","modified_gmt":"2026-02-28T17:49:52","slug":"porto-damen-leder-schwarz","status":"publish","type":"product","link":"https:\/\/schuhewiebarfuss.at\/shop\/produkt\/porto-damen-leder-schwarz\/","title":{"rendered":"Porto Damen Leder Schwarz"},"content":{"rendered":"<p>Porto sind luxuri\u00f6se Schuhe aus der hochwertigen Hand Cut-Linie von VIVOBAREFOOT. Diese handgeschnittenen und handgen\u00e4hten Barfu\u00dfschuhe f\u00fcr Beruf und Freizeit lassen Sie das Gef\u00fchl des Barfu\u00dflaufens jeden Tag aufs Neue erleben. Entworfen in England von VIVOBAREFOOT Chefdesigner Asher Clarke. Handgefertigt in Portugal aus hochwertigem Leder. Mit einem Schwerpunkt auf der Erhaltung aller Vorteile des Barfu\u00dfgehens.<\/p>\n<p><b>Audio-Beschreibung<\/b><br \/><audio controls src=\"https:\/\/schuhewiebarfuss.at\/shop\/wp-content\/uploads\/lk\/5711_audio.wav\"><br \/>\n                                            Ihr Browser unterst\u00fctzt diese Audio-Ausgabe leider nicht.<br \/>\n                                            <\/ audio ><\/p>\n","protected":false},"excerpt":{"rendered":"<p>Obermaterial: Dickes Premium-Leder.<br \/>\nBindung: Runde Schn\u00fcrsenkel aus gewachster Baumwolle.<br \/>\nInnenausstattung: Leder f\u00fcr ein perfektes Barfu\u00dfgef\u00fchl.<br \/>\nInnensohle: Leder.<br \/>\nSohle: 4 mm dicke Ledersohle + Gummischicht.<br \/>\nHandgemacht<\/p>\n","protected":false},"featured_media":470378,"comment_status":"open","ping_status":"closed","template":"","meta":[],"product_brand":[],"product_cat":[3121],"product_tag":[1362,2451,1450],"class_list":{"0":"post-470379","1":"product","2":"type-product","3":"status-publish","4":"has-post-thumbnail","6":"product_cat-sale","7":"product_tag-groesse-36","8":"product_tag-marke-vivobarefoot","9":"product_tag-sale","11":"first","12":"instock","13":"sale","14":"taxable","15":"shipping-taxable","16":"purchasable","17":"product-type-variable"},"_links":{"self":[{"href":"https:\/\/schuhewiebarfuss.at\/shop\/wp-json\/wp\/v2\/product\/470379","targetHints":{"allow":["GET"]}}],"collection":[{"href":"https:\/\/schuhewiebarfuss.at\/shop\/wp-json\/wp\/v2\/product"}],"about":[{"href":"https:\/\/schuhewiebarfuss.at\/shop\/wp-json\/wp\/v2\/types\/product"}],"replies":[{"embeddable":true,"href":"https:\/\/schuhewiebarfuss.at\/shop\/wp-json\/wp\/v2\/comments?post=470379"}],"wp:featuredmedia":[{"embeddable":true,"href":"https:\/\/schuhewiebarfuss.at\/shop\/wp-json\/wp\/v2\/media\/470378"}],"wp:attachment":[{"href":"https:\/\/schuhewiebarfuss.at\/shop\/wp-json\/wp\/v2\/media?parent=470379"}],"wp:term":[{"taxonomy":"product_brand","embeddable":true,"href":"https:\/\/schuhewiebarfuss.at\/shop\/wp-json\/wp\/v2\/product_brand?post=470379"},{"taxonomy":"product_cat","embeddable":true,"href":"https:\/\/schuhewiebarfuss.at\/shop\/wp-json\/wp\/v2\/product_cat?post=470379"},{"taxonomy":"product_tag","embeddable":true,"href":"https:\/\/schuhewiebarfuss.at\/shop\/wp-json\/wp\/v2\/product_tag?post=470379"}],"curies":[{"name":"wp","href":"https:\/\/api.w.org\/{rel}","templated":true}]}}