{"id":470262,"date":"2024-04-03T17:44:43","date_gmt":"2024-04-03T15:44:43","guid":{"rendered":"https:\/\/schuhewiebarfuss.at\/shop\/produkt\/v-train-2-0-damen-schwarz\/"},"modified":"2026-04-15T18:49:08","modified_gmt":"2026-04-15T16:49:08","slug":"v-train-2-0-damen-schwarz","status":"publish","type":"product","link":"https:\/\/schuhewiebarfuss.at\/shop\/produkt\/v-train-2-0-damen-schwarz\/","title":{"rendered":"V-Train 2.0 Damen Schwarz"},"content":{"rendered":"<p>Der neue V-Train 2.0 ist der ideale Trainings Schuh f\u00fcr funktionelle Fittness, Gleichgewicht und Krafttraining sowie Powerlifting. Geeignet f\u00fcr den Einsatz im Indoor und Outdoor Bereich. Der V-Train 2.0 ist die Weiterentwicklung des V-Train. Das neue flexible Obermaterial bietet einen angenehmen Tragekomfort, durch den Schnellverschlu\u00df passt sich der Schuh perfekt an den Fu\u00df an Das runde Rippenmuster der Sohle bietet beste Griffigkeit bei seitlichen Bewegungen. Die speziellen Seil-Traktions-Lagen auf der Sohle erleichtern das Seilklettern. Die Vibram \u00ae XS Trek Sohle ist durch Ihre Besonderheit abriebfest und bietet insbesonders Flexibilit\u00e4t und Griffigkeit auf nassem Untergrund. <\/p>\n<p>Geeignet f\u00fcr Laufen, Trail Running, Fitness und Training<\/p>\n<p>Marke: Vibram Fivefingers<br \/>\nEigenschaften: Leichte und luftige Schuhe f\u00fcr Training, Fitness und allt\u00e4gliche Aktivit\u00e4ten von geringer Intensit\u00e4t<br \/>\nFu\u00dftyp: Neutral, Pronation, Supination<br \/>\nSohlendicke: 1.5 cm<br \/>\nGesamth\u00f6he des Schuhs: 8.5 cm<br \/>\nSchuhgewicht: (kleinste Gr\u00f6\u00dfe) 138 g<br \/>\nEinlage: Stoff<br \/>\nInnen: Stoff<br \/>\nSchuhschaft: Stoff\/-Stoff, Material\/-hochwertiges Material<br \/>\nAusf\u00fctterung: Hart<br \/>\nSohle: Hochwertiges Material<br \/>\nEnth\u00e4lt nicht textile Teile tierischen Ursprungs: Nein<br \/>\nVerschlussart: Schnellverschluss, Klettverschluss<br \/>\nSchuhspitze: Rund<br \/>\nAbsatz: Flach<br \/>\nVerschlussart: Schnellverschluss aus elastischen Schn\u00fcrsenkel, Klettverschluss<br \/>\nSchuhspitze Rund<br \/>\nAbsatz Flach<\/p>\n<p>Verwendete Technologien<\/p>\n<p>    TPU<br \/>\n    EVA<br \/>\n    Vibram\u00ae XS TREK<br \/>\n    Rope traction <\/p>\n<p><b>Audio-Beschreibung<\/b><br \/><audio controls src=\"https:\/\/schuhewiebarfuss.at\/shop\/wp-content\/uploads\/lk\/6024_audio.wav\"><br \/>\n                                            Ihr Browser unterst\u00fctzt diese Audio-Ausgabe leider nicht.<br \/>\n                                            <\/ audio ><\/p>\n","protected":false},"excerpt":{"rendered":"<p>Schnellschn\u00fcrsystem, Technologie: bioDEWIX DRY f\u00fcr ein trockenes, k\u00fchles Tragegef\u00fchl; Rope Traction (Vibram) im Fu\u00dfgew\u00f6lbe<\/p>\n<p>Absatzform: Flach<br \/>\nVerschluss: Schnellverschluss, Klettverschluss<br \/>\nFunktion: Atmungsaktiv, schnelltrocknend<br \/>\nExtras: Zuglasche an der Ferse, verst\u00e4rkte Fu\u00dfspitze<br \/>\nAu\u00dfensohle: Abriebfest, antirutsch, flexibel<\/p>\n<p>Geeignet f\u00fcr Laufen, Trail Running, Fitness und Training<\/p>\n","protected":false},"featured_media":498517,"comment_status":"open","ping_status":"closed","template":"","meta":[],"product_brand":[],"product_cat":[832],"product_tag":[1362,1368,1373,1374,1375,1376,1377,2865],"class_list":{"0":"post-470262","1":"product","2":"type-product","3":"status-publish","4":"has-post-thumbnail","6":"product_cat-sport-1","7":"product_tag-groesse-36","8":"product_tag-groesse-37","9":"product_tag-groesse-38","10":"product_tag-groesse-39","11":"product_tag-groesse-40","12":"product_tag-groesse-41","13":"product_tag-groesse-42","14":"product_tag-marke-vibram","16":"first","17":"instock","18":"taxable","19":"shipping-taxable","20":"purchasable","21":"product-type-variable"},"_links":{"self":[{"href":"https:\/\/schuhewiebarfuss.at\/shop\/wp-json\/wp\/v2\/product\/470262","targetHints":{"allow":["GET"]}}],"collection":[{"href":"https:\/\/schuhewiebarfuss.at\/shop\/wp-json\/wp\/v2\/product"}],"about":[{"href":"https:\/\/schuhewiebarfuss.at\/shop\/wp-json\/wp\/v2\/types\/product"}],"replies":[{"embeddable":true,"href":"https:\/\/schuhewiebarfuss.at\/shop\/wp-json\/wp\/v2\/comments?post=470262"}],"wp:featuredmedia":[{"embeddable":true,"href":"https:\/\/schuhewiebarfuss.at\/shop\/wp-json\/wp\/v2\/media\/498517"}],"wp:attachment":[{"href":"https:\/\/schuhewiebarfuss.at\/shop\/wp-json\/wp\/v2\/media?parent=470262"}],"wp:term":[{"taxonomy":"product_brand","embeddable":true,"href":"https:\/\/schuhewiebarfuss.at\/shop\/wp-json\/wp\/v2\/product_brand?post=470262"},{"taxonomy":"product_cat","embeddable":true,"href":"https:\/\/schuhewiebarfuss.at\/shop\/wp-json\/wp\/v2\/product_cat?post=470262"},{"taxonomy":"product_tag","embeddable":true,"href":"https:\/\/schuhewiebarfuss.at\/shop\/wp-json\/wp\/v2\/product_tag?post=470262"}],"curies":[{"name":"wp","href":"https:\/\/api.w.org\/{rel}","templated":true}]}}