{"id":470215,"date":"2024-04-03T17:20:18","date_gmt":"2024-04-03T15:20:18","guid":{"rendered":"https:\/\/schuhewiebarfuss.at\/shop\/produkt\/primus-lite-damen\/"},"modified":"2026-03-01T18:50:06","modified_gmt":"2026-03-01T17:50:06","slug":"primus-lite-damen","status":"publish","type":"product","link":"https:\/\/schuhewiebarfuss.at\/shop\/produkt\/primus-lite-damen\/","title":{"rendered":"Primus Lite Damen"},"content":{"rendered":"<p>Das Highlight der Saison: Primus Lite! Dieses geniale und ultraleichte Laufmodell darf nicht fehlen. Primus Lite bietet dir mehr Barfu\u00dfgef\u00fchl f\u00fcr den Sport als je zuvor! Der Allrounder wurde f\u00fcr festen Untergrund entwickelt und bringt die besten Voraussetzungen f\u00fcr dein Training mit. Das Obermaterial ist ein neuartiges Mesh, das jetzt noch weicher und flexibler ist, so dass deine F\u00fc\u00dfe jede Bewegung mitmachen k\u00f6nnen. Eine Laminierung am gro\u00dfen Zeh sorgt f\u00fcr zus\u00e4tzlichen Sto\u00dfschutz. Primus Lite ist mit unserer bew\u00e4hrten, 3mm d\u00fcnnen patentierten Onroad-Barfu\u00dfsohle ausgestattet. Der Primus Lite ist das leichteste und flexibelste Laufschuhmodell, das es bislang von VIVOBAREFOOT gegeben hat. Mit dem Primus Lite wird deine t\u00e4gliche Laufrunde zu einem echten Barfu\u00dferlebnis. Ein Muss f\u00fcr alle L\u00e4ufer, die maximale Freiheit f\u00fcr die F\u00fc\u00dfe bei gleichzeitigem Schutz suchen.<\/p>\n<p><b>Audio-Beschreibung<\/b><br \/><audio controls src=\"https:\/\/schuhewiebarfuss.at\/shop\/wp-content\/uploads\/lk\/6183_audio.wav\"><br \/>\n                                            Ihr Browser unterst\u00fctzt diese Audio-Ausgabe leider nicht.<br \/>\n                                            <\/ audio ><\/p>\n","protected":false},"excerpt":{"rendered":"<p>\u2022Obermaterial: atmungsaktives Airmesh\/laminiertes PU<br \/>\n\u2022100% vegan<br \/>\n\u2022Pro 5: durchstichfeste Sohle<br \/>\n\u2022Dieses Modell hat keine Einlegesohle f\u00fcr ein authentisches Barfu\u00dfgef\u00fchl<br \/>\n\u2022neues Design in Kooperation mit Iffley Road<br \/>\n\u2022VIVOBAREFOOT und Iffley Road Logos<br \/>\n\u2022patentierte 3mm d\u00fcnne Performance-Au\u00dfensohle<br \/>\n\u2022Gewicht pro Schuh: 150g (Gr.37<\/p>\n","protected":false},"featured_media":470214,"comment_status":"open","ping_status":"closed","template":"","meta":[],"product_brand":[],"product_cat":[3121],"product_tag":[1479,1371,1570,1600,1408,1651,1404,1362,1368,1373,1374,1375,1376,1377,1378,2451,1450],"class_list":{"0":"post-470215","1":"product","2":"type-product","3":"status-publish","4":"has-post-thumbnail","6":"product_cat-sale","7":"product_tag-farbe-blau","8":"product_tag-farbe-grau","9":"product_tag-farbe-gruen","10":"product_tag-farbe-rot","11":"product_tag-farbe-schwarz","12":"product_tag-farbe-weiss","13":"product_tag-groesse-35","14":"product_tag-groesse-36","15":"product_tag-groesse-37","16":"product_tag-groesse-38","17":"product_tag-groesse-39","18":"product_tag-groesse-40","19":"product_tag-groesse-41","20":"product_tag-groesse-42","21":"product_tag-groesse-43","22":"product_tag-marke-vivobarefoot","23":"product_tag-sale","25":"first","26":"instock","27":"taxable","28":"shipping-taxable","29":"purchasable","30":"product-type-variable"},"_links":{"self":[{"href":"https:\/\/schuhewiebarfuss.at\/shop\/wp-json\/wp\/v2\/product\/470215","targetHints":{"allow":["GET"]}}],"collection":[{"href":"https:\/\/schuhewiebarfuss.at\/shop\/wp-json\/wp\/v2\/product"}],"about":[{"href":"https:\/\/schuhewiebarfuss.at\/shop\/wp-json\/wp\/v2\/types\/product"}],"replies":[{"embeddable":true,"href":"https:\/\/schuhewiebarfuss.at\/shop\/wp-json\/wp\/v2\/comments?post=470215"}],"wp:featuredmedia":[{"embeddable":true,"href":"https:\/\/schuhewiebarfuss.at\/shop\/wp-json\/wp\/v2\/media\/470214"}],"wp:attachment":[{"href":"https:\/\/schuhewiebarfuss.at\/shop\/wp-json\/wp\/v2\/media?parent=470215"}],"wp:term":[{"taxonomy":"product_brand","embeddable":true,"href":"https:\/\/schuhewiebarfuss.at\/shop\/wp-json\/wp\/v2\/product_brand?post=470215"},{"taxonomy":"product_cat","embeddable":true,"href":"https:\/\/schuhewiebarfuss.at\/shop\/wp-json\/wp\/v2\/product_cat?post=470215"},{"taxonomy":"product_tag","embeddable":true,"href":"https:\/\/schuhewiebarfuss.at\/shop\/wp-json\/wp\/v2\/product_tag?post=470215"}],"curies":[{"name":"wp","href":"https:\/\/api.w.org\/{rel}","templated":true}]}}