{"id":470106,"date":"2024-04-03T15:07:23","date_gmt":"2024-04-03T13:07:23","guid":{"rendered":"https:\/\/schuhewiebarfuss.at\/shop\/produkt\/lima-damen\/"},"modified":"2026-03-14T16:53:58","modified_gmt":"2026-03-14T15:53:58","slug":"lima-damen","status":"publish","type":"product","link":"https:\/\/schuhewiebarfuss.at\/shop\/produkt\/lima-damen\/","title":{"rendered":"Lima Damen"},"content":{"rendered":"<p>Der Groundies Lima kommt mit einer anatomisch geformten Zehenbox und der innovativen TrueSense\u00ae GS1 Sohle f\u00fcr eine nat\u00fcrliche Passform und bietet damit eine fortschrittliche Entwicklung im Bereich des authentischen Barfu\u00dfschuhs.<br \/>\nOb beim Stadtbummel, am See oder beim Treffen mit Freunden \u2013 der Groundies Lima ist die ideale Wahl f\u00fcr alle, die Wert auf Leichtigkeit, Nachhaltigkeit und Stil legen. <\/p>\n<p>Entwickelt in Deutschland und handgefertigt in Portugal, kombiniert der Groundies Lima stilvolle Leichtigkeit mit Nachhaltigkeit zu deinem ultimativen Sommer-Barfu\u00dfschuh. Erlebe ein unvergleichliches Barfu\u00dfgef\u00fchl, maximalen Komfort und den l\u00e4ssigen Charme, der sich perfekt f\u00fcr die Sommerzeit eignet und dich zuverl\u00e4ssig bei jedem Anlass begleitet.  <\/p>\n<p>Ein sommerlicher Klassiker neu definiert! Unser Groundies\u00ae Barfu\u00dfsneaker Lima ist der Nachfolger unseres beliebten Brooklyn Low und f\u00fcr alle, die einen unkomplizierten Allrounder suchen, dabei aber nicht auf Nachhaltigkeit verzichten wollen. Dieser vegane Unisex Barfu\u00dfsneaker nachhaltig gefertigt und sorgt dank atmungsaktivem Innenfutter aus 100% Bio-Baumwolle und einer Innensohle aus OnSteam\u00ae Mikrofaser f\u00fcr eine angenehme Luftzirkulation. Die d\u00fcnne und flexible Sohle schafft ein f\u00fchlbar leichtes Barfu\u00dffeeling, die anatomische Zehenbox hingegen sorgt f\u00fcr ausreichend Platz im Zehenraum.<\/p>\n<p>Besonderheiten<\/p>\n<p>    Groundies\u00ae Barfu\u00dfsneaker Lima<br \/>\n    Anatomische Zehenbox f\u00fcr eine fu\u00dfgerechte, weitere Passform im Zehenbereich<br \/>\n    Nullabsatz und neutrales Fu\u00dfbett<br \/>\n    Obermaterial aus Baumwolle<br \/>\n    Innenfutter aus 100% Bio-Baumwolle<br \/>\n    Innensohle aus OnSteam\u00ae Mikrofaser<br \/>\n    TrueSense\u00ae GS1 Sohle mit 3 mm Basis und 3,9 mm Profil<br \/>\n    Flexibel, rutsch- und abriebfest<br \/>\n    Veganer Barfu\u00dfschuh<br \/>\n    Designed in Germany. Made in Portugal<br \/>\n    Gr\u00f6\u00dfenhinweis: Dieses Modell f\u00e4llt gr\u00f6\u00dfengerecht aus<\/p>\n<p>Pflegehinweise<\/p>\n<p>Bitte verwende zum Reinigen deiner Groundies ein mit kaltem, klarem Wasser angefeuchtetes Tuch oder einen Schwamm. Besonders bei Leder- und Kunstleder-Modellen ist eine Impr\u00e4gnierung unbedingt empfehlenswert, um die Schuhe vor Feuchtigkeit, Verschmutzung und Umwelteinfl\u00fcssen zu sch\u00fctzen.<\/p>\n<p><b>Audio-Beschreibung<\/b><br \/><audio controls src=\"https:\/\/schuhewiebarfuss.at\/shop\/wp-content\/uploads\/lk\/9387_audio.wav\"><br \/>\n                                            Ihr Browser unterst\u00fctzt diese Audio-Ausgabe leider nicht.<br \/>\n                                            <\/ audio ><\/p>\n","protected":false},"excerpt":{"rendered":"<p>F\u00fchl dich frei und leicht mit dem neuen Groundies Lima <\/p>\n<p>Obermaterial: Baumwolle<br \/>\nInnenfutter: 100% Bio-Baumwolle<br \/>\nSohle: TrueSense\u00ae GS1 Sohle<br \/>\nInnensohle: OnSteam\u00ae Mikrofaser, nicht herausnehmbar<br \/>\nAbsatz: Nullabsatz und neutrales Fu\u00dfbett<br \/>\nZehenbox: Anatomisch, fu\u00dfgerecht, weitere Passform im Zehenbereich<br \/>\nFlexibel, rutsch- und abriebfest<br \/>\nVegan<\/p>\n","protected":false},"featured_media":476124,"comment_status":"open","ping_status":"closed","template":"","meta":[],"product_brand":[],"product_cat":[830],"product_tag":[2233,1481,2308,1408,1651,1362,1368,1373,1374,1375,1376,1377,2953],"class_list":{"0":"post-470106","1":"product","2":"type-product","3":"status-publish","4":"has-post-thumbnail","6":"product_cat-lifestyle-4","7":"product_tag-farbe-dunkelrot","8":"product_tag-farbe-pink","9":"product_tag-farbe-rosa","10":"product_tag-farbe-schwarz","11":"product_tag-farbe-weiss","12":"product_tag-groesse-36","13":"product_tag-groesse-37","14":"product_tag-groesse-38","15":"product_tag-groesse-39","16":"product_tag-groesse-40","17":"product_tag-groesse-41","18":"product_tag-groesse-42","19":"product_tag-marke-groundies","21":"first","22":"outofstock","23":"taxable","24":"shipping-taxable","25":"product-type-variable"},"_links":{"self":[{"href":"https:\/\/schuhewiebarfuss.at\/shop\/wp-json\/wp\/v2\/product\/470106","targetHints":{"allow":["GET"]}}],"collection":[{"href":"https:\/\/schuhewiebarfuss.at\/shop\/wp-json\/wp\/v2\/product"}],"about":[{"href":"https:\/\/schuhewiebarfuss.at\/shop\/wp-json\/wp\/v2\/types\/product"}],"replies":[{"embeddable":true,"href":"https:\/\/schuhewiebarfuss.at\/shop\/wp-json\/wp\/v2\/comments?post=470106"}],"wp:featuredmedia":[{"embeddable":true,"href":"https:\/\/schuhewiebarfuss.at\/shop\/wp-json\/wp\/v2\/media\/476124"}],"wp:attachment":[{"href":"https:\/\/schuhewiebarfuss.at\/shop\/wp-json\/wp\/v2\/media?parent=470106"}],"wp:term":[{"taxonomy":"product_brand","embeddable":true,"href":"https:\/\/schuhewiebarfuss.at\/shop\/wp-json\/wp\/v2\/product_brand?post=470106"},{"taxonomy":"product_cat","embeddable":true,"href":"https:\/\/schuhewiebarfuss.at\/shop\/wp-json\/wp\/v2\/product_cat?post=470106"},{"taxonomy":"product_tag","embeddable":true,"href":"https:\/\/schuhewiebarfuss.at\/shop\/wp-json\/wp\/v2\/product_tag?post=470106"}],"curies":[{"name":"wp","href":"https:\/\/api.w.org\/{rel}","templated":true}]}}