{"id":470011,"date":"2024-04-03T14:34:45","date_gmt":"2024-04-03T12:34:45","guid":{"rendered":"https:\/\/schuhewiebarfuss.at\/shop\/produkt\/gobi-iii-damen-dunkelbraun\/"},"modified":"2026-02-28T21:10:17","modified_gmt":"2026-02-28T20:10:17","slug":"gobi-iii-damen-dunkelbraun","status":"publish","type":"product","link":"https:\/\/schuhewiebarfuss.at\/shop\/produkt\/gobi-iii-damen-dunkelbraun\/","title":{"rendered":"Gobi III Damen Dunkelbraun"},"content":{"rendered":"<p>Der klassische Barfu\u00df-Desert Boot, jetzt aus unserer neuen Produktionsst\u00e4tte in Portugal!<\/p>\n<p>Mit seinem Obermaterial aus nat\u00fcrlichem, lokal gewonnenem Leder aus Portugal und unserer 3mm d\u00fcnnen Lifestyle Sohle erlaubt es dieser Schuh, den Tag fast wie barfu\u00df zu erleben \u2013 mit kleinem \u00f6kologischem Fu\u00dfabdruck.<\/p>\n<p>Der GOBI III ist der ideale Alltagsschuh \u2013 geeignet f\u00fcr B\u00fcro und Freizeit, oder als perfekter Reisebegleiter, leicht im Rucksack zu verstauen.<\/p>\n<p><b>Audio-Beschreibung<\/b><br \/><audio controls src=\"https:\/\/schuhewiebarfuss.at\/shop\/wp-content\/uploads\/lk\/6157_audio.wav\"><br \/>\n                                            Ihr Browser unterst\u00fctzt diese Audio-Ausgabe leider nicht.<br \/>\n                                            <\/ audio ><\/p>\n","protected":false},"excerpt":{"rendered":"<p>Made in Portugal<br \/>\nObermaterial aus lokal gewonnenem, nat\u00fcrlich gegerbtem Leder<br \/>\nLifestyle-Sohle<br \/>\n3mm Cork Insole<br \/>\nSchn\u00fcrschuh<\/p>\n","protected":false},"featured_media":470010,"comment_status":"open","ping_status":"closed","template":"","meta":[],"product_brand":[],"product_cat":[3121],"product_tag":[1362,1368,1373,1374,1375,1376,1377,2451,1450],"class_list":{"0":"post-470011","1":"product","2":"type-product","3":"status-publish","4":"has-post-thumbnail","6":"product_cat-sale","7":"product_tag-groesse-36","8":"product_tag-groesse-37","9":"product_tag-groesse-38","10":"product_tag-groesse-39","11":"product_tag-groesse-40","12":"product_tag-groesse-41","13":"product_tag-groesse-42","14":"product_tag-marke-vivobarefoot","15":"product_tag-sale","17":"first","18":"instock","19":"taxable","20":"shipping-taxable","21":"purchasable","22":"product-type-variable"},"_links":{"self":[{"href":"https:\/\/schuhewiebarfuss.at\/shop\/wp-json\/wp\/v2\/product\/470011","targetHints":{"allow":["GET"]}}],"collection":[{"href":"https:\/\/schuhewiebarfuss.at\/shop\/wp-json\/wp\/v2\/product"}],"about":[{"href":"https:\/\/schuhewiebarfuss.at\/shop\/wp-json\/wp\/v2\/types\/product"}],"replies":[{"embeddable":true,"href":"https:\/\/schuhewiebarfuss.at\/shop\/wp-json\/wp\/v2\/comments?post=470011"}],"wp:featuredmedia":[{"embeddable":true,"href":"https:\/\/schuhewiebarfuss.at\/shop\/wp-json\/wp\/v2\/media\/470010"}],"wp:attachment":[{"href":"https:\/\/schuhewiebarfuss.at\/shop\/wp-json\/wp\/v2\/media?parent=470011"}],"wp:term":[{"taxonomy":"product_brand","embeddable":true,"href":"https:\/\/schuhewiebarfuss.at\/shop\/wp-json\/wp\/v2\/product_brand?post=470011"},{"taxonomy":"product_cat","embeddable":true,"href":"https:\/\/schuhewiebarfuss.at\/shop\/wp-json\/wp\/v2\/product_cat?post=470011"},{"taxonomy":"product_tag","embeddable":true,"href":"https:\/\/schuhewiebarfuss.at\/shop\/wp-json\/wp\/v2\/product_tag?post=470011"}],"curies":[{"name":"wp","href":"https:\/\/api.w.org\/{rel}","templated":true}]}}