{"id":469975,"date":"2024-04-03T14:25:49","date_gmt":"2024-04-03T12:25:49","guid":{"rendered":"https:\/\/schuhewiebarfuss.at\/shop\/produkt\/phoenix-knit-damen\/"},"modified":"2026-03-10T18:48:26","modified_gmt":"2026-03-10T17:48:26","slug":"phoenix-knit-damen","status":"publish","type":"product","link":"https:\/\/schuhewiebarfuss.at\/shop\/produkt\/phoenix-knit-damen\/","title":{"rendered":"Phoenix Knit Damen"},"content":{"rendered":"<p>Federleichtes Design und Bewegungsfreiheit f\u00fcr die F\u00fc\u00dfe \u2013 fesch durch den Alltag !<\/p>\n<p>Phoenix\u00b4 Form basiert auf Xero Shoes\u2018 Philosophie des \u201cFoot-First-Designs\u201d f\u00fcr nat\u00fcrliche Bewegung sinngem\u00e4\u00df Design follows function! Deine Zehen k\u00f6nnen sich voll ausbreiten und entspannen dank der breiten anatomischen Schuhform.<\/p>\n<p>Durch die zero-drop Sohle ohne Fersen- oder Zehensprung nimmst du eine gesunde, aufrechte K\u00f6rperhaltung ein, die Verletzungen und chronische Schmerzen vorbeugen kann. Der Phoenix knit ist super flexibel, damit deine F\u00fc\u00dfe ihre volle Bewegungsfreiheit genie\u00dfen k\u00f6nnen um so die Belastungen beim Gehen nat\u00fcrlich abzud\u00e4mpfen. Dies f\u00f6rdert auch  Gleichgewicht und deine Beweglichkeit. Deine F\u00fc\u00dfe sollen die Welt und den Untergrund sp\u00fcren k\u00f6nnen. Durch die patentierten FeelTrue\u00ae-Sohlen bekommst du das richtige Ma\u00df an zuverl\u00e4ssigem Schutz und gleichzeitige Bodenfeedback, das dein Gehirn und K\u00f6rper braucht.<\/p>\n<p><b>Audio-Beschreibung<\/b><br \/><audio controls src=\"https:\/\/schuhewiebarfuss.at\/shop\/wp-content\/uploads\/lk\/5979_audio.wav\"><br \/>\n                                            Ihr Browser unterst\u00fctzt diese Audio-Ausgabe leider nicht.<br \/>\n                                            <\/ audio ><\/p>\n","protected":false},"excerpt":{"rendered":"<p>Obermaterial: Polyester, vegan<br \/>\nInnenmaterial: Textil<br \/>\nInnenmaterial: Herausnehmbare Sohle<br \/>\nSohle: 5,5 mm FeelTrue &#8211; Gummi Sohle<br \/>\nVerschlussart: Ballerina\/Schl\u00fcpfschuh <\/p>\n","protected":false},"featured_media":469974,"comment_status":"open","ping_status":"closed","template":"","meta":[],"product_brand":[],"product_cat":[828],"product_tag":[1544,1371,1570,1600,1408,1362,1368,1373,1374,1375,1376,2317,1377,2446],"class_list":{"0":"post-469975","1":"product","2":"type-product","3":"status-publish","4":"has-post-thumbnail","6":"product_cat-ballerinas","7":"product_tag-farbe-braun","8":"product_tag-farbe-grau","9":"product_tag-farbe-gruen","10":"product_tag-farbe-rot","11":"product_tag-farbe-schwarz","12":"product_tag-groesse-36","13":"product_tag-groesse-37","14":"product_tag-groesse-38","15":"product_tag-groesse-39","16":"product_tag-groesse-40","17":"product_tag-groesse-41","18":"product_tag-groesse-41-5","19":"product_tag-groesse-42","20":"product_tag-marke-xero","22":"first","23":"instock","24":"sale","25":"taxable","26":"shipping-taxable","27":"purchasable","28":"product-type-variable"},"_links":{"self":[{"href":"https:\/\/schuhewiebarfuss.at\/shop\/wp-json\/wp\/v2\/product\/469975","targetHints":{"allow":["GET"]}}],"collection":[{"href":"https:\/\/schuhewiebarfuss.at\/shop\/wp-json\/wp\/v2\/product"}],"about":[{"href":"https:\/\/schuhewiebarfuss.at\/shop\/wp-json\/wp\/v2\/types\/product"}],"replies":[{"embeddable":true,"href":"https:\/\/schuhewiebarfuss.at\/shop\/wp-json\/wp\/v2\/comments?post=469975"}],"wp:featuredmedia":[{"embeddable":true,"href":"https:\/\/schuhewiebarfuss.at\/shop\/wp-json\/wp\/v2\/media\/469974"}],"wp:attachment":[{"href":"https:\/\/schuhewiebarfuss.at\/shop\/wp-json\/wp\/v2\/media?parent=469975"}],"wp:term":[{"taxonomy":"product_brand","embeddable":true,"href":"https:\/\/schuhewiebarfuss.at\/shop\/wp-json\/wp\/v2\/product_brand?post=469975"},{"taxonomy":"product_cat","embeddable":true,"href":"https:\/\/schuhewiebarfuss.at\/shop\/wp-json\/wp\/v2\/product_cat?post=469975"},{"taxonomy":"product_tag","embeddable":true,"href":"https:\/\/schuhewiebarfuss.at\/shop\/wp-json\/wp\/v2\/product_tag?post=469975"}],"curies":[{"name":"wp","href":"https:\/\/api.w.org\/{rel}","templated":true}]}}