{"id":469962,"date":"2024-04-03T14:22:57","date_gmt":"2024-04-03T12:22:57","guid":{"rendered":"https:\/\/schuhewiebarfuss.at\/shop\/produkt\/veracruz-damen-grau-blau\/"},"modified":"2026-02-28T18:44:26","modified_gmt":"2026-02-28T17:44:26","slug":"veracruz-damen-grau-blau","status":"publish","type":"product","link":"https:\/\/schuhewiebarfuss.at\/shop\/produkt\/veracruz-damen-grau-blau\/","title":{"rendered":"Veracruz Damen Grau\/Blau"},"content":{"rendered":"<p>Das Besondere an der Veracruz von Xero Shoes ist\u00a0die neue, innovative Bandf\u00fchrung die die Sandale angenehm und sicher am Fu\u00df h\u00e4lt. Beginnend an der Au\u00dfenseite der Sandale schmiegt sich das Band um den Fu\u00df und wird zum Fersenband, bevor es an der Innenseite der Sandale wieder abtaucht.<\/p>\n<p>Die\u00a0FeelTrue\u00ae\u00a0Sohle der Veracruz hat extra viel Grip, auf den Du Dich\u00a0bei Wanderungen und im Gel\u00e4nde stets verlassen kannst.\u00a0<\/p>\n<p><b>Audio-Beschreibung<\/b><br \/><audio controls src=\"https:\/\/schuhewiebarfuss.at\/shop\/wp-content\/uploads\/lk\/5413_audio.wav\"><br \/>\n                                            Ihr Browser unterst\u00fctzt diese Audio-Ausgabe leider nicht.<br \/>\n                                            <\/ audio ><\/p>\n","protected":false},"excerpt":{"rendered":"<p>Einsatzbereiche:\u00a0Alltag, Wandern, Reisen.<br \/>\nBesonderheiten:\u00a0Innovative Bandf\u00fchrung, die den Fu\u00df angenehm umfasst.<br \/>\nMaterial:\u00a0Au\u00dfensohle: Gummi, B\u00e4nder: Nylon, Fu\u00dfbett: PU.\u00a0Vegan.<\/p>\n","protected":false},"featured_media":469961,"comment_status":"open","ping_status":"closed","template":"","meta":[],"product_brand":[],"product_cat":[3121],"product_tag":[2312,2314,2315,1525,1526,2317,2446,1450],"class_list":{"0":"post-469962","1":"product","2":"type-product","3":"status-publish","4":"has-post-thumbnail","6":"product_cat-sale","7":"product_tag-groesse-35-5","8":"product_tag-groesse-36-5","9":"product_tag-groesse-37-5","10":"product_tag-groesse-38-5","11":"product_tag-groesse-40-5","12":"product_tag-groesse-41-5","13":"product_tag-marke-xero","14":"product_tag-sale","16":"first","17":"instock","18":"sale","19":"taxable","20":"shipping-taxable","21":"purchasable","22":"product-type-variable"},"_links":{"self":[{"href":"https:\/\/schuhewiebarfuss.at\/shop\/wp-json\/wp\/v2\/product\/469962","targetHints":{"allow":["GET"]}}],"collection":[{"href":"https:\/\/schuhewiebarfuss.at\/shop\/wp-json\/wp\/v2\/product"}],"about":[{"href":"https:\/\/schuhewiebarfuss.at\/shop\/wp-json\/wp\/v2\/types\/product"}],"replies":[{"embeddable":true,"href":"https:\/\/schuhewiebarfuss.at\/shop\/wp-json\/wp\/v2\/comments?post=469962"}],"wp:featuredmedia":[{"embeddable":true,"href":"https:\/\/schuhewiebarfuss.at\/shop\/wp-json\/wp\/v2\/media\/469961"}],"wp:attachment":[{"href":"https:\/\/schuhewiebarfuss.at\/shop\/wp-json\/wp\/v2\/media?parent=469962"}],"wp:term":[{"taxonomy":"product_brand","embeddable":true,"href":"https:\/\/schuhewiebarfuss.at\/shop\/wp-json\/wp\/v2\/product_brand?post=469962"},{"taxonomy":"product_cat","embeddable":true,"href":"https:\/\/schuhewiebarfuss.at\/shop\/wp-json\/wp\/v2\/product_cat?post=469962"},{"taxonomy":"product_tag","embeddable":true,"href":"https:\/\/schuhewiebarfuss.at\/shop\/wp-json\/wp\/v2\/product_tag?post=469962"}],"curies":[{"name":"wp","href":"https:\/\/api.w.org\/{rel}","templated":true}]}}