{"id":469922,"date":"2024-04-03T13:49:57","date_gmt":"2024-04-03T11:49:57","guid":{"rendered":"https:\/\/schuhewiebarfuss.at\/shop\/produkt\/izzy-eco\/"},"modified":"2026-03-01T11:03:08","modified_gmt":"2026-03-01T10:03:08","slug":"izzie-eco","status":"publish","type":"product","link":"https:\/\/schuhewiebarfuss.at\/shop\/produkt\/izzie-eco\/","title":{"rendered":"Izzie ECO"},"content":{"rendered":"<p>KOEL hat mit den Barfu\u00df-Ballerina IZZIE ECO einen Schuh entwickelt, welcher eine hohe Qualit\u00e4t &amp; perfekte Trageeigenschaften verbindet. Diese Schuhe aus der KOEL Barefoot Kollektion geh\u00f6ren der Koel Zero Heel-Kategorie an. Diese sorgt f\u00fcr Bewegungsfreiheit f\u00fcr die F\u00fc\u00dfe und l\u00e4sst den Boden unter den Schuhen sp\u00fcren. Das Fu\u00dfbett ist von der Ferse bis zu den Zehenspitzen flach. F\u00fcr hohe Haltbarkeit hat Koel hier bestes Wildleder verwendet und die Au\u00dfensohle sowohl vern\u00e4ht, als auch angeklebt.<\/p>\n<p>Komplett \u00fcberarbeitete Sohle. Ein sch\u00f6ner Barfu\u00dfschuh-Ballerina f\u00fcr den Sommer oder andere Anl\u00e4sse mit breiter Zehenbox.<\/p>\n<p>Materialdetails:<\/p>\n<p>Obermaterial: Veloursleder\/Wildleder<br \/>\nInnenfutter: Schweineleder (chromfrei gegerbt)<br \/>\nSohle: Christine Bare 5 mm, recycelter Gummi, rutschfest und ultra flexibel<br \/>\nInnensohle: aus atmungsaktivem recyceltem PU und Mikrofaser, herausnehmbar<br \/>\nAbsatz: Nullabsatz, keine H\u00f6hendifferenz zwischen Ferse und Vorderfu\u00df<br \/>\nBesonderheiten: Gummiband, f\u00fcr besseren Halt im Schuh<br \/>\nMaterialhinweis: Frei von sch\u00e4dlichen Materialien (gepr\u00fcft!)<br \/>\nHergestellt in Portugal<\/p>\n<p><b>Audio-Beschreibung<\/b><br \/><audio controls src=\"https:\/\/schuhewiebarfuss.at\/shop\/wp-content\/uploads\/lk\/6344_audio.wav\"><br \/>\n                                            Ihr Browser unterst\u00fctzt diese Audio-Ausgabe leider nicht.<br \/>\n                                            <\/ audio ><\/p>\n","protected":false},"excerpt":{"rendered":"<p>Koel Shoes IZZIE ECO<\/p>\n<p>Obermaterial: Veloursleder<br \/>\nInnenfutter: Schweineleder<br \/>\nSohle: Christine Bare 5 mm, recycelter Gummi<br \/>\nInnensohle: PU und Mikrofaser, herausnehmbar<br \/>\nAbsatz: Nullabsatz<br \/>\nBesonderheiten: Gummiband<br \/>\nMaterialhinweis: frei von Schadstoffen<br \/>\nHergestellt in Portugal<\/p>\n","protected":false},"featured_media":547879,"comment_status":"open","ping_status":"closed","template":"","meta":[],"product_brand":[],"product_cat":[828],"product_tag":[1544,1570,1408,1362,1368,1373,1374,1375,1376,1377,1378,2778],"class_list":{"0":"post-469922","1":"product","2":"type-product","3":"status-publish","4":"has-post-thumbnail","6":"product_cat-ballerinas","7":"product_tag-farbe-braun","8":"product_tag-farbe-gruen","9":"product_tag-farbe-schwarz","10":"product_tag-groesse-36","11":"product_tag-groesse-37","12":"product_tag-groesse-38","13":"product_tag-groesse-39","14":"product_tag-groesse-40","15":"product_tag-groesse-41","16":"product_tag-groesse-42","17":"product_tag-groesse-43","18":"product_tag-marke-koel-shoes-international","20":"first","21":"instock","22":"taxable","23":"shipping-taxable","24":"purchasable","25":"product-type-variable"},"_links":{"self":[{"href":"https:\/\/schuhewiebarfuss.at\/shop\/wp-json\/wp\/v2\/product\/469922","targetHints":{"allow":["GET"]}}],"collection":[{"href":"https:\/\/schuhewiebarfuss.at\/shop\/wp-json\/wp\/v2\/product"}],"about":[{"href":"https:\/\/schuhewiebarfuss.at\/shop\/wp-json\/wp\/v2\/types\/product"}],"replies":[{"embeddable":true,"href":"https:\/\/schuhewiebarfuss.at\/shop\/wp-json\/wp\/v2\/comments?post=469922"}],"wp:featuredmedia":[{"embeddable":true,"href":"https:\/\/schuhewiebarfuss.at\/shop\/wp-json\/wp\/v2\/media\/547879"}],"wp:attachment":[{"href":"https:\/\/schuhewiebarfuss.at\/shop\/wp-json\/wp\/v2\/media?parent=469922"}],"wp:term":[{"taxonomy":"product_brand","embeddable":true,"href":"https:\/\/schuhewiebarfuss.at\/shop\/wp-json\/wp\/v2\/product_brand?post=469922"},{"taxonomy":"product_cat","embeddable":true,"href":"https:\/\/schuhewiebarfuss.at\/shop\/wp-json\/wp\/v2\/product_cat?post=469922"},{"taxonomy":"product_tag","embeddable":true,"href":"https:\/\/schuhewiebarfuss.at\/shop\/wp-json\/wp\/v2\/product_tag?post=469922"}],"curies":[{"name":"wp","href":"https:\/\/api.w.org\/{rel}","templated":true}]}}