{"id":469911,"date":"2024-04-03T13:04:11","date_gmt":"2024-04-03T11:04:11","guid":{"rendered":"https:\/\/schuhewiebarfuss.at\/shop\/produkt\/ilene-eco\/"},"modified":"2026-03-06T19:48:55","modified_gmt":"2026-03-06T18:48:55","slug":"ilene-eco","status":"publish","type":"product","link":"https:\/\/schuhewiebarfuss.at\/shop\/produkt\/ilene-eco\/","title":{"rendered":"Ilene ECO"},"content":{"rendered":"<p>Die Silhouette des Damenschuhes Ilene ECO ist die eines klassischen Chelsea Boots &#8211; verf\u00fcgt aber, f\u00fcr einen leichteren Einstieg, \u00fcber einen Rei\u00dfverschlu\u00df an der Innenseite. Diese Booties aus der KOEL Barefoot Kollektion geh\u00f6ren der Koel Zero Heel-Kategorie an. Diese sorgt f\u00fcr Bewegungsfreiheit f\u00fcr die F\u00fc\u00dfe und l\u00e4sst den Boden unter den Schuhen sp\u00fcren. Das Fu\u00dfbett ist von der Ferse bis zu den Zehenspitzen flach.<\/p>\n<p>Der obere Teil besteht aus nat\u00fcrlichem Wildleder. Das Futter besteht aus weichem, unbehandeltem Leder. Die Naturkautschuksohle ist sch\u00f6n weich und flexibel, um allen Anspr\u00fcchen von Barfu\u00dfschuhen gerecht zu werden. Rei\u00dfverschluss an der Innenseite des Schuhs und das elastische Gummiband auf der gegen\u00fcberliegenden Seite sorgt f\u00fcr eine bequeme Passform. Das Modell ist mit regelm\u00e4\u00dfiger Impr\u00e4gnierung auch f\u00fcr nasses und feuchtes Wetter geeignet.<\/p>\n<p>Materialdetails:<\/p>\n<p>Obermaterial: Veloursleder\/Wildleder<br \/>\nInnenfutter: aus chromfrei gewaschenem Leder<br \/>\nSohle: 100 % Naturkautschuk, zertifizierte Recyclingsohle, 4 mm, rutschfest und ultra flexibel<br \/>\nAbsatz: Nullabsatz, keine H\u00f6hendifferenz zwischen Ferse und Vorderfu\u00df<br \/>\nVerschluss: Seitlicher Rei\u00dfverschluss<br \/>\nBesonderheiten: seitlich elastisches Gummiband<br \/>\nMaterialhinweis: Frei von sch\u00e4dlichen Materialien (gepr\u00fcft!)<br \/>\nHergestellt in Portugal<\/p>\n<p><b>Audio-Beschreibung<\/b><br \/><audio controls src=\"https:\/\/schuhewiebarfuss.at\/shop\/wp-content\/uploads\/lk\/9464_audio.wav\"><br \/>\n                                            Ihr Browser unterst\u00fctzt diese Audio-Ausgabe leider nicht.<br \/>\n                                            <\/ audio ><\/p>\n","protected":false},"excerpt":{"rendered":"<p>Koel Shoes ILENE ECO Chelsea-Boot<\/p>\n<p>Obermaterial: Veloursleder<br \/>\nInnenfutter: Leder<br \/>\nSohle: 100 % Naturkautschuk<br \/>\nAbsatz: Nullabsatz<br \/>\nVerschluss: seitlicher Rei\u00dfverschluss<br \/>\nBesonderheiten: seitlich elastisches Gummiband<br \/>\nMaterialhinweis: frei von Schadstoffen<br \/>\nHergestellt in Portugal<\/p>\n","protected":false},"featured_media":547432,"comment_status":"open","ping_status":"closed","template":"","meta":[],"product_brand":[],"product_cat":[3121],"product_tag":[1544,1408,1362,1368,1373,1374,1375,1376,1377,1378,2778,1450],"class_list":{"0":"post-469911","1":"product","2":"type-product","3":"status-publish","4":"has-post-thumbnail","6":"product_cat-sale","7":"product_tag-farbe-braun","8":"product_tag-farbe-schwarz","9":"product_tag-groesse-36","10":"product_tag-groesse-37","11":"product_tag-groesse-38","12":"product_tag-groesse-39","13":"product_tag-groesse-40","14":"product_tag-groesse-41","15":"product_tag-groesse-42","16":"product_tag-groesse-43","17":"product_tag-marke-koel-shoes-international","18":"product_tag-sale","20":"first","21":"instock","22":"taxable","23":"shipping-taxable","24":"purchasable","25":"product-type-variable"},"_links":{"self":[{"href":"https:\/\/schuhewiebarfuss.at\/shop\/wp-json\/wp\/v2\/product\/469911","targetHints":{"allow":["GET"]}}],"collection":[{"href":"https:\/\/schuhewiebarfuss.at\/shop\/wp-json\/wp\/v2\/product"}],"about":[{"href":"https:\/\/schuhewiebarfuss.at\/shop\/wp-json\/wp\/v2\/types\/product"}],"replies":[{"embeddable":true,"href":"https:\/\/schuhewiebarfuss.at\/shop\/wp-json\/wp\/v2\/comments?post=469911"}],"wp:featuredmedia":[{"embeddable":true,"href":"https:\/\/schuhewiebarfuss.at\/shop\/wp-json\/wp\/v2\/media\/547432"}],"wp:attachment":[{"href":"https:\/\/schuhewiebarfuss.at\/shop\/wp-json\/wp\/v2\/media?parent=469911"}],"wp:term":[{"taxonomy":"product_brand","embeddable":true,"href":"https:\/\/schuhewiebarfuss.at\/shop\/wp-json\/wp\/v2\/product_brand?post=469911"},{"taxonomy":"product_cat","embeddable":true,"href":"https:\/\/schuhewiebarfuss.at\/shop\/wp-json\/wp\/v2\/product_cat?post=469911"},{"taxonomy":"product_tag","embeddable":true,"href":"https:\/\/schuhewiebarfuss.at\/shop\/wp-json\/wp\/v2\/product_tag?post=469911"}],"curies":[{"name":"wp","href":"https:\/\/api.w.org\/{rel}","templated":true}]}}