{"id":469894,"date":"2024-04-03T10:38:32","date_gmt":"2024-04-03T08:38:32","guid":{"rendered":"https:\/\/schuhewiebarfuss.at\/shop\/produkt\/froddo-geo-damen\/"},"modified":"2026-03-01T14:45:29","modified_gmt":"2026-03-01T13:45:29","slug":"froddo-geo-damen","status":"publish","type":"product","link":"https:\/\/schuhewiebarfuss.at\/shop\/produkt\/froddo-geo-damen\/","title":{"rendered":"Froddo Geo Damen"},"content":{"rendered":"<p>Ein ganz schicker Sneaker f\u00fcr den Fr\u00fchling oder Herbst von Froddo Barefoot \u2013 der Barfu\u00dfschuh Reihe von Froddo. Die Sohle ist einem nat\u00fcrlichem Fu\u00df nachempfunden: Viel Platz f\u00fcr die Zehen und dazu noch sehr flexibel. Die beste Umgebung f\u00fcr eine nat\u00fcrliche Fu\u00dfentwicklung. Die 3mm d\u00fcnne Sohle aus Naturkautschuk bietet einen nahezu direkten Kontakt zum Boden. Gerade zu Beginn kann diese noch ein wenig steif wirken. Das gibt sich ganz schnell und ist dann genau so biegsam, wie sie sein soll.<\/p>\n<p>Alle drei Eigenschaften eines echten Barfu\u00dfschuhes sind hier toll ausgepr\u00e4gt: bodengleich von vorne bis hinten \u2013 Null Absatz, eine richtig angenehm gro\u00dfe Zehenbox und eine d\u00fcnne flexible Sohle, die jede Bewegung des Fu\u00dfes mitmacht. Und zwar so, dass der Fu\u00df arbeiten muss, und nicht der Schuh eine besondere Unterst\u00fctzung bietet \u2013 einfach, nat\u00fcrlich, minimal.<\/p>\n<p>Froddo Barefoot bietet hier einen optimalen Barfu\u00dfschuh f\u00fcr den \u00dcbergang, Fr\u00fchling und den Sommer.<\/p>\n<p>Obermaterial: chromfrei gegerbtes Leder, wasserabweisendes Textil (Mesh) und Glattleder<br \/>\nInnenfutter: Lederfutter ohne Chrom<br \/>\nSohle: Naturkautschuk (3mm), neue Grip-Sohle (extra Griffigkeit)<br \/>\nInnensohle: herausnehmbare antibakterielle Mikrofaser-Innensohle<br \/>\nAbsatz: Nullabsatz und neutrales Fu\u00dfbett<br \/>\nZehenbox: Anatomisch, weitere Passform im Zehenbereich<br \/>\nVerschluss: Schn\u00fcrsenkel<br \/>\nWeite: Normal, Normal breit, anatomisch geformte Zehenpartie<br \/>\nEigenschaften: Flexibel, rutsch- und abriebfest, gen\u00e4hte Sohle<br \/>\nMaterialhinweis: Leder ist von Natur aus wasserabweisend, Recyceltes Material<br \/>\nMade in Europe<\/p>\n<p>So pflegen Sie die Schuhe<\/p>\n<p>    Groben Schmutz immer zuerst mit einer B\u00fcrste reinigen.<br \/>\n    Wischen Sie die Schuhe mit einem feuchten Tuch ab und trocknen Sie sie.<br \/>\n    Waschen oder trocknen Sie die Schuhe nicht direkt in der N\u00e4he von W\u00e4rmequellen.<br \/>\n    Um die Haltbarkeit zu erh\u00f6hen, behandeln Sie die Schuhe regelm\u00e4\u00dfig mit einem Impr\u00e4gnierspray.<br \/>\n    Bei richtiger Pflege bleibt das Leder lange haltbar.<br \/>\n    Ein nat\u00fcrlicher, farbloser Lederbalsam verleiht dem Schuh eine l\u00e4ngere Lebensdauer und ein sch\u00f6neres Aussehen.<\/p>\n<p><b>Audio-Beschreibung<\/b><br \/><audio controls src=\"https:\/\/schuhewiebarfuss.at\/shop\/wp-content\/uploads\/lk\/9489_audio.wav\"><br \/>\n                                            Ihr Browser unterst\u00fctzt diese Audio-Ausgabe leider nicht.<br \/>\n                                            <\/ audio ><\/p>\n","protected":false},"excerpt":{"rendered":"<p>Froddo GEO Damen-Sneaker<\/p>\n<p>Obermaterial: Textil (Mesh) und Glattleder<br \/>\nInnenfutter: Lederfutter<br \/>\nSohle: Naturkautschuk mit Profil<br \/>\nInnensohle: Mikrofaser-Innensohle, herausnehmbar<br \/>\nAbsatz: Nullabsatz<br \/>\nZehenbox: weitere Passform im Zehenbereich<br \/>\nVerschluss: Schn\u00fcrsenkel<br \/>\nWeite: Normal breit<br \/>\nEigenschaften: Flexibel, rutsch- und abriebfest, gen\u00e4hte Sohle<br \/>\nMaterialhinweis: wasserabweisend, Recyceltes Material<br \/>\nMade in Europe<\/p>\n","protected":false},"featured_media":556962,"comment_status":"open","ping_status":"closed","template":"","meta":[],"product_brand":[],"product_cat":[830],"product_tag":[1479,1371,1362,1368,1373,1374,1375,1376,1377,2450],"class_list":{"0":"post-469894","1":"product","2":"type-product","3":"status-publish","4":"has-post-thumbnail","6":"product_cat-lifestyle-4","7":"product_tag-farbe-blau","8":"product_tag-farbe-grau","9":"product_tag-groesse-36","10":"product_tag-groesse-37","11":"product_tag-groesse-38","12":"product_tag-groesse-39","13":"product_tag-groesse-40","14":"product_tag-groesse-41","15":"product_tag-groesse-42","16":"product_tag-marke-froddo-ivancia-d-d","18":"first","19":"instock","20":"taxable","21":"shipping-taxable","22":"purchasable","23":"product-type-variable"},"_links":{"self":[{"href":"https:\/\/schuhewiebarfuss.at\/shop\/wp-json\/wp\/v2\/product\/469894","targetHints":{"allow":["GET"]}}],"collection":[{"href":"https:\/\/schuhewiebarfuss.at\/shop\/wp-json\/wp\/v2\/product"}],"about":[{"href":"https:\/\/schuhewiebarfuss.at\/shop\/wp-json\/wp\/v2\/types\/product"}],"replies":[{"embeddable":true,"href":"https:\/\/schuhewiebarfuss.at\/shop\/wp-json\/wp\/v2\/comments?post=469894"}],"wp:featuredmedia":[{"embeddable":true,"href":"https:\/\/schuhewiebarfuss.at\/shop\/wp-json\/wp\/v2\/media\/556962"}],"wp:attachment":[{"href":"https:\/\/schuhewiebarfuss.at\/shop\/wp-json\/wp\/v2\/media?parent=469894"}],"wp:term":[{"taxonomy":"product_brand","embeddable":true,"href":"https:\/\/schuhewiebarfuss.at\/shop\/wp-json\/wp\/v2\/product_brand?post=469894"},{"taxonomy":"product_cat","embeddable":true,"href":"https:\/\/schuhewiebarfuss.at\/shop\/wp-json\/wp\/v2\/product_cat?post=469894"},{"taxonomy":"product_tag","embeddable":true,"href":"https:\/\/schuhewiebarfuss.at\/shop\/wp-json\/wp\/v2\/product_tag?post=469894"}],"curies":[{"name":"wp","href":"https:\/\/api.w.org\/{rel}","templated":true}]}}