{"id":469886,"date":"2024-04-03T10:33:00","date_gmt":"2024-04-03T08:33:00","guid":{"rendered":"https:\/\/schuhewiebarfuss.at\/shop\/produkt\/froddo-chelys-damen\/"},"modified":"2026-03-10T18:29:43","modified_gmt":"2026-03-10T17:29:43","slug":"froddo-chelys-damen","status":"publish","type":"product","link":"https:\/\/schuhewiebarfuss.at\/shop\/produkt\/froddo-chelys-damen\/","title":{"rendered":"Froddo Chelys Damen"},"content":{"rendered":"<p>Extra flexible Schuhe imitiren das barfu\u00df laufen. Wasserabweisend und umweltfreundliches Naturleder. Hydrophober. Herausnehmbaren antibakteriellen Chromfreies Ledereinlegesohle. Zipp an der Innenseite. Gummi-aussensohle. Zus\u00e4tzliche termoisolierung. Nachaltiges produkt und produktion.<\/p>\n<p> weicher, bequemer Schuh mit flexibler Sohle \u00fcber die gesamte L\u00e4nge<br \/>\nStiefeletten mit Gummi an den Kn\u00f6cheln, Chelsea-Stiefel-Design<br \/>\nRei\u00dfverschluss auf der Innenseite f\u00fcr einfaches Anziehen<br \/>\nohne Fell, leichte Isolierung mit textilem Wildlederimitat<br \/>\npraktisches Ziehen des Gummis \u00fcber die Spitze (Schutz vor Durchn\u00e4ssung und Abrieb)<br \/>\nger\u00e4umige Schuhe im Zehenbereich<br \/>\ngeeignet f\u00fcr normale bis etwas breitere Fu\u00dfe, jedoch nicht mit hohem Rist<br \/>\nSie k\u00f6nnen nicht angezogen werden, wir empfehlen keinen schmalen Kn\u00f6chel<br \/>\nOhne Fersenkappe, aber etwas st\u00e4rker knapp \u00fcber der Ferse dank des gezogenen Gummis<br \/>\ngute Wasserbest\u00e4ndigkeit, h\u00e4lt k\u00fcrzeren Spazierg\u00e4ngen in nassem Gras, B\u00fcrgersteigen nach Regen usw. stand.<\/p>\n<p><b>Audio-Beschreibung<\/b><br \/><audio controls src=\"https:\/\/schuhewiebarfuss.at\/shop\/wp-content\/uploads\/lk\/5676_audio.wav\"><br \/>\n                                            Ihr Browser unterst\u00fctzt diese Audio-Ausgabe leider nicht.<br \/>\n                                            <\/ audio ><\/p>\n","protected":false},"excerpt":{"rendered":"<p>1) Obermaterial: Leder<br \/>\n2) Textille Futter und Chromfreies Leder Einlegesohle<br \/>\n3) Sohle &#8211; Gummi<br \/>\nUniverselle passform &#8211; f\u00fcr alle fu\u00dfbreiten geeignet<\/p>\n","protected":false},"featured_media":499847,"comment_status":"open","ping_status":"closed","template":"","meta":[],"product_brand":[],"product_cat":[3121],"product_tag":[1544,2233,1429,1408,1362,1368,1373,1374,1375,1376,1377,2450,1450],"class_list":{"0":"post-469886","1":"product","2":"type-product","3":"status-publish","4":"has-post-thumbnail","6":"product_cat-sale","7":"product_tag-farbe-braun","8":"product_tag-farbe-dunkelrot","9":"product_tag-farbe-hellgrau","10":"product_tag-farbe-schwarz","11":"product_tag-groesse-36","12":"product_tag-groesse-37","13":"product_tag-groesse-38","14":"product_tag-groesse-39","15":"product_tag-groesse-40","16":"product_tag-groesse-41","17":"product_tag-groesse-42","18":"product_tag-marke-froddo-ivancia-d-d","19":"product_tag-sale","21":"first","22":"instock","23":"sale","24":"taxable","25":"shipping-taxable","26":"purchasable","27":"product-type-variable"},"_links":{"self":[{"href":"https:\/\/schuhewiebarfuss.at\/shop\/wp-json\/wp\/v2\/product\/469886","targetHints":{"allow":["GET"]}}],"collection":[{"href":"https:\/\/schuhewiebarfuss.at\/shop\/wp-json\/wp\/v2\/product"}],"about":[{"href":"https:\/\/schuhewiebarfuss.at\/shop\/wp-json\/wp\/v2\/types\/product"}],"replies":[{"embeddable":true,"href":"https:\/\/schuhewiebarfuss.at\/shop\/wp-json\/wp\/v2\/comments?post=469886"}],"wp:featuredmedia":[{"embeddable":true,"href":"https:\/\/schuhewiebarfuss.at\/shop\/wp-json\/wp\/v2\/media\/499847"}],"wp:attachment":[{"href":"https:\/\/schuhewiebarfuss.at\/shop\/wp-json\/wp\/v2\/media?parent=469886"}],"wp:term":[{"taxonomy":"product_brand","embeddable":true,"href":"https:\/\/schuhewiebarfuss.at\/shop\/wp-json\/wp\/v2\/product_brand?post=469886"},{"taxonomy":"product_cat","embeddable":true,"href":"https:\/\/schuhewiebarfuss.at\/shop\/wp-json\/wp\/v2\/product_cat?post=469886"},{"taxonomy":"product_tag","embeddable":true,"href":"https:\/\/schuhewiebarfuss.at\/shop\/wp-json\/wp\/v2\/product_tag?post=469886"}],"curies":[{"name":"wp","href":"https:\/\/api.w.org\/{rel}","templated":true}]}}