{"id":469855,"date":"2024-04-03T10:18:16","date_gmt":"2024-04-03T08:18:16","guid":{"rendered":"https:\/\/schuhewiebarfuss.at\/shop\/produkt\/geo-shell-damen-weiss-pink\/"},"modified":"2026-02-28T18:15:38","modified_gmt":"2026-02-28T17:15:38","slug":"geo-shell-damen-weiss-pink","status":"publish","type":"product","link":"https:\/\/schuhewiebarfuss.at\/shop\/produkt\/geo-shell-damen-weiss-pink\/","title":{"rendered":"Geo Shell Damen Wei\u00df\/Pink"},"content":{"rendered":"<p>Der Schuh verf\u00fcgt \u00fcber ein atmungsaktives Hanfgewebe-Obermaterial. Die Zunge, sowie die Applikationen bestehen aus unserem weichen Wild Hide Leder. Unsere patentierte, durchsto\u00dffeste 3mm Movement-Sohle bietet einen optimalen Grip und ein Geherlebnis wie barfu\u00df. F\u00fcr noch mehr Barfu\u00dfgef\u00fchl kann die enthaltene Einlegesohle herausgenommen werden.<\/p>\n<p>Mit dem neuen GEO SHELL bist du immer stylisch und fast wie barfu\u00df unterwegs &#8211; ob auf der Uni, beim Spaziergang in der Natur oder im Pub.<\/p>\n<p><b>Audio-Beschreibung<\/b><br \/><audio controls src=\"https:\/\/schuhewiebarfuss.at\/shop\/wp-content\/uploads\/lk\/5023_audio.wav\"><br \/>\n                                            Ihr Browser unterst\u00fctzt diese Audio-Ausgabe leider nicht.<br \/>\n                                            <\/ audio ><\/p>\n","protected":false},"excerpt":{"rendered":"<p>Obermaterial: Canvas aus Hanf-Fasern, weiches Wild Hide Leder<br \/>\nSohle: Patentierte, durchsto\u00dffeste 3mm PRO5 Movement-Sohle<br \/>\nInnensohle: Herausnehmbare 3mm Cork Einlegesohle<br \/>\nSchn\u00fcrung: Schn\u00fcrschuh<\/p>\n<p>Mit dem neuen GEO SHELL bist du immer stylisch und fast wie barfu\u00df unterwegs &#8211; ob auf der Uni, beim Spaziergang in der Natur oder im Pub.<\/p>\n","protected":false},"featured_media":469854,"comment_status":"open","ping_status":"closed","template":"","meta":[],"product_brand":[],"product_cat":[3121],"product_tag":[1362,1368,1373,1374,1375,1376,1377,2451,1450],"class_list":{"0":"post-469855","1":"product","2":"type-product","3":"status-publish","4":"has-post-thumbnail","6":"product_cat-sale","7":"product_tag-groesse-36","8":"product_tag-groesse-37","9":"product_tag-groesse-38","10":"product_tag-groesse-39","11":"product_tag-groesse-40","12":"product_tag-groesse-41","13":"product_tag-groesse-42","14":"product_tag-marke-vivobarefoot","15":"product_tag-sale","17":"first","18":"instock","19":"taxable","20":"shipping-taxable","21":"purchasable","22":"product-type-variable"},"_links":{"self":[{"href":"https:\/\/schuhewiebarfuss.at\/shop\/wp-json\/wp\/v2\/product\/469855","targetHints":{"allow":["GET"]}}],"collection":[{"href":"https:\/\/schuhewiebarfuss.at\/shop\/wp-json\/wp\/v2\/product"}],"about":[{"href":"https:\/\/schuhewiebarfuss.at\/shop\/wp-json\/wp\/v2\/types\/product"}],"replies":[{"embeddable":true,"href":"https:\/\/schuhewiebarfuss.at\/shop\/wp-json\/wp\/v2\/comments?post=469855"}],"wp:featuredmedia":[{"embeddable":true,"href":"https:\/\/schuhewiebarfuss.at\/shop\/wp-json\/wp\/v2\/media\/469854"}],"wp:attachment":[{"href":"https:\/\/schuhewiebarfuss.at\/shop\/wp-json\/wp\/v2\/media?parent=469855"}],"wp:term":[{"taxonomy":"product_brand","embeddable":true,"href":"https:\/\/schuhewiebarfuss.at\/shop\/wp-json\/wp\/v2\/product_brand?post=469855"},{"taxonomy":"product_cat","embeddable":true,"href":"https:\/\/schuhewiebarfuss.at\/shop\/wp-json\/wp\/v2\/product_cat?post=469855"},{"taxonomy":"product_tag","embeddable":true,"href":"https:\/\/schuhewiebarfuss.at\/shop\/wp-json\/wp\/v2\/product_tag?post=469855"}],"curies":[{"name":"wp","href":"https:\/\/api.w.org\/{rel}","templated":true}]}}