{"id":469796,"date":"2024-04-03T09:12:09","date_gmt":"2024-04-03T07:12:09","guid":{"rendered":"https:\/\/schuhewiebarfuss.at\/shop\/produkt\/opanka-ballerina-damen\/"},"modified":"2026-03-09T19:10:46","modified_gmt":"2026-03-09T18:10:46","slug":"opanka-ballerina-damen","status":"publish","type":"product","link":"https:\/\/schuhewiebarfuss.at\/shop\/produkt\/opanka-ballerina-damen\/","title":{"rendered":"Opanka Ballerina Damen"},"content":{"rendered":"<p>Wenn sich Gehen wie Tanzen anf\u00fchlt. Der Ballerina ist wie ein klassischer Pumps und somit ein vielseitiges Must-have f\u00fcr die Arbeit, Freizeit und alles dazwischen. Er wurde aus metallfreiem Bio-Leder in Portugal handgefertigt und sorgt dank Barfu\u00df-Tragekomfort f\u00fcr starke F\u00fc\u00dfe. Der elastische Kragen schmiegt sich wie eine Socke an, so dass der Schuh nicht rutscht und die d\u00fcnne Au\u00dfensohle aus nat\u00fcrlichem Gummi gibt dir sicheren Halt mit maximalem Bodenkontakt. Das Innenfutter und Fu\u00dfbett sind aus metallfreiem Leder gefertigt, das sich nach und nach an deine Fu\u00dfform anpasst und wie angegossen sitzt. Das minimalistische, dekonstruierte Design bietet dir ein ultimatives, authentisches Barfu\u00dfgef\u00fchl f\u00fcr F\u00fc\u00dfe, die tanzen wollen \ud83d\ude42<\/p>\n<p>Details:<\/p>\n<p>Obermaterial: Bio-Leder<\/p>\n<p>Innenfutter: chromfrei gegerbtes Leder<\/p>\n<p>Innensohle: chromfrei gegerbtes Leder<\/p>\n<p>Au\u00dfensohle: 4mm dicke Sohle aus einer nat\u00fcrlichen Gummimischung<\/p>\n<p>Handgefertigt in Porto\/Portugal<\/p>\n<p><b>Audio-Beschreibung<\/b><br \/><audio controls src=\"https:\/\/schuhewiebarfuss.at\/shop\/wp-content\/uploads\/lk\/6165_audio.wav\"><br \/>\n                                            Ihr Browser unterst\u00fctzt diese Audio-Ausgabe leider nicht.<br \/>\n                                            <\/ audio ><\/p>\n","protected":false},"excerpt":{"rendered":"<p>Obermaterial: Bio-Leder<br \/>\nInnenfutter: chromfrei gegerbtes Leder<br \/>\nInnensohle: chromfrei gegerbtes Leder<br \/>\nVerschluss: Schlupf<br \/>\nSohlendicke: rund 4 mm<br \/>\nFu\u00dfform: flacher Spann, mittlere Breite<br \/>\nSaison: Sommer, \u00dcbergang<br \/>\nMarke: Vivobarefoot<\/p>\n","protected":false},"featured_media":498876,"comment_status":"open","ping_status":"closed","template":"","meta":[],"product_brand":[],"product_cat":[3121],"product_tag":[1544,1408,1362,1368,1373,1374,1375,1376,1377,2451,1450],"class_list":{"0":"post-469796","1":"product","2":"type-product","3":"status-publish","4":"has-post-thumbnail","6":"product_cat-sale","7":"product_tag-farbe-braun","8":"product_tag-farbe-schwarz","9":"product_tag-groesse-36","10":"product_tag-groesse-37","11":"product_tag-groesse-38","12":"product_tag-groesse-39","13":"product_tag-groesse-40","14":"product_tag-groesse-41","15":"product_tag-groesse-42","16":"product_tag-marke-vivobarefoot","17":"product_tag-sale","19":"first","20":"instock","21":"sale","22":"taxable","23":"shipping-taxable","24":"purchasable","25":"product-type-variable"},"_links":{"self":[{"href":"https:\/\/schuhewiebarfuss.at\/shop\/wp-json\/wp\/v2\/product\/469796","targetHints":{"allow":["GET"]}}],"collection":[{"href":"https:\/\/schuhewiebarfuss.at\/shop\/wp-json\/wp\/v2\/product"}],"about":[{"href":"https:\/\/schuhewiebarfuss.at\/shop\/wp-json\/wp\/v2\/types\/product"}],"replies":[{"embeddable":true,"href":"https:\/\/schuhewiebarfuss.at\/shop\/wp-json\/wp\/v2\/comments?post=469796"}],"wp:featuredmedia":[{"embeddable":true,"href":"https:\/\/schuhewiebarfuss.at\/shop\/wp-json\/wp\/v2\/media\/498876"}],"wp:attachment":[{"href":"https:\/\/schuhewiebarfuss.at\/shop\/wp-json\/wp\/v2\/media?parent=469796"}],"wp:term":[{"taxonomy":"product_brand","embeddable":true,"href":"https:\/\/schuhewiebarfuss.at\/shop\/wp-json\/wp\/v2\/product_brand?post=469796"},{"taxonomy":"product_cat","embeddable":true,"href":"https:\/\/schuhewiebarfuss.at\/shop\/wp-json\/wp\/v2\/product_cat?post=469796"},{"taxonomy":"product_tag","embeddable":true,"href":"https:\/\/schuhewiebarfuss.at\/shop\/wp-json\/wp\/v2\/product_tag?post=469796"}],"curies":[{"name":"wp","href":"https:\/\/api.w.org\/{rel}","templated":true}]}}