{"id":469789,"date":"2024-04-03T09:06:38","date_gmt":"2024-04-03T07:06:38","guid":{"rendered":"https:\/\/schuhewiebarfuss.at\/shop\/produkt\/loudstyle\/"},"modified":"2026-03-01T08:39:33","modified_gmt":"2026-03-01T07:39:33","slug":"loudstyle","status":"publish","type":"product","link":"https:\/\/schuhewiebarfuss.at\/shop\/produkt\/loudstyle\/","title":{"rendered":"loudStyle"},"content":{"rendered":"<p>Halbstiefel f\u00fcr den Herbst muss man haben &#8211; deshalb gibt es jetzt ganz neu unseren loudSTYLE! Der minimalistische Barfu\u00dfschuh wird durch neue Details wie metallische \u00d6sen, gemusterte Materialeins\u00e4tze und eine neue gerade Sohle zu einem echten Blickfang. F\u00fcr das Innenfutter wird ein weiches, pflanzlich gegerbtes Leder benutzt, die Sohle bleibt d\u00fcnn und flexibel. So erlebt man auch im Herbst garantiert ein bequemes gesundes Barfu\u00dflaufgef\u00fchl bei jedem Schritt!<\/p>\n<p>Material &amp; Pflegehinweis:<br \/>\nBioleder kann gewissen Merkmale wie Insektenstiche, Kratzer oder leichte Farbunterschiede aufweisen, welche aber zum einmaligen und nat\u00fcrlichen Charakter geh\u00f6ren. Jeder einzelne Schuh ist ein handgefertigtes Unikat, welcher die Handschrift des\/der Mitarbeiter*in tr\u00e4gt. Socken k\u00f6nnen sich bei starkem Schwitzen verf\u00e4rben. Um eine lange Haltbarkeit unseres Bioleders zu gew\u00e4hrleisten, ist ein guter Schutz vor N\u00e4sse und Feuchtigkeit essentiell.<\/p>\n<p>Bitte wasche deinen Schuh nicht in der Waschmaschine und s\u00e4ubere ihn nur mit einem geeigneten Reinigungsmittel. Wir empfehlen die Innensohle regelm\u00e4\u00dfig zum L\u00fcften aus dem Schuh zu nehmen und Staun\u00e4sse somit zu vermeiden. F\u00fcr optimale Produkteigenschaften sollten die Schuhe vor dem Einsatz impr\u00e4gniert werden, dies ist vor allem bei Schuhen mit Textilanteil wichtig.<\/p>\n<p><b>Audio-Beschreibung<\/b><br \/><audio controls src=\"https:\/\/schuhewiebarfuss.at\/shop\/wp-content\/uploads\/lk\/6014_audio.wav\"><br \/>\n                                            Ihr Browser unterst\u00fctzt diese Audio-Ausgabe leider nicht.<br \/>\n                                            <\/ audio ><\/p>\n","protected":false},"excerpt":{"rendered":"<p>Funktion:\tatmungsaktiv, pflegeleicht<br \/>\nFutter: Weiches Bioleder (pflanzlich gegerbt)<br \/>\nInnensohle: weiches Bioleder (pflanzlich gegerbt)<br \/>\nLaufsohle: TPU<br \/>\nObermaterial: Nappaleder<br \/>\nProduktionsland: Portugal<\/p>\n","protected":false},"featured_media":499632,"comment_status":"open","ping_status":"closed","template":"","meta":[],"product_brand":[],"product_cat":[3121],"product_tag":[2026,1408,1362,1368,1373,1374,1375,1376,1377,2447,1450],"class_list":{"0":"post-469789","1":"product","2":"type-product","3":"status-publish","4":"has-post-thumbnail","6":"product_cat-sale","7":"product_tag-farbe-beige","8":"product_tag-farbe-schwarz","9":"product_tag-groesse-36","10":"product_tag-groesse-37","11":"product_tag-groesse-38","12":"product_tag-groesse-39","13":"product_tag-groesse-40","14":"product_tag-groesse-41","15":"product_tag-groesse-42","16":"product_tag-marke-blifestyle","17":"product_tag-sale","19":"first","20":"instock","21":"sale","22":"taxable","23":"shipping-taxable","24":"purchasable","25":"product-type-variable"},"_links":{"self":[{"href":"https:\/\/schuhewiebarfuss.at\/shop\/wp-json\/wp\/v2\/product\/469789","targetHints":{"allow":["GET"]}}],"collection":[{"href":"https:\/\/schuhewiebarfuss.at\/shop\/wp-json\/wp\/v2\/product"}],"about":[{"href":"https:\/\/schuhewiebarfuss.at\/shop\/wp-json\/wp\/v2\/types\/product"}],"replies":[{"embeddable":true,"href":"https:\/\/schuhewiebarfuss.at\/shop\/wp-json\/wp\/v2\/comments?post=469789"}],"wp:featuredmedia":[{"embeddable":true,"href":"https:\/\/schuhewiebarfuss.at\/shop\/wp-json\/wp\/v2\/media\/499632"}],"wp:attachment":[{"href":"https:\/\/schuhewiebarfuss.at\/shop\/wp-json\/wp\/v2\/media?parent=469789"}],"wp:term":[{"taxonomy":"product_brand","embeddable":true,"href":"https:\/\/schuhewiebarfuss.at\/shop\/wp-json\/wp\/v2\/product_brand?post=469789"},{"taxonomy":"product_cat","embeddable":true,"href":"https:\/\/schuhewiebarfuss.at\/shop\/wp-json\/wp\/v2\/product_cat?post=469789"},{"taxonomy":"product_tag","embeddable":true,"href":"https:\/\/schuhewiebarfuss.at\/shop\/wp-json\/wp\/v2\/product_tag?post=469789"}],"curies":[{"name":"wp","href":"https:\/\/api.w.org\/{rel}","templated":true}]}}