{"id":469758,"date":"2024-04-03T08:56:22","date_gmt":"2024-04-03T06:56:22","guid":{"rendered":"https:\/\/schuhewiebarfuss.at\/shop\/produkt\/ariana\/"},"modified":"2026-03-11T22:09:36","modified_gmt":"2026-03-11T21:09:36","slug":"ariana","status":"publish","type":"product","link":"https:\/\/schuhewiebarfuss.at\/shop\/produkt\/ariana\/","title":{"rendered":"Ariana"},"content":{"rendered":"<p>Die l\u00e4ssigen Sandalen Ariana aus der KOEL Barefoot Kollektion sind nicht nur sch\u00f6n sondern auch gem\u00fctlich, Perfekt f\u00fcr lange Sommertage! Die Zehentrenner sind mit einer d\u00fcnnen, flexiblen Vibram-Laufsohle ausgestattet, die auf jedem Untergrund f\u00fcr einen sicheren Stand sorgt. Die Zero Sohle sorgt f\u00fcr Bewegungsfreiheit f\u00fcr die F\u00fc\u00dfe und l\u00e4sst dich den Boden unter den Schuhen sp\u00fcren. Das weiche Napa-Leder ist chromfrei-gegerbt und durch die seitliche Schnalle und den Klettverschluss hinten lassen sich die Sandalen optimal an die F\u00fc\u00dfe anpassen! Die Ariana sind super leicht und bieten ein nat\u00fcrliches Laufgef\u00fchl &#8211; ideal zum Kleid, den Shorts oder der bequemen Leinenhose. <\/p>\n<p>Materialdetails:<\/p>\n<p>Obermaterial: Napa-Leder (Glattleder)<br \/>\nInnenfutter: Leder (chromfrei gegerbt)<br \/>\nSohle: 4 mm d\u00fcnne Vibram-Sohle mit darauf geklebter Kork-Innensohle, die Sohle ist insgesamt ca. 7 mm dick<br \/>\nAbsatz: Nullabsatz, keine H\u00f6hendifferenz zwischen Ferse und Vorderfu\u00df<br \/>\nVerschluss: Schnallenverschluss und Klettverschluss (im Spann eine Schnalle und um den Kn\u00f6chel herum ein Klettverschluss)<br \/>\nWeite:  f\u00fcr durchschnittliche F\u00fc\u00dfe geeignet, eine anatomisch geformte Zehenbox, die auch f\u00fcr den dominanten gro\u00dfen Zeh und f\u00e4cherf\u00f6rmige Zehen geeignet ist<br \/>\nBesonderheiten: moderner offener Schnitt, Zehentrenner, rutschfest und ultra flexibel<br \/>\nMaterialhinweis: Frei von sch\u00e4dlichen Materialien (gepr\u00fcft!)<br \/>\nHergestellt in Portugal<\/p>\n<p><b>Audio-Beschreibung<\/b><br \/><audio controls src=\"https:\/\/schuhewiebarfuss.at\/shop\/wp-content\/uploads\/lk\/9468_audio.wav\"><br \/>\n                                            Ihr Browser unterst\u00fctzt diese Audio-Ausgabe leider nicht.<br \/>\n                                            <\/ audio ><\/p>\n","protected":false},"excerpt":{"rendered":"<p>Koel Shoes ARIANA Sandale<\/p>\n<p>Obermaterial: Glattleder<br \/>\nInnenfutter: Leder<br \/>\nSohle: Vibram-Sohle mit aufgeklebter Korksohle<br \/>\nAbsatz: Nullabsatz<br \/>\nVerschluss: Schnallen- und Klettverschluss<br \/>\nWeite:  normal bis breit<br \/>\nBesonderheiten: Zehentrenner, rutschfest<br \/>\nMaterialhinweis: frei von Schadstoffen<br \/>\nHergestellt in Portugal<\/p>\n","protected":false},"featured_media":575254,"comment_status":"open","ping_status":"closed","template":"","meta":[],"product_brand":[],"product_cat":[831],"product_tag":[2026,1544,1408,1362,1368,1373,1374,1375,1376,1377,1378,2778],"class_list":{"0":"post-469758","1":"product","2":"type-product","3":"status-publish","4":"has-post-thumbnail","6":"product_cat-sandalen-1","7":"product_tag-farbe-beige","8":"product_tag-farbe-braun","9":"product_tag-farbe-schwarz","10":"product_tag-groesse-36","11":"product_tag-groesse-37","12":"product_tag-groesse-38","13":"product_tag-groesse-39","14":"product_tag-groesse-40","15":"product_tag-groesse-41","16":"product_tag-groesse-42","17":"product_tag-groesse-43","18":"product_tag-marke-koel-shoes-international","20":"first","21":"instock","22":"taxable","23":"shipping-taxable","24":"purchasable","25":"product-type-variable"},"_links":{"self":[{"href":"https:\/\/schuhewiebarfuss.at\/shop\/wp-json\/wp\/v2\/product\/469758","targetHints":{"allow":["GET"]}}],"collection":[{"href":"https:\/\/schuhewiebarfuss.at\/shop\/wp-json\/wp\/v2\/product"}],"about":[{"href":"https:\/\/schuhewiebarfuss.at\/shop\/wp-json\/wp\/v2\/types\/product"}],"replies":[{"embeddable":true,"href":"https:\/\/schuhewiebarfuss.at\/shop\/wp-json\/wp\/v2\/comments?post=469758"}],"wp:featuredmedia":[{"embeddable":true,"href":"https:\/\/schuhewiebarfuss.at\/shop\/wp-json\/wp\/v2\/media\/575254"}],"wp:attachment":[{"href":"https:\/\/schuhewiebarfuss.at\/shop\/wp-json\/wp\/v2\/media?parent=469758"}],"wp:term":[{"taxonomy":"product_brand","embeddable":true,"href":"https:\/\/schuhewiebarfuss.at\/shop\/wp-json\/wp\/v2\/product_brand?post=469758"},{"taxonomy":"product_cat","embeddable":true,"href":"https:\/\/schuhewiebarfuss.at\/shop\/wp-json\/wp\/v2\/product_cat?post=469758"},{"taxonomy":"product_tag","embeddable":true,"href":"https:\/\/schuhewiebarfuss.at\/shop\/wp-json\/wp\/v2\/product_tag?post=469758"}],"curies":[{"name":"wp","href":"https:\/\/api.w.org\/{rel}","templated":true}]}}