{"id":469733,"date":"2024-04-03T08:13:06","date_gmt":"2024-04-03T06:13:06","guid":{"rendered":"https:\/\/schuhewiebarfuss.at\/shop\/produkt\/korpus-city\/"},"modified":"2026-03-01T17:18:06","modified_gmt":"2026-03-01T16:18:06","slug":"korpus-city","status":"publish","type":"product","link":"https:\/\/schuhewiebarfuss.at\/shop\/produkt\/korpus-city\/","title":{"rendered":"Korpus City"},"content":{"rendered":"<p>Auf unsere Messenger Taschen aus LKW Plane ist Verlass: Ob bei Regen oder Sonnenschein, ob f\u00fcr leichte Eink\u00e4ufe oder kleine &#8222;Schwertransporte&#8220; genutzt, die Messenger Bags bringen deine Sch\u00e4tze immer sicher ans Ziel.<\/p>\n<p>Jede Messenger Bag wird individuell, in Handarbeit und nach dem Upcycling-Prinzip in unserer Schmugglerei gefertigt:<br \/>\nEs werden hochwertige Materialien verarbeitet, f\u00fcr die andere keine Verwendung mehr haben.<br \/>\nSo entstehten einzigartige Messenger Taschen aus Fahrradschlauch, Feuerwehrschlauch, LKW Plane und Kaffeesack. Die Tragegurte, die einst als Sicherheitsgurte im Auto ihren Dienst taten, liegen nicht nur bequem auf der Schulter, sie sind auch extrem belastbar.<\/p>\n<p>Der Deckel zum Korpus muss seperat gekauft werden!<\/p>\n<p><b>Audio-Beschreibung<\/b><br \/><audio controls src=\"https:\/\/schuhewiebarfuss.at\/shop\/wp-content\/uploads\/lk\/6103_audio.wav\"><br \/>\n                                            Ihr Browser unterst\u00fctzt diese Audio-Ausgabe leider nicht.<br \/>\n                                            <\/ audio ><\/p>\n","protected":false},"excerpt":{"rendered":"<p>Unsere Taschen sind alle mit gr\u00f6\u00dfter Sorgfalt in der Werkstatt und N\u00e4herei der Taschenmanufaktur Jansen von Hand gefertigt und werden sehr aufwendig vern\u00e4ht, wodurch sie eine irre Formstabilit\u00e4t erhalten. Einzigartige und kreative Produkte aus Upcycling Materialien hergestellt. Somit ist jede Tasche ein Unikat, das es so nicht noch einmal gibt.<\/p>\n<p>Der Deckel zum Korpus muss seperat gekauft werden!!<\/p>\n<p>Der Deckel zum Korpus muss seperat gekauft werden!<\/p>\n","protected":false},"featured_media":469732,"comment_status":"open","ping_status":"closed","template":"","meta":[],"product_brand":[],"product_cat":[891],"product_tag":[1479,1427,1570,1480,1481,1408,2485,2983,2984,2673,2674,1360],"class_list":{"0":"post-469733","1":"product","2":"type-product","3":"status-publish","4":"has-post-thumbnail","6":"product_cat-taschen","7":"product_tag-farbe-blau","8":"product_tag-farbe-gelb","9":"product_tag-farbe-gruen","10":"product_tag-farbe-orange","11":"product_tag-farbe-pink","12":"product_tag-farbe-schwarz","13":"product_tag-marke-taschen","14":"product_tag-material-breit-ohne-reifenboden","15":"product_tag-material-hoch-ohne-reifenboden","16":"product_tag-material-mit-reifenboden","17":"product_tag-material-ohne-reifenboden","18":"product_tag-standard","20":"first","21":"instock","22":"taxable","23":"shipping-taxable","24":"purchasable","25":"product-type-variable"},"_links":{"self":[{"href":"https:\/\/schuhewiebarfuss.at\/shop\/wp-json\/wp\/v2\/product\/469733","targetHints":{"allow":["GET"]}}],"collection":[{"href":"https:\/\/schuhewiebarfuss.at\/shop\/wp-json\/wp\/v2\/product"}],"about":[{"href":"https:\/\/schuhewiebarfuss.at\/shop\/wp-json\/wp\/v2\/types\/product"}],"replies":[{"embeddable":true,"href":"https:\/\/schuhewiebarfuss.at\/shop\/wp-json\/wp\/v2\/comments?post=469733"}],"wp:featuredmedia":[{"embeddable":true,"href":"https:\/\/schuhewiebarfuss.at\/shop\/wp-json\/wp\/v2\/media\/469732"}],"wp:attachment":[{"href":"https:\/\/schuhewiebarfuss.at\/shop\/wp-json\/wp\/v2\/media?parent=469733"}],"wp:term":[{"taxonomy":"product_brand","embeddable":true,"href":"https:\/\/schuhewiebarfuss.at\/shop\/wp-json\/wp\/v2\/product_brand?post=469733"},{"taxonomy":"product_cat","embeddable":true,"href":"https:\/\/schuhewiebarfuss.at\/shop\/wp-json\/wp\/v2\/product_cat?post=469733"},{"taxonomy":"product_tag","embeddable":true,"href":"https:\/\/schuhewiebarfuss.at\/shop\/wp-json\/wp\/v2\/product_tag?post=469733"}],"curies":[{"name":"wp","href":"https:\/\/api.w.org\/{rel}","templated":true}]}}