{"id":469703,"date":"2024-04-03T07:26:53","date_gmt":"2024-04-03T05:26:53","guid":{"rendered":"https:\/\/schuhewiebarfuss.at\/shop\/produkt\/skinners-2-0\/"},"modified":"2026-04-18T18:02:26","modified_gmt":"2026-04-18T16:02:26","slug":"skinners-2-0","status":"publish","type":"product","link":"https:\/\/schuhewiebarfuss.at\/shop\/produkt\/skinners-2-0\/","title":{"rendered":"Skinners 2.0"},"content":{"rendered":"<p>Socken sind nicht genug und Schuhe zu viel? Die kompakte Gr\u00f6\u00dfe und die geniale 3mm d\u00fcnne Barfuss Sohle machen aus den Skinners Sockenschuhen den perfekten Begleiter f\u00fcr dich. Egal ob f\u00fcrs Laufen, Krafttraining oder f\u00fcrs Yoga. Au\u00dferdem sind sie ideal als Reserveschuhe beim Reisen, Campen oder Wandern. Nat\u00fcrlich auch f\u00fcr alle Aktivit\u00e4ten am und im Wasser. Perfekter Grip und Schutz bei maximalen Komfort! Zus\u00e4tzlich mobilisierst &amp; trainierst du alle Muskeln und Gelenke in deinen F\u00fc\u00dfen. Eben fast wie Barfuss, dennoch hygienisch &amp; gesch\u00fctzt.<\/p>\n<p>Das 1.0 Modell wurde von 2017 &#8211; 2021 produziert und zigtausende Male an zufriedene Kunden verkauft. Durch zahlreiches Feedback wurde das urspr\u00fcngliche Modell weiterentwickelt und mit detaillierten \u00dcberarbeitungen als Skinners 2.0 auf den Markt gebracht. Wir haben beide Versionen genau unter die Lupe genommen sodass du dir ein besseres Bild machen kannst. Was als erstes auff\u00e4llt ist das neu gestaltete Design und die breitere Zehenbox.<\/p>\n<p>Die 2mm d\u00fcnne perforierte (durchl\u00f6chert) Einlegesohle ist f\u00fcr Strecken auf steinigen Untergr\u00fcnden gedacht.<br \/>\nSo hast du trotz Minimalschuhwerk noch etwas Komfort. Sollte dir die Einlegesohle nicht zusagen bzw. m\u00f6chtest du noch mehr Barfu\u00dfgef\u00fchl genie\u00dfen, kann diese einfach herausgenommen werden. Probiere es am Besten selbst aus was sich f\u00fcr dich besser anf\u00fchlt.<\/p>\n<p>Von extrem minimalistisch (z.Bsp. ANTHRACITE) bis richtig knallig (z.Bsp. AQUA) ist diesmal alles dabei. Egal welche Farbe, bei der Ausf\u00fchrung handelt es sich immer um dasselbe Modell. Beim Schnitt wird auf UNISEX gesetzt, sprich es gibt keine klassischen Frauen &#8211; oder Herrenmodelle, alle SKINNERS Sockenschuhe sind so entwickelt um f\u00fcr Frauen und M\u00e4nner maximalen Tragekomfort zu erzielen. Durch die gro\u00dfe Farbenvielfalt kann man die Sockenschuhe aber sehr individuell an seinen eigenen Style\/ Outfit anpassen.<\/p>\n<p><b>Audio-Beschreibung<\/b><br \/><audio controls src=\"https:\/\/schuhewiebarfuss.at\/shop\/wp-content\/uploads\/lk\/6085_audio.wav\"><br \/>\n                                            Ihr Browser unterst\u00fctzt diese Audio-Ausgabe leider nicht.<br \/>\n                                            <\/ audio ><\/p>\n","protected":false},"excerpt":{"rendered":"<p>Material: 45% Polyamid, 32% Baumwolle, 20% Polyester, 3% Elastan.<\/p>\n<p>Sohle: phthalatfreie, anti-abrasive Polymermischung<br \/>\nbei 30 Grad in der Waschmaschine waschbar<br \/>\nk\u00f6nnen mit und ohne Socken getragen werden<br \/>\nvegan<\/p>\n","protected":false},"featured_media":500243,"comment_status":"open","ping_status":"closed","template":"","meta":[],"product_brand":[],"product_cat":[853],"product_tag":[1479,1462,2233,1371,1570,2563,1651,1468,1470,1471,1577,1476,1578,1579,2484,1360],"class_list":{"0":"post-469703","1":"product","2":"type-product","3":"status-publish","4":"has-post-thumbnail","6":"product_cat-sport-2","7":"product_tag-farbe-blau","8":"product_tag-farbe-dunkelgrau","9":"product_tag-farbe-dunkelrot","10":"product_tag-farbe-grau","11":"product_tag-farbe-gruen","12":"product_tag-farbe-hellblau","13":"product_tag-farbe-weiss","14":"product_tag-groesse-36-37","15":"product_tag-groesse-38-39","16":"product_tag-groesse-40-41","17":"product_tag-groesse-41-42","18":"product_tag-groesse-43-44","19":"product_tag-groesse-45-46","20":"product_tag-groesse-47-48","21":"product_tag-marke-skinners","22":"product_tag-standard","24":"first","25":"instock","26":"taxable","27":"shipping-taxable","28":"purchasable","29":"product-type-variable"},"_links":{"self":[{"href":"https:\/\/schuhewiebarfuss.at\/shop\/wp-json\/wp\/v2\/product\/469703","targetHints":{"allow":["GET"]}}],"collection":[{"href":"https:\/\/schuhewiebarfuss.at\/shop\/wp-json\/wp\/v2\/product"}],"about":[{"href":"https:\/\/schuhewiebarfuss.at\/shop\/wp-json\/wp\/v2\/types\/product"}],"replies":[{"embeddable":true,"href":"https:\/\/schuhewiebarfuss.at\/shop\/wp-json\/wp\/v2\/comments?post=469703"}],"wp:featuredmedia":[{"embeddable":true,"href":"https:\/\/schuhewiebarfuss.at\/shop\/wp-json\/wp\/v2\/media\/500243"}],"wp:attachment":[{"href":"https:\/\/schuhewiebarfuss.at\/shop\/wp-json\/wp\/v2\/media?parent=469703"}],"wp:term":[{"taxonomy":"product_brand","embeddable":true,"href":"https:\/\/schuhewiebarfuss.at\/shop\/wp-json\/wp\/v2\/product_brand?post=469703"},{"taxonomy":"product_cat","embeddable":true,"href":"https:\/\/schuhewiebarfuss.at\/shop\/wp-json\/wp\/v2\/product_cat?post=469703"},{"taxonomy":"product_tag","embeddable":true,"href":"https:\/\/schuhewiebarfuss.at\/shop\/wp-json\/wp\/v2\/product_tag?post=469703"}],"curies":[{"name":"wp","href":"https:\/\/api.w.org\/{rel}","templated":true}]}}