{"id":469664,"date":"2024-04-03T03:58:17","date_gmt":"2024-04-03T01:58:17","guid":{"rendered":"https:\/\/schuhewiebarfuss.at\/shop\/produkt\/pokeboo-gummistiefel\/"},"modified":"2026-03-31T19:14:46","modified_gmt":"2026-03-31T17:14:46","slug":"pokeboo-gummistiefel","status":"publish","type":"product","link":"https:\/\/schuhewiebarfuss.at\/shop\/produkt\/pokeboo-gummistiefel\/","title":{"rendered":"Pokeboo Gummistiefel"},"content":{"rendered":"<p>Pokeboo wurde aus Naturkautschuk entwickelt, um eine hervorragende Wasserbest\u00e4ndigkeit und eine leicht faltbare, vielseitige Konstruktion zu gew\u00e4hrleisten. Das figurbetonte Zero-Drop-Design sorgt daf\u00fcr, dass die Stiefel von den Waden bis zu den Zehenspitzen eng anliegen und so ein angenehmes und bequemes Gehen erm\u00f6glichen. <\/p>\n<p>Und was am beeindruckendsten ist: Das ultraleichte Gewicht beider Stiefel zusammen ist nicht gr\u00f6\u00dfer als eine durchschnittlich gro\u00dfe Getr\u00e4nkeflasche!<\/p>\n<p>Nicht irgendein Gummistiefel&#8230; <\/p>\n<p>Diese japanischen Pokeboo-Gummistiefel im Gummistiefel-Stil sind tats\u00e4chlich ein originelles, minimalistisches Design, das auf traditionellen Reispflanzstiefeln basiert. Die flache, d\u00fcnne Sohle sorgt f\u00fcr ein angenehmes Barfu\u00df- und Bodengef\u00fchl. Superleicht, flexibel und verpackbar. Diese handgefertigten Pokebo-Weliies-Stiefel aus Naturkautschuk werden mit einer eigenen Tragetasche geliefert und sind au\u00dferdem wasserabweisend.<\/p>\n<p><b>Audio-Beschreibung<\/b><br \/><audio controls src=\"https:\/\/schuhewiebarfuss.at\/shop\/wp-content\/uploads\/lk\/6346_audio.wav\"><br \/>\n                                            Ihr Browser unterst\u00fctzt diese Audio-Ausgabe leider nicht.<br \/>\n                                            <\/ audio ><\/p>\n","protected":false},"excerpt":{"rendered":"<p>Material:<\/p>\n<p>K\u00f6rper\/Au\u00dfenseite: Naturkautschuk, synthetischer Gummi<br \/>\nInnen: Nylon<br \/>\nKordelzug \/ Polypropylen, Nylon, Naturkautschuk<\/p>\n","protected":false},"featured_media":469663,"comment_status":"open","ping_status":"closed","template":"","meta":[],"product_brand":[],"product_cat":[857],"product_tag":[1479,2561,1570,1408,2795,1661,2796,1471,1475,1476,2797,2798,2808],"class_list":{"0":"post-469664","1":"product","2":"type-product","3":"status-publish","4":"has-post-thumbnail","6":"product_cat-herren-1","7":"product_tag-farbe-blau","8":"product_tag-farbe-dunkelgruen","9":"product_tag-farbe-gruen","10":"product_tag-farbe-schwarz","11":"product_tag-groesse-35-5-36-5","12":"product_tag-groesse-37-38","13":"product_tag-groesse-38-5-39-5","14":"product_tag-groesse-40-41","15":"product_tag-groesse-41-5-42-5","16":"product_tag-groesse-43-44","17":"product_tag-groesse-44-5-45-5","18":"product_tag-groesse-46-47","19":"product_tag-marke-pokeboo","21":"first","22":"instock","23":"taxable","24":"shipping-taxable","25":"purchasable","26":"product-type-variable"},"_links":{"self":[{"href":"https:\/\/schuhewiebarfuss.at\/shop\/wp-json\/wp\/v2\/product\/469664","targetHints":{"allow":["GET"]}}],"collection":[{"href":"https:\/\/schuhewiebarfuss.at\/shop\/wp-json\/wp\/v2\/product"}],"about":[{"href":"https:\/\/schuhewiebarfuss.at\/shop\/wp-json\/wp\/v2\/types\/product"}],"replies":[{"embeddable":true,"href":"https:\/\/schuhewiebarfuss.at\/shop\/wp-json\/wp\/v2\/comments?post=469664"}],"wp:featuredmedia":[{"embeddable":true,"href":"https:\/\/schuhewiebarfuss.at\/shop\/wp-json\/wp\/v2\/media\/469663"}],"wp:attachment":[{"href":"https:\/\/schuhewiebarfuss.at\/shop\/wp-json\/wp\/v2\/media?parent=469664"}],"wp:term":[{"taxonomy":"product_brand","embeddable":true,"href":"https:\/\/schuhewiebarfuss.at\/shop\/wp-json\/wp\/v2\/product_brand?post=469664"},{"taxonomy":"product_cat","embeddable":true,"href":"https:\/\/schuhewiebarfuss.at\/shop\/wp-json\/wp\/v2\/product_cat?post=469664"},{"taxonomy":"product_tag","embeddable":true,"href":"https:\/\/schuhewiebarfuss.at\/shop\/wp-json\/wp\/v2\/product_tag?post=469664"}],"curies":[{"name":"wp","href":"https:\/\/api.w.org\/{rel}","templated":true}]}}