{"id":469641,"date":"2024-04-03T03:29:01","date_gmt":"2024-04-03T01:29:01","guid":{"rendered":"https:\/\/schuhewiebarfuss.at\/shop\/produkt\/trail-glove-7-herren\/"},"modified":"2026-03-20T19:34:22","modified_gmt":"2026-03-20T18:34:22","slug":"trail-glove-7-herren","status":"publish","type":"product","link":"https:\/\/schuhewiebarfuss.at\/shop\/produkt\/trail-glove-7-herren\/","title":{"rendered":"Trail Glove 7 Herren"},"content":{"rendered":"<p>Die Trailrunning-Schuhe f\u00fcr M\u00e4nner Trail Glove 7 der Marke Merrell sind die perfekten Schuhe, wenn du Leistung erbringen und dabei das Gef\u00fchl haben willst, barfuss zu sein.<\/p>\n<p>Die wichtigsten Neuerungen sind die nat\u00fcrlichere Fu\u00dfpositionierung f\u00fcr ein wirklich minimalistisches Gef\u00fchl, eine Vibram EcoStep Laufsohle, die den Fu\u00df umschlie\u00dft und damit maximalen Halt bietet, sowie eine minimalistische Zwischensohle aus unserem besten FloatPro\u2122 Schaum. In der Zwischensohle haben wir unsere FLEXconnect\u2122 bidirektionalen Flexrillen integriert, f\u00fcr verbesserten Bodenkontakt. Die Gesamth\u00f6he betr\u00e4gt bei diesen Schuhen 14 mm. Barfu\u00df laufen mit dem Trail Glove 7. Der Trail Glove 7 hat eine etwas st\u00e4rker ged\u00e4mpfte Zwischensohle als der Vapor Glove 6 und ist damit die bessere Wahl f\u00fcr L\u00e4ufer*innen, die etwas mehr Unterst\u00fctzung w\u00fcnschen. <\/p>\n<p>Merkmale:<\/p>\n<p>Obermaterial: 100 % recyceltes atmungsaktives Mesh<br \/>\nSchn\u00fcrsenkel und Gewebe aus 100 % recyceltem Material<br \/>\nDurchgehende Zunge gegen das Eindringen von Schmutz<br \/>\nExterne Schlaufe hinten sichert die Ferse<br \/>\nAtmungsaktives Mesh-Innenfutter aus 100 % recyceltem Material<br \/>\nInnensohle umh\u00fcllt mit zu 100 % recyceltem Mesh<br \/>\nNXT-Beschichtung gegen Geruchsbildung<br \/>\nIntegrierte Innensohle aus 30 % recyceltem EVA-Schaum<br \/>\nMit der Merrell Barefoot 2 Konstruktion nimmt der Fu\u00df eine nat\u00fcrliche Position ein<br \/>\nFloatPro\u2122 Schaumzwischensohle f\u00fcr ein anhaltend leichtes, komfortables Laufgef\u00fchl<br \/>\nVibram EcoStep Recycle Laufsohle aus 30 % recyceltem Gummi f\u00fcr Strapazierf\u00e4higkeit und optimale Bodenhaftung auf nassen und trockenen Oberfl\u00e4chen<br \/>\nVegan<\/p>\n<p><b>Audio-Beschreibung<\/b><br \/><audio controls src=\"https:\/\/schuhewiebarfuss.at\/shop\/wp-content\/uploads\/lk\/6298_audio.wav\"><br \/>\n                                            Ihr Browser unterst\u00fctzt diese Audio-Ausgabe leider nicht.<br \/>\n                                            <\/ audio ><\/p>\n","protected":false},"excerpt":{"rendered":"<p>Merrell TRAIL GLOVE 7<\/p>\n<p>Obermaterial: recyceltes Mesh (Textil)<br \/>\nInnenausstattung: recyceltes Mesh (Textil)<br \/>\nSohle: Vibram EcoStep Recycle Laufsohle<br \/>\nInnensohle: Integrierte Innensohle aus 30 % recyceltem EVA-Schaum, FloatPro\u2122 Schaumzwischensohle, nicht herausnehmbar<br \/>\nSchn\u00fcrung: Schn\u00fcrsenkel aus recyceltem Material<br \/>\nBesonderheiten: NXT-Beschichtung gegen Geruchsbildung, Nachhaltig, Vegan<\/p>\n","protected":false},"featured_media":790348,"comment_status":"open","ping_status":"closed","template":"","meta":[],"product_brand":[],"product_cat":[838],"product_tag":[2026,1479,1544,1426,1570,1480,1600,1408,1413,1651,1375,1376,1377,1378,1379,1380,1381,1449,2468],"class_list":{"0":"post-469641","1":"product","2":"type-product","3":"status-publish","4":"has-post-thumbnail","6":"product_cat-sport-3","7":"product_tag-farbe-beige","8":"product_tag-farbe-blau","9":"product_tag-farbe-braun","10":"product_tag-farbe-dunkelblau","11":"product_tag-farbe-gruen","12":"product_tag-farbe-orange","13":"product_tag-farbe-rot","14":"product_tag-farbe-schwarz","15":"product_tag-farbe-tuerkis","16":"product_tag-farbe-weiss","17":"product_tag-groesse-40","18":"product_tag-groesse-41","19":"product_tag-groesse-42","20":"product_tag-groesse-43","21":"product_tag-groesse-44","22":"product_tag-groesse-45","23":"product_tag-groesse-46","24":"product_tag-groesse-47","25":"product_tag-marke-merrell","27":"first","28":"instock","29":"taxable","30":"shipping-taxable","31":"purchasable","32":"product-type-variable"},"_links":{"self":[{"href":"https:\/\/schuhewiebarfuss.at\/shop\/wp-json\/wp\/v2\/product\/469641","targetHints":{"allow":["GET"]}}],"collection":[{"href":"https:\/\/schuhewiebarfuss.at\/shop\/wp-json\/wp\/v2\/product"}],"about":[{"href":"https:\/\/schuhewiebarfuss.at\/shop\/wp-json\/wp\/v2\/types\/product"}],"replies":[{"embeddable":true,"href":"https:\/\/schuhewiebarfuss.at\/shop\/wp-json\/wp\/v2\/comments?post=469641"}],"wp:featuredmedia":[{"embeddable":true,"href":"https:\/\/schuhewiebarfuss.at\/shop\/wp-json\/wp\/v2\/media\/790348"}],"wp:attachment":[{"href":"https:\/\/schuhewiebarfuss.at\/shop\/wp-json\/wp\/v2\/media?parent=469641"}],"wp:term":[{"taxonomy":"product_brand","embeddable":true,"href":"https:\/\/schuhewiebarfuss.at\/shop\/wp-json\/wp\/v2\/product_brand?post=469641"},{"taxonomy":"product_cat","embeddable":true,"href":"https:\/\/schuhewiebarfuss.at\/shop\/wp-json\/wp\/v2\/product_cat?post=469641"},{"taxonomy":"product_tag","embeddable":true,"href":"https:\/\/schuhewiebarfuss.at\/shop\/wp-json\/wp\/v2\/product_tag?post=469641"}],"curies":[{"name":"wp","href":"https:\/\/api.w.org\/{rel}","templated":true}]}}