{"id":469622,"date":"2024-04-03T03:09:15","date_gmt":"2024-04-03T01:09:15","guid":{"rendered":"https:\/\/schuhewiebarfuss.at\/shop\/produkt\/palermo-bf\/"},"modified":"2026-03-01T14:15:36","modified_gmt":"2026-03-01T13:15:36","slug":"palermo-bf-herren","status":"publish","type":"product","link":"https:\/\/schuhewiebarfuss.at\/shop\/produkt\/palermo-bf-herren\/","title":{"rendered":"Palermo BF+ Herren"},"content":{"rendered":"<p>Der Palermo Barefoot+ ist ein vielseitiger und klassischer Barfu\u00dfschuh mit weiter Zehenbox, den du sowohl schick als auch sportlich kombinieren kannst. Der Schn\u00fcrer aus hochwertigem Leder und atmungsaktivem OnSteam\u00ae Innenfutter aus Microfaser sorgt mit der d\u00fcnnen und flexiblen Sohle f\u00fcr viel nat\u00fcrliches Barfu\u00dffeeling. Optisch auf das Wesentliche reduziert, findest du hier einen Daily-Allrounder f\u00fcr viele Anl\u00e4sse. <\/p>\n<p>Besonderheiten<\/p>\n<p>    Groundies Barfu\u00dfsneaker Palermo Barefoot+<br \/>\n    Barefoot+: f\u00fcr besonders viel Platz im Zehenbereich<br \/>\n    Nullabsatz und neutrales Fu\u00dfbett<br \/>\n    Obermaterial aus hochwertigem Leder<br \/>\n    Weiches OnSteam\u00ae Innenfutter aus atmungsaktiver Mikrofaser<br \/>\n    TrueSense\u00ae GO1 Sohle mit 3 mm Basis und 3,3 mm Profil<br \/>\n    Flexibel, rutsch- und abriebfest<br \/>\n    Klassischer Schn\u00fcr-Barfu\u00dfschuh<br \/>\n    Nat\u00fcrliches Barfu\u00dffeeling mit extra viel Zehenfreiheit<br \/>\n    Designed in Germany. Made in Portugal<br \/>\n    Gr\u00f6\u00dfenhinweis: Dieses Modell f\u00e4llt in der L\u00e4nge gr\u00f6\u00dfengerecht aus<\/p>\n<p>Pflegehinweise<\/p>\n<p>Mit Bedacht solltest du deine Lederschuhe behandeln. Wir bitten dich hier die \u00fcblichen Hinweise zur richtigen Pflege von Lederschuhen zu beachten. Leder darf nicht mit Reinigungsmittel ges\u00e4ubert werden und ben\u00f6tigt immer mal wieder Feuchtigkeit. Die Behandlung mit einfachem Wachs oder einem Lederpflegemittel aus unserem Zubeh\u00f6r k\u00f6nnen wir empfehlen.<\/p>\n<p><b>Audio-Beschreibung<\/b><br \/><audio controls src=\"https:\/\/schuhewiebarfuss.at\/shop\/wp-content\/uploads\/lk\/9388_audio.wav\"><br \/>\n                                            Ihr Browser unterst\u00fctzt diese Audio-Ausgabe leider nicht.<br \/>\n                                            <\/ audio ><\/p>\n","protected":false},"excerpt":{"rendered":"<p>Groundies Barfu\u00dfsneaker Palermo Barefoot+ (extra Breit)<\/p>\n<p>Obermaterial: hochwertigem Leder<br \/>\nInnenfutter: OnSteam\u00ae aus atmungsaktiver Mikrofaser<br \/>\nSohle: TrueSense\u00ae GO1 Sohle<br \/>\nInnensohle: keine herausnehmbare Sohle<br \/>\nAbsatz: Nullabsatz und neutrales Fu\u00dfbett<br \/>\nZehenbox: Anatomisch, weitere Passform im Zehenbereich<br \/>\nFlexibel, rutsch- und abriebfest<\/p>\n","protected":false},"featured_media":501826,"comment_status":"open","ping_status":"closed","template":"","meta":[],"product_brand":[],"product_cat":[836],"product_tag":[1544,1408,1375,1376,1377,1378,1379,1380,1381,1449,2953],"class_list":{"0":"post-469622","1":"product","2":"type-product","3":"status-publish","4":"has-post-thumbnail","6":"product_cat-lifestyle-2","7":"product_tag-farbe-braun","8":"product_tag-farbe-schwarz","9":"product_tag-groesse-40","10":"product_tag-groesse-41","11":"product_tag-groesse-42","12":"product_tag-groesse-43","13":"product_tag-groesse-44","14":"product_tag-groesse-45","15":"product_tag-groesse-46","16":"product_tag-groesse-47","17":"product_tag-marke-groundies","19":"first","20":"instock","21":"taxable","22":"shipping-taxable","23":"purchasable","24":"product-type-variable"},"_links":{"self":[{"href":"https:\/\/schuhewiebarfuss.at\/shop\/wp-json\/wp\/v2\/product\/469622","targetHints":{"allow":["GET"]}}],"collection":[{"href":"https:\/\/schuhewiebarfuss.at\/shop\/wp-json\/wp\/v2\/product"}],"about":[{"href":"https:\/\/schuhewiebarfuss.at\/shop\/wp-json\/wp\/v2\/types\/product"}],"replies":[{"embeddable":true,"href":"https:\/\/schuhewiebarfuss.at\/shop\/wp-json\/wp\/v2\/comments?post=469622"}],"wp:featuredmedia":[{"embeddable":true,"href":"https:\/\/schuhewiebarfuss.at\/shop\/wp-json\/wp\/v2\/media\/501826"}],"wp:attachment":[{"href":"https:\/\/schuhewiebarfuss.at\/shop\/wp-json\/wp\/v2\/media?parent=469622"}],"wp:term":[{"taxonomy":"product_brand","embeddable":true,"href":"https:\/\/schuhewiebarfuss.at\/shop\/wp-json\/wp\/v2\/product_brand?post=469622"},{"taxonomy":"product_cat","embeddable":true,"href":"https:\/\/schuhewiebarfuss.at\/shop\/wp-json\/wp\/v2\/product_cat?post=469622"},{"taxonomy":"product_tag","embeddable":true,"href":"https:\/\/schuhewiebarfuss.at\/shop\/wp-json\/wp\/v2\/product_tag?post=469622"}],"curies":[{"name":"wp","href":"https:\/\/api.w.org\/{rel}","templated":true}]}}