{"id":469601,"date":"2024-04-03T02:42:55","date_gmt":"2024-04-03T00:42:55","guid":{"rendered":"https:\/\/schuhewiebarfuss.at\/shop\/produkt\/amsterdam-herren-schwarz\/"},"modified":"2026-03-01T17:50:48","modified_gmt":"2026-03-01T16:50:48","slug":"amsterdam-herren-schwarz","status":"publish","type":"product","link":"https:\/\/schuhewiebarfuss.at\/shop\/produkt\/amsterdam-herren-schwarz\/","title":{"rendered":"Amsterdam+ Herren Schwarz"},"content":{"rendered":"<p>Unseren Sommerklassiker unter den Groundies Barfu\u00dfschuhen gibt es nun auch in Barefoot+: Unser Amsterdam ist luftig-leicht, vielf\u00e4ltig kombinierbar und sorgt dank weiter Zehenbox f\u00fcr besonders viel Platz und Bewegungsfreiheit im Zehenbereich. Der l\u00e4ssige Sneaker besteht aus robustem und gleichzeitig geschmeidigem Ziegenleder sowie atmungsaktivem OnSteam\u00ae Innenfutter aus Mikrofaser. Die original TrueSense\u00ae GO1-Barfu\u00dfsohle ist flach, extrem d\u00fcnn und l\u00e4sst sich in alle Richtungen biegen. So genie\u00dft du Bewegungsfreiheit und den direkten Kontakt zum Boden mit jedem Schritt. <\/p>\n<p>Groundies Barfu\u00dfsneaker Amsterdam Barefoot+<br \/>\nBarefoot+: besonders weite Zehenbox f\u00fcr viel Platz im Zehenbereich<br \/>\nNullabsatz und neutrales Fu\u00dfbett<br \/>\nObermaterial aus weichem Ziegenleder<br \/>\nWeiches OnSteam\u00ae Innenfutter aus atmungsaktiver Mikrofaser<br \/>\nTrueSense\u00ae GO1 Sohle mit 3 mm Basis und 3,3 mm Profil<br \/>\nFlexibel, rutsch- und abriebfest<br \/>\nDesigned in Germany. Made in Portugal<br \/>\nGr\u00f6\u00dfenhinweis: Dieses Modell f\u00e4llt gr\u00f6\u00dfengerecht aus<\/p>\n<p>Pflegehinweise:<\/p>\n<p>Bitte verwende zum Reinigen deiner Groundies ein mit kaltem, klarem Wasser angefeuchtetes Tuch oder einen Schwamm. Besonders bei Leder- und Kunstleder-Modellen ist eine Impr\u00e4gnierung unbedingt empfehlenswert, um die Schuhe vor Feuchtigkeit, Verschmutzung und Umwelteinfl\u00fcssen zu sch\u00fctzen.<\/p>\n<p><b>Audio-Beschreibung<\/b><br \/><audio controls src=\"https:\/\/schuhewiebarfuss.at\/shop\/wp-content\/uploads\/lk\/9388_audio.wav\"><br \/>\n                                            Ihr Browser unterst\u00fctzt diese Audio-Ausgabe leider nicht.<br \/>\n                                            <\/ audio ><\/p>\n","protected":false},"excerpt":{"rendered":"<p>weiches Ziegenleder<br \/>\nWeiches Innenfutter aus atmungsaktiver Mikrofaser<br \/>\nFlexibel, rutsch- und abriebfest<br \/>\nbesonders weite Zehenbox<\/p>\n","protected":false},"featured_media":501257,"comment_status":"open","ping_status":"closed","template":"","meta":[],"product_brand":[],"product_cat":[3121],"product_tag":[1375,1376,1377,1378,1379,1380,1381,1449,2953,1450],"class_list":{"0":"post-469601","1":"product","2":"type-product","3":"status-publish","4":"has-post-thumbnail","6":"product_cat-sale","7":"product_tag-groesse-40","8":"product_tag-groesse-41","9":"product_tag-groesse-42","10":"product_tag-groesse-43","11":"product_tag-groesse-44","12":"product_tag-groesse-45","13":"product_tag-groesse-46","14":"product_tag-groesse-47","15":"product_tag-marke-groundies","16":"product_tag-sale","18":"first","19":"instock","20":"taxable","21":"shipping-taxable","22":"purchasable","23":"product-type-variable"},"_links":{"self":[{"href":"https:\/\/schuhewiebarfuss.at\/shop\/wp-json\/wp\/v2\/product\/469601","targetHints":{"allow":["GET"]}}],"collection":[{"href":"https:\/\/schuhewiebarfuss.at\/shop\/wp-json\/wp\/v2\/product"}],"about":[{"href":"https:\/\/schuhewiebarfuss.at\/shop\/wp-json\/wp\/v2\/types\/product"}],"replies":[{"embeddable":true,"href":"https:\/\/schuhewiebarfuss.at\/shop\/wp-json\/wp\/v2\/comments?post=469601"}],"wp:featuredmedia":[{"embeddable":true,"href":"https:\/\/schuhewiebarfuss.at\/shop\/wp-json\/wp\/v2\/media\/501257"}],"wp:attachment":[{"href":"https:\/\/schuhewiebarfuss.at\/shop\/wp-json\/wp\/v2\/media?parent=469601"}],"wp:term":[{"taxonomy":"product_brand","embeddable":true,"href":"https:\/\/schuhewiebarfuss.at\/shop\/wp-json\/wp\/v2\/product_brand?post=469601"},{"taxonomy":"product_cat","embeddable":true,"href":"https:\/\/schuhewiebarfuss.at\/shop\/wp-json\/wp\/v2\/product_cat?post=469601"},{"taxonomy":"product_tag","embeddable":true,"href":"https:\/\/schuhewiebarfuss.at\/shop\/wp-json\/wp\/v2\/product_tag?post=469601"}],"curies":[{"name":"wp","href":"https:\/\/api.w.org\/{rel}","templated":true}]}}