{"id":469593,"date":"2024-04-03T02:34:18","date_gmt":"2024-04-03T00:34:18","guid":{"rendered":"https:\/\/schuhewiebarfuss.at\/shop\/produkt\/vapor-glove-6-ltr-herren\/"},"modified":"2026-04-16T23:32:08","modified_gmt":"2026-04-16T21:32:08","slug":"vapor-glove-6-ltr-herren","status":"publish","type":"product","link":"https:\/\/schuhewiebarfuss.at\/shop\/produkt\/vapor-glove-6-ltr-herren\/","title":{"rendered":"Vapor Glove 6 LTR Herren"},"content":{"rendered":"<p>Tauchen Sie ein in das ultimative barfu\u00df\u00e4hnliche Lauferlebnis mit dem Merrell Vapor Glove 6 LTR. Dieser Schuh kombiniert minimalistisches Design mit hochwertigem Leder, um Ihnen ein unvergleichliches Gef\u00fchl von Freiheit und Flexibilit\u00e4t zu bieten.<br \/>\nDas Obermaterial aus langlebigem, leichtem Leder schmiegt sich sanft an Ihren Fu\u00df an und erm\u00f6glicht eine nat\u00fcrliche Bewegungsfreiheit. Gleichzeitig bietet es Halt und Schutz, damit Sie sich sicher und unterst\u00fctzt f\u00fchlen.<br \/>\nDie zungenlose Konstruktion verhindert ein Verrutschen der Zunge und sorgt f\u00fcr eine perfekte Passform. Jeder Schritt wird von der d\u00fcnnen, aber sch\u00fctzenden Sohle abgefedert, die ein direktes Bodengef\u00fchl vermittelt und Ihnen ein intensives Lauferlebnis erm\u00f6glicht.<br \/>\nDie Vibram\u00ae-Au\u00dfensohle bietet Ihnen hervorragende Traktion auf verschiedenen Untergr\u00fcnden, damit Sie mit Selbstvertrauen und Stabilit\u00e4t laufen k\u00f6nnen. Egal, ob Sie auf der Stra\u00dfe, dem Gehweg oder im Park unterwegs sind, der Vapor Glove 6 LTR bringt Sie dorthin, wohin Sie gehen m\u00f6chten.<br \/>\nMit seiner atmungsaktiven Konstruktion h\u00e4lt der Schuh Ihre F\u00fc\u00dfe k\u00fchl und trocken, selbst bei intensiven L\u00e4ufen. Es ist Zeit, Ihre Grenzen zu \u00fcberschreiten und Ihre nat\u00fcrliche Lauff\u00e4higkeit zu entfesseln.<br \/>\nEntdecken Sie die Freude des Barfu\u00dflaufens mit dem Merrell Vapor Glove 6 LTR. Geben Sie Ihren F\u00fc\u00dfen die Freiheit, die sie verdienen, und erleben Sie ein Laufgef\u00fchl wie nie zuvor und trockenen Oberfl\u00e4chen.<\/p>\n<p>\u2022 Obermaterial: Leder<br \/>\n\u2022 Schn\u00fcrsenkel aus 100 % recyceltem Material<br \/>\n\u2022 Atmungsaktives Mesh-Innenfutter aus 100 % recyceltem Material<br \/>\n\u2022 Mesh-Lage auf dem Fu\u00dfbett aus 100 % recyceltem Material<br \/>\n\u2022 Nat\u00fcrliche, geruchshemmende Cleansport NXT\u2122 Technologie<br \/>\n\u2022 Integrierte Innensohle aus 30 % recyceltem EVA-Schaum<br \/>\n\u2022 Mit der Merrell Barefoot 2 Konstruktion nimmt der Fu\u00df eine nat\u00fcrliche Position ein<br \/>\n\u2022 Vibram Ecostep Recycle Laufsohle aus 30 % recyceltem Gummi f\u00fcr Strapazierf\u00e4higkeit und optimale Bodenhaftung auf nassen und trockenen Oberfl\u00e4chen<\/p>\n<p>Gr\u00f6\u00dfenhinweis: F\u00e4llt klein aus, bitte eine Gr\u00f6\u00dfe gr\u00f6\u00dfer bestellen.<\/p>\n<p><b>Audio-Beschreibung<\/b><br \/><audio controls src=\"https:\/\/schuhewiebarfuss.at\/shop\/wp-content\/uploads\/lk\/7358_audio.wav\"><br \/>\n                                            Ihr Browser unterst\u00fctzt diese Audio-Ausgabe leider nicht.<br \/>\n                                            <\/ audio ><\/p>\n","protected":false},"excerpt":{"rendered":"<p>Merrell VAPOR GLOVE LTR<\/p>\n<p>Materialtyp: Textil, Leder\/Synthetik<br \/>\nMaterialhinweis: enth\u00e4lt recyceltes Material, enth\u00e4lt keine textile Teile tierischen Ursprungs<br \/>\nMaterialeigenschaften: atmungsaktiv<br \/>\nVerschluss: Schn\u00fcrung<br \/>\nSohle: Vibram Ecostep<br \/>\nEinsatzbereich: Wandern, Trailrunning, Fitness<br \/>\nVegan<br \/>\nGr\u00f6\u00dfenhinweis: F\u00e4llt klein aus, bitte eine Gr\u00f6\u00dfe gr\u00f6\u00dfer bestellen<\/p>\n","protected":false},"featured_media":519919,"comment_status":"open","ping_status":"closed","template":"","meta":[],"product_brand":[],"product_cat":[836],"product_tag":[1479,1544,1371,1570,1798,1408,1375,1376,1377,1378,1379,1380,1381,1449,2468],"class_list":{"0":"post-469593","1":"product","2":"type-product","3":"status-publish","4":"has-post-thumbnail","6":"product_cat-lifestyle-2","7":"product_tag-farbe-blau","8":"product_tag-farbe-braun","9":"product_tag-farbe-grau","10":"product_tag-farbe-gruen","11":"product_tag-farbe-hellbraun","12":"product_tag-farbe-schwarz","13":"product_tag-groesse-40","14":"product_tag-groesse-41","15":"product_tag-groesse-42","16":"product_tag-groesse-43","17":"product_tag-groesse-44","18":"product_tag-groesse-45","19":"product_tag-groesse-46","20":"product_tag-groesse-47","21":"product_tag-marke-merrell","23":"first","24":"instock","25":"taxable","26":"shipping-taxable","27":"purchasable","28":"product-type-variable"},"_links":{"self":[{"href":"https:\/\/schuhewiebarfuss.at\/shop\/wp-json\/wp\/v2\/product\/469593","targetHints":{"allow":["GET"]}}],"collection":[{"href":"https:\/\/schuhewiebarfuss.at\/shop\/wp-json\/wp\/v2\/product"}],"about":[{"href":"https:\/\/schuhewiebarfuss.at\/shop\/wp-json\/wp\/v2\/types\/product"}],"replies":[{"embeddable":true,"href":"https:\/\/schuhewiebarfuss.at\/shop\/wp-json\/wp\/v2\/comments?post=469593"}],"wp:featuredmedia":[{"embeddable":true,"href":"https:\/\/schuhewiebarfuss.at\/shop\/wp-json\/wp\/v2\/media\/519919"}],"wp:attachment":[{"href":"https:\/\/schuhewiebarfuss.at\/shop\/wp-json\/wp\/v2\/media?parent=469593"}],"wp:term":[{"taxonomy":"product_brand","embeddable":true,"href":"https:\/\/schuhewiebarfuss.at\/shop\/wp-json\/wp\/v2\/product_brand?post=469593"},{"taxonomy":"product_cat","embeddable":true,"href":"https:\/\/schuhewiebarfuss.at\/shop\/wp-json\/wp\/v2\/product_cat?post=469593"},{"taxonomy":"product_tag","embeddable":true,"href":"https:\/\/schuhewiebarfuss.at\/shop\/wp-json\/wp\/v2\/product_tag?post=469593"}],"curies":[{"name":"wp","href":"https:\/\/api.w.org\/{rel}","templated":true}]}}