{"id":469546,"date":"2024-04-03T02:17:09","date_gmt":"2024-04-03T00:17:09","guid":{"rendered":"https:\/\/schuhewiebarfuss.at\/shop\/produkt\/xcursion-fusion-damen\/"},"modified":"2026-04-15T01:34:37","modified_gmt":"2026-04-14T23:34:37","slug":"xcursion-fusion-damen","status":"publish","type":"product","link":"https:\/\/schuhewiebarfuss.at\/shop\/produkt\/xcursion-fusion-damen\/","title":{"rendered":"Xcursion Fusion Damen"},"content":{"rendered":"<p>Wenn du nach einer langen Wanderung froh bist, endlich aus deinen Schuhen zu kommen, tr\u00e4gst du sicher keinen Xero XCursion Fusion!<\/p>\n<p>Dieser minimalistische Wanderschuh bietet durch seine ergonomische Zehenbox und das geringe Gewicht (nur 374 Gramm in Gr. 42) maximalen Komfort. Das geschwei\u00dfte Obermaterial  und die strapazierf\u00e4hige Zehenkappe sind \u00e4u\u00dferst robust Durch den nahtversiegelten Innenschuh und die wasserabweisende Membran ist der Schuh zudem absolut wasserdicht. Die 10-mm-FeelTrue\u00ae-Sohle mit einem robusten Dual-Chevron-Profil mit 3,5-mm-Stollen bietet hervorragenden Schutz und Grip ohne das Bodengef\u00fchl zu beeintr\u00e4chtigen. <\/p>\n<p><b>Audio-Beschreibung<\/b><br \/><audio controls src=\"https:\/\/schuhewiebarfuss.at\/shop\/wp-content\/uploads\/lk\/5988_audio.wav\"><br \/>\n                                            Ihr Browser unterst\u00fctzt diese Audio-Ausgabe leider nicht.<br \/>\n                                            <\/ audio ><\/p>\n","protected":false},"excerpt":{"rendered":"<p>Obermaterial: geschwei\u00dftes, strapazierf\u00e4higes Obermaterial mit wasserabweisender Membran<br \/>\nInnenmaterial: Textil<br \/>\nSohle: 10-mm-FeelTrue\u00ae-Sohle, einem robusten Dual-Chevron-Profil mit 3,5 -mm  -Stollen<br \/>\nwasserdicht<br \/>\nherausnehmbare, 3 mm Einlegesohle<br \/>\nvegan<br \/>\nergonomische Zehenbox<\/p>\n","protected":false},"featured_media":469545,"comment_status":"open","ping_status":"closed","template":"","meta":[],"product_brand":[],"product_cat":[833],"product_tag":[1479,2561,1371,2629,1408,1362,1368,1373,1374,1375,1376,2317,1377,2446],"class_list":{"0":"post-469546","1":"product","2":"type-product","3":"status-publish","4":"has-post-thumbnail","6":"product_cat-wanderschuhe-1","7":"product_tag-farbe-blau","8":"product_tag-farbe-dunkelgruen","9":"product_tag-farbe-grau","10":"product_tag-farbe-lila","11":"product_tag-farbe-schwarz","12":"product_tag-groesse-36","13":"product_tag-groesse-37","14":"product_tag-groesse-38","15":"product_tag-groesse-39","16":"product_tag-groesse-40","17":"product_tag-groesse-41","18":"product_tag-groesse-41-5","19":"product_tag-groesse-42","20":"product_tag-marke-xero","22":"first","23":"instock","24":"taxable","25":"shipping-taxable","26":"purchasable","27":"product-type-variable"},"_links":{"self":[{"href":"https:\/\/schuhewiebarfuss.at\/shop\/wp-json\/wp\/v2\/product\/469546","targetHints":{"allow":["GET"]}}],"collection":[{"href":"https:\/\/schuhewiebarfuss.at\/shop\/wp-json\/wp\/v2\/product"}],"about":[{"href":"https:\/\/schuhewiebarfuss.at\/shop\/wp-json\/wp\/v2\/types\/product"}],"replies":[{"embeddable":true,"href":"https:\/\/schuhewiebarfuss.at\/shop\/wp-json\/wp\/v2\/comments?post=469546"}],"wp:featuredmedia":[{"embeddable":true,"href":"https:\/\/schuhewiebarfuss.at\/shop\/wp-json\/wp\/v2\/media\/469545"}],"wp:attachment":[{"href":"https:\/\/schuhewiebarfuss.at\/shop\/wp-json\/wp\/v2\/media?parent=469546"}],"wp:term":[{"taxonomy":"product_brand","embeddable":true,"href":"https:\/\/schuhewiebarfuss.at\/shop\/wp-json\/wp\/v2\/product_brand?post=469546"},{"taxonomy":"product_cat","embeddable":true,"href":"https:\/\/schuhewiebarfuss.at\/shop\/wp-json\/wp\/v2\/product_cat?post=469546"},{"taxonomy":"product_tag","embeddable":true,"href":"https:\/\/schuhewiebarfuss.at\/shop\/wp-json\/wp\/v2\/product_tag?post=469546"}],"curies":[{"name":"wp","href":"https:\/\/api.w.org\/{rel}","templated":true}]}}