{"id":469519,"date":"2024-04-03T01:03:59","date_gmt":"2024-04-02T23:03:59","guid":{"rendered":"https:\/\/schuhewiebarfuss.at\/shop\/produkt\/nova-gs\/"},"modified":"2026-03-01T13:59:28","modified_gmt":"2026-03-01T12:59:28","slug":"nova-gs-damen","status":"publish","type":"product","link":"https:\/\/schuhewiebarfuss.at\/shop\/produkt\/nova-gs-damen\/","title":{"rendered":"Nova GS Damen"},"content":{"rendered":"<p>Entdecke mit dem Groundies Nova ein neues Level an Barfu\u00dffreiheit und Sommerfrische<\/p>\n<p>In dieser Saison verbindet der Nova feinstes Nubuk- und Rindsleder mit einem atmungsaktiven OnSteam\u00ae Innenfutter, um ein einzigartiges Gleichgewicht zwischen Optik und Tragekomfort zu bieten. Dazu erstrahlt der Nova in neuen, lebhaften Sommerfarben und bietet mit der innovativen Sohle GS1 ein un\u00fcbertroffenes Barfu\u00dfgef\u00fchl. Die anatomisch geformte Zehenbox und die feinf\u00fchligen TrueSense\u00ae Barfu\u00dfsohlen garantieren Komfort und Bewegungsfreiheit.<\/p>\n<p>Der Groundies Nova ist dein t\u00e4glicher Begleiter f\u00fcr ein authentisches Laufgef\u00fchl und sommerliches Auftreten.<\/p>\n<p>Unser Groundies\u00ae Barfu\u00dfsneaker Nova GS steht f\u00fcr Neues und f\u00fcr die Symbiose moderner Optik mit Luxus und echtem Barfu\u00dffeeling. Denn das Design dieses Sneakers wird durch subtil abgesetzte Elemente aus feinem Leder, eine exklusive Farbauswahl und ein edles Branding nahe der Schn\u00fcrung bestimmt. F\u00fcr viel Komfort und Barfu\u00dffeeling sorgen der fu\u00dffreundliche Schnitt und die feinf\u00fchlige TrueSense\u00ae Barfu\u00dfsohle.<\/p>\n<p>Besonderheiten<\/p>\n<p>    Anatomische Zehenbox f\u00fcr eine fu\u00dfgerechte, weitere Passform im Zehenbereich<br \/>\n    Nullabsatz und neutrales Fu\u00dfbett<br \/>\n    Obermaterial aus Rau- und Glattleder<br \/>\n    Atmungsaktives Innenfutter aus Mesh und OnSteam\u00ae Mikrofaser<br \/>\n    TrueSense\u00ae GS1 Sohle mit 3 mm Basis und 3,9 mm Profil<br \/>\n    Flexibel, rutsch- und abriebfest<br \/>\n    Designed in Germany. Made in Portugal<br \/>\n    Gr\u00f6\u00dfenhinweis: Dieses Modell f\u00e4llt gr\u00f6\u00dfengerecht aus<\/p>\n<p>Pflegehinweise<\/p>\n<p>Mit Bedacht solltest du deine Lederschuhe behandeln. Wir bitten dich hier die \u00fcblichen Hinweise zur richtigen Pflege von Lederschuhen zu beachten. Leder darf nicht mit Reinigungsmittel ges\u00e4ubert werden und ben\u00f6tigt immer mal wieder Feuchtigkeit. Die Behandlung mit einfachem Wachs oder einem Lederpflegemittel aus unserem Zubeh\u00f6r k\u00f6nnen wir empfehlen.<\/p>\n<p><b>Audio-Beschreibung<\/b><br \/><audio controls src=\"https:\/\/schuhewiebarfuss.at\/shop\/wp-content\/uploads\/lk\/9388_audio.wav\"><br \/>\n                                            Ihr Browser unterst\u00fctzt diese Audio-Ausgabe leider nicht.<br \/>\n                                            <\/ audio ><\/p>\n","protected":false},"excerpt":{"rendered":"<p>Groundies\u00ae Barfu\u00dfschuh Nova GS<\/p>\n<p>Obermaterial: Rau- und Glattleder<br \/>\nInnenfutter: aus Mesh und atmungsaktiver OnSteam\u00ae Mikrofaser<br \/>\nSohle: TrueSense\u00ae GS1 Sohle<br \/>\nInnensohle: keine herausnehmbare Sohle<br \/>\nAbsatz: Nullabsatz und neutrales Fu\u00dfbett<br \/>\nZehenbox: Anatomisch, weitere Passform im Zehenbereich<br \/>\nFlexibel, rutsch- und abriebfest<\/p>\n","protected":false},"featured_media":491144,"comment_status":"open","ping_status":"closed","template":"","meta":[],"product_brand":[],"product_cat":[3121],"product_tag":[1544,1371,1481,2308,1657,1362,1368,1373,1374,1375,1376,1377,2953,1450],"class_list":{"0":"post-469519","1":"product","2":"type-product","3":"status-publish","4":"has-post-thumbnail","6":"product_cat-sale","7":"product_tag-farbe-braun","8":"product_tag-farbe-grau","9":"product_tag-farbe-pink","10":"product_tag-farbe-rosa","11":"product_tag-farbe-silber","12":"product_tag-groesse-36","13":"product_tag-groesse-37","14":"product_tag-groesse-38","15":"product_tag-groesse-39","16":"product_tag-groesse-40","17":"product_tag-groesse-41","18":"product_tag-groesse-42","19":"product_tag-marke-groundies","20":"product_tag-sale","22":"first","23":"instock","24":"sale","25":"taxable","26":"shipping-taxable","27":"purchasable","28":"product-type-variable"},"_links":{"self":[{"href":"https:\/\/schuhewiebarfuss.at\/shop\/wp-json\/wp\/v2\/product\/469519","targetHints":{"allow":["GET"]}}],"collection":[{"href":"https:\/\/schuhewiebarfuss.at\/shop\/wp-json\/wp\/v2\/product"}],"about":[{"href":"https:\/\/schuhewiebarfuss.at\/shop\/wp-json\/wp\/v2\/types\/product"}],"replies":[{"embeddable":true,"href":"https:\/\/schuhewiebarfuss.at\/shop\/wp-json\/wp\/v2\/comments?post=469519"}],"wp:featuredmedia":[{"embeddable":true,"href":"https:\/\/schuhewiebarfuss.at\/shop\/wp-json\/wp\/v2\/media\/491144"}],"wp:attachment":[{"href":"https:\/\/schuhewiebarfuss.at\/shop\/wp-json\/wp\/v2\/media?parent=469519"}],"wp:term":[{"taxonomy":"product_brand","embeddable":true,"href":"https:\/\/schuhewiebarfuss.at\/shop\/wp-json\/wp\/v2\/product_brand?post=469519"},{"taxonomy":"product_cat","embeddable":true,"href":"https:\/\/schuhewiebarfuss.at\/shop\/wp-json\/wp\/v2\/product_cat?post=469519"},{"taxonomy":"product_tag","embeddable":true,"href":"https:\/\/schuhewiebarfuss.at\/shop\/wp-json\/wp\/v2\/product_tag?post=469519"}],"curies":[{"name":"wp","href":"https:\/\/api.w.org\/{rel}","templated":true}]}}