{"id":469512,"date":"2024-04-03T00:57:36","date_gmt":"2024-04-02T22:57:36","guid":{"rendered":"https:\/\/schuhewiebarfuss.at\/shop\/produkt\/lily-2-schwarz\/"},"modified":"2026-03-01T10:29:17","modified_gmt":"2026-03-01T09:29:17","slug":"lily-2-schwarz","status":"publish","type":"product","link":"https:\/\/schuhewiebarfuss.at\/shop\/produkt\/lily-2-schwarz\/","title":{"rendered":"Lily 2 Schwarz"},"content":{"rendered":"<p>Unsere Groundies\u00ae Barfu\u00df-Ballerina Lily 2.0 ist das Nachfolgermodell unserer Lily Classic und ein klassisches und zeitloses Must-Have f\u00fcr jede Garderobe. Mit ihrer elastischen Kanteneinfassung f\u00fcr eine bessere Passform, steht Lily f\u00fcr unkompliziertes Reinschl\u00fcpfen, jede Menge Komfort sowie luftig-leichtes Barfu\u00dffeeling. Die zus\u00e4tzliche Einlegesohle sorgt f\u00fcr extra Komfort. Das butterweiche Obermaterial aus Ziegenleder sowie das atmungsaktive OnSteam\u00ae Innenfutter aus Microfaser machen sie zur idealen Begleiterin an unbeschwerten Fr\u00fchjahrs- oder Sommertagen.<\/p>\n<p>Besonderheiten<\/p>\n<p>    Anatomische Zehenbox f\u00fcr eine fu\u00dfgerechte, weitere Passform im Zehenbereich<br \/>\n    Nullabsatz und neutrales Fu\u00dfbett<br \/>\n    Elastische Kanteneinfassung f\u00fcr bessere Passform<br \/>\n    Obermaterial aus weichem Ziegenleder<br \/>\n    Weiches OnSteam\u00ae Innenfutter aus atmungsaktiver Mikrofaser<br \/>\n    TrueSense\u00ae Ballerinasohle mit 3 mm Basis und 1 mm Profil<br \/>\n    Zus\u00e4tzliche Einlegesohle f\u00fcr extra Komfort<br \/>\n    Flexibel, rutsch- und abriebfest<br \/>\n    Designed in Germany. Made in Portugal<br \/>\n    Gr\u00f6\u00dfenhinweis: Dieses Modell f\u00e4llt etwas gr\u00f6\u00dfer aus<\/p>\n<p>Pflegehinweise<\/p>\n<p>    Bitte verwende zum Reinigen deiner Groundies ein mit kaltem, klarem Wasser angefeuchtetes Tuch oder einen Schwamm. Besonders bei Leder- und Kunstleder-Modellen ist eine Impr\u00e4gnierung unbedingt empfehlenswert, um die Schuhe vor Feuchtigkeit, Verschmutzung und Umwelteinfl\u00fcssen zu sch\u00fctzen.<\/p>\n<p><b>Audio-Beschreibung<\/b><br \/><audio controls src=\"https:\/\/schuhewiebarfuss.at\/shop\/wp-content\/uploads\/lk\/9387_audio.wav\"><br \/>\n                                            Ihr Browser unterst\u00fctzt diese Audio-Ausgabe leider nicht.<br \/>\n                                            <\/ audio ><\/p>\n","protected":false},"excerpt":{"rendered":"<p>Groundies\u00ae Barfu\u00df-Ballerina Lily 2.0<\/p>\n<p>Obermaterial: Ziegenleder<br \/>\nInnenfutter: OnSteam\u00ae Iaus atmungsaktiver Mikrofaser<br \/>\nSohle: TrueSense\u00ae Ballerinasohle<br \/>\nInnensohle:<br \/>\nAbsatz: Nullabsatz und neutrales Fu\u00dfbett<br \/>\nZehenbox: Anatomisch, weitere Passform im Zehenbereich<br \/>\nFlexibel, rutsch- und abriebfest<br \/>\nElastische Kanteneinfassung<\/p>\n","protected":false},"featured_media":479563,"comment_status":"open","ping_status":"closed","template":"","meta":[],"product_brand":[],"product_cat":[3121],"product_tag":[1362,1368,1373,1374,1375,1376,1377,2953,1450],"class_list":{"0":"post-469512","1":"product","2":"type-product","3":"status-publish","4":"has-post-thumbnail","6":"product_cat-sale","7":"product_tag-groesse-36","8":"product_tag-groesse-37","9":"product_tag-groesse-38","10":"product_tag-groesse-39","11":"product_tag-groesse-40","12":"product_tag-groesse-41","13":"product_tag-groesse-42","14":"product_tag-marke-groundies","15":"product_tag-sale","17":"first","18":"instock","19":"sale","20":"taxable","21":"shipping-taxable","22":"purchasable","23":"product-type-variable"},"_links":{"self":[{"href":"https:\/\/schuhewiebarfuss.at\/shop\/wp-json\/wp\/v2\/product\/469512","targetHints":{"allow":["GET"]}}],"collection":[{"href":"https:\/\/schuhewiebarfuss.at\/shop\/wp-json\/wp\/v2\/product"}],"about":[{"href":"https:\/\/schuhewiebarfuss.at\/shop\/wp-json\/wp\/v2\/types\/product"}],"replies":[{"embeddable":true,"href":"https:\/\/schuhewiebarfuss.at\/shop\/wp-json\/wp\/v2\/comments?post=469512"}],"wp:featuredmedia":[{"embeddable":true,"href":"https:\/\/schuhewiebarfuss.at\/shop\/wp-json\/wp\/v2\/media\/479563"}],"wp:attachment":[{"href":"https:\/\/schuhewiebarfuss.at\/shop\/wp-json\/wp\/v2\/media?parent=469512"}],"wp:term":[{"taxonomy":"product_brand","embeddable":true,"href":"https:\/\/schuhewiebarfuss.at\/shop\/wp-json\/wp\/v2\/product_brand?post=469512"},{"taxonomy":"product_cat","embeddable":true,"href":"https:\/\/schuhewiebarfuss.at\/shop\/wp-json\/wp\/v2\/product_cat?post=469512"},{"taxonomy":"product_tag","embeddable":true,"href":"https:\/\/schuhewiebarfuss.at\/shop\/wp-json\/wp\/v2\/product_tag?post=469512"}],"curies":[{"name":"wp","href":"https:\/\/api.w.org\/{rel}","templated":true}]}}