{"id":469490,"date":"2024-04-03T00:04:11","date_gmt":"2024-04-02T22:04:11","guid":{"rendered":"https:\/\/schuhewiebarfuss.at\/shop\/produkt\/ruby\/"},"modified":"2026-04-18T18:46:28","modified_gmt":"2026-04-18T16:46:28","slug":"ruby","status":"publish","type":"product","link":"https:\/\/schuhewiebarfuss.at\/shop\/produkt\/ruby\/","title":{"rendered":"Ruby"},"content":{"rendered":"<p>Unsere Groundies\u00ae Barfu\u00df-Ballerina Ruby ist zeitlos und klassisch und rundet jedes sommerliche Outfit ab, ohne aufdringlich zu wirken. Mit ihrer elastischen Kanteneinfassung f\u00fcr eine bessere Passform, steht Ruby f\u00fcr unkompliziertes Reinschl\u00fcpfen, jede Menge Komfort sowie luftig-leichtes Barfu\u00dffeeling. Das Obermaterial aus weichem, hochwertigem Leder sowie das atmungsaktive OnSteam\u00ae Innenfutter aus Microfaser machen sie zur idealen Begleiterin an unbeschwerten Fr\u00fchjahrs- oder Sommertagen.<\/p>\n<p>Besonderheiten<\/p>\n<p>    Anatomische Zehenbox f\u00fcr eine fu\u00dfgerechte, weitere Passform im Zehenbereich<br \/>\n    Nullabsatz und neutrales Fu\u00dfbett<br \/>\n    Elastische Kanteneinfassung f\u00fcr bessere Passform<br \/>\n    Obermaterial aus weichem, hochwertigem Leder<br \/>\n    Weiches OnSteam\u00ae Innenfutter aus atmungsaktiver Mikrofaser<br \/>\n    TrueSense\u00ae Ballerinasohle mit 3 mm Basis und 1 mm Profil<br \/>\n    Flexibel, rutsch- und abriebfest<br \/>\n    Designed in Germany. Made in Portugal<br \/>\n    Gr\u00f6\u00dfenhinweis: Dieses Modell f\u00e4llt etwas gr\u00f6\u00dfer aus<\/p>\n<p>Pflegehinweise<\/p>\n<p>Bitte verwende zum Reinigen deiner Groundies ein mit kaltem, klarem Wasser angefeuchtetes Tuch oder einen Schwamm. Besonders bei Leder- und Kunstleder-Modellen ist eine Impr\u00e4gnierung unbedingt empfehlenswert, um die Schuhe vor Feuchtigkeit, Verschmutzung und Umwelteinfl\u00fcssen zu sch\u00fctzen.<\/p>\n<p><b>Audio-Beschreibung<\/b><br \/><audio controls src=\"https:\/\/schuhewiebarfuss.at\/shop\/wp-content\/uploads\/lk\/9387_audio.wav\"><br \/>\n                                            Ihr Browser unterst\u00fctzt diese Audio-Ausgabe leider nicht.<br \/>\n                                            <\/ audio ><\/p>\n","protected":false},"excerpt":{"rendered":"<p>Groundies\u00ae Barfu\u00df-Ballerina Ruby<\/p>\n<p>Obermaterial: weiches, hochwertiges Leder<br \/>\nInnenfutter: OnSteam\u00ae aus atmungsaktiver Mikrofaser<br \/>\nSohle: TrueSense\u00ae Ballerinasohle<br \/>\nInnensohle: keine herausnehmbare Sohle<br \/>\nAbsatz: Nullabsatz und neutrales Fu\u00dfbett<br \/>\nZehenbox: Anatomisch, weitere Passform im Zehenbereich<br \/>\nFlexibel, rutsch- und abriebfest<\/p>\n","protected":false},"featured_media":498235,"comment_status":"open","ping_status":"closed","template":"","meta":[],"product_brand":[],"product_cat":[3121],"product_tag":[2026,1479,1408,1362,1368,1373,1374,1375,1376,1377,2953,1450],"class_list":{"0":"post-469490","1":"product","2":"type-product","3":"status-publish","4":"has-post-thumbnail","6":"product_cat-sale","7":"product_tag-farbe-beige","8":"product_tag-farbe-blau","9":"product_tag-farbe-schwarz","10":"product_tag-groesse-36","11":"product_tag-groesse-37","12":"product_tag-groesse-38","13":"product_tag-groesse-39","14":"product_tag-groesse-40","15":"product_tag-groesse-41","16":"product_tag-groesse-42","17":"product_tag-marke-groundies","18":"product_tag-sale","20":"first","21":"instock","22":"taxable","23":"shipping-taxable","24":"purchasable","25":"product-type-variable"},"_links":{"self":[{"href":"https:\/\/schuhewiebarfuss.at\/shop\/wp-json\/wp\/v2\/product\/469490","targetHints":{"allow":["GET"]}}],"collection":[{"href":"https:\/\/schuhewiebarfuss.at\/shop\/wp-json\/wp\/v2\/product"}],"about":[{"href":"https:\/\/schuhewiebarfuss.at\/shop\/wp-json\/wp\/v2\/types\/product"}],"replies":[{"embeddable":true,"href":"https:\/\/schuhewiebarfuss.at\/shop\/wp-json\/wp\/v2\/comments?post=469490"}],"wp:featuredmedia":[{"embeddable":true,"href":"https:\/\/schuhewiebarfuss.at\/shop\/wp-json\/wp\/v2\/media\/498235"}],"wp:attachment":[{"href":"https:\/\/schuhewiebarfuss.at\/shop\/wp-json\/wp\/v2\/media?parent=469490"}],"wp:term":[{"taxonomy":"product_brand","embeddable":true,"href":"https:\/\/schuhewiebarfuss.at\/shop\/wp-json\/wp\/v2\/product_brand?post=469490"},{"taxonomy":"product_cat","embeddable":true,"href":"https:\/\/schuhewiebarfuss.at\/shop\/wp-json\/wp\/v2\/product_cat?post=469490"},{"taxonomy":"product_tag","embeddable":true,"href":"https:\/\/schuhewiebarfuss.at\/shop\/wp-json\/wp\/v2\/product_tag?post=469490"}],"curies":[{"name":"wp","href":"https:\/\/api.w.org\/{rel}","templated":true}]}}