{"id":469481,"date":"2024-04-02T23:58:44","date_gmt":"2024-04-02T21:58:44","guid":{"rendered":"https:\/\/schuhewiebarfuss.at\/shop\/produkt\/sneakerstyle-glattleder-beige\/"},"modified":"2026-02-28T21:04:58","modified_gmt":"2026-02-28T20:04:58","slug":"sneakerstyle-glattleder-beige","status":"publish","type":"product","link":"https:\/\/schuhewiebarfuss.at\/shop\/produkt\/sneakerstyle-glattleder-beige\/","title":{"rendered":"sneakerStyle Glattleder Beige"},"content":{"rendered":"<p>Wir haben uns bewusst nur auf das beste in einem Schuh konzentriert und somit ist unser \u201esneakerSTYLE\u201c entstanden. Schlicht, klassisch, bequem und nat\u00fcrlich nachhaltig \u2013 dieser neuer Sneaker ist ein absolutes Must Have der warmen Saison.<br \/>\nEin pflegeleichtes, feines Nappaleder als Obermaterial und wie \u00fcblich weiches Bio-Leder innen sorgen f\u00fcr einen garantiert angenehmen Tragekomfort. Und unsere neue rutschfeste Sohle, die aber trotzen d\u00fcnn und flexibel ist, verspricht ein absolutes gesundes Barfu\u00dferlebnis.<\/p>\n<p><b>Audio-Beschreibung<\/b><br \/><audio controls src=\"https:\/\/schuhewiebarfuss.at\/shop\/wp-content\/uploads\/lk\/6077_audio.wav\"><br \/>\n                                            Ihr Browser unterst\u00fctzt diese Audio-Ausgabe leider nicht.<br \/>\n                                            <\/ audio ><\/p>\n","protected":false},"excerpt":{"rendered":"<p>Funktion: \tatmungsaktiv, pflegeleicht<br \/>\nFutter: \tWeiches Bioleder (pflanzlich gegerbt)<br \/>\nInnensohle: \tweiches Bioleder (pflanzlich gegerbt)<br \/>\nLaufsohle: \tTPU<br \/>\nObermaterial: \tNappaleder<br \/>\nPassform: \tSchmal<\/p>\n","protected":false},"featured_media":469480,"comment_status":"open","ping_status":"closed","template":"","meta":[],"product_brand":[],"product_cat":[3121],"product_tag":[1362,1368,1373,1374,1375,1376,1377,2447,1450],"class_list":{"0":"post-469481","1":"product","2":"type-product","3":"status-publish","4":"has-post-thumbnail","6":"product_cat-sale","7":"product_tag-groesse-36","8":"product_tag-groesse-37","9":"product_tag-groesse-38","10":"product_tag-groesse-39","11":"product_tag-groesse-40","12":"product_tag-groesse-41","13":"product_tag-groesse-42","14":"product_tag-marke-blifestyle","15":"product_tag-sale","17":"first","18":"instock","19":"taxable","20":"shipping-taxable","21":"purchasable","22":"product-type-variable"},"_links":{"self":[{"href":"https:\/\/schuhewiebarfuss.at\/shop\/wp-json\/wp\/v2\/product\/469481","targetHints":{"allow":["GET"]}}],"collection":[{"href":"https:\/\/schuhewiebarfuss.at\/shop\/wp-json\/wp\/v2\/product"}],"about":[{"href":"https:\/\/schuhewiebarfuss.at\/shop\/wp-json\/wp\/v2\/types\/product"}],"replies":[{"embeddable":true,"href":"https:\/\/schuhewiebarfuss.at\/shop\/wp-json\/wp\/v2\/comments?post=469481"}],"wp:featuredmedia":[{"embeddable":true,"href":"https:\/\/schuhewiebarfuss.at\/shop\/wp-json\/wp\/v2\/media\/469480"}],"wp:attachment":[{"href":"https:\/\/schuhewiebarfuss.at\/shop\/wp-json\/wp\/v2\/media?parent=469481"}],"wp:term":[{"taxonomy":"product_brand","embeddable":true,"href":"https:\/\/schuhewiebarfuss.at\/shop\/wp-json\/wp\/v2\/product_brand?post=469481"},{"taxonomy":"product_cat","embeddable":true,"href":"https:\/\/schuhewiebarfuss.at\/shop\/wp-json\/wp\/v2\/product_cat?post=469481"},{"taxonomy":"product_tag","embeddable":true,"href":"https:\/\/schuhewiebarfuss.at\/shop\/wp-json\/wp\/v2\/product_tag?post=469481"}],"curies":[{"name":"wp","href":"https:\/\/api.w.org\/{rel}","templated":true}]}}