{"id":469465,"date":"2024-04-02T23:48:38","date_gmt":"2024-04-02T21:48:38","guid":{"rendered":"https:\/\/schuhewiebarfuss.at\/shop\/produkt\/irene-schwarz\/"},"modified":"2026-03-01T12:19:48","modified_gmt":"2026-03-01T11:19:48","slug":"irene-schwarz","status":"publish","type":"product","link":"https:\/\/schuhewiebarfuss.at\/shop\/produkt\/irene-schwarz\/","title":{"rendered":"Irene Schwarz"},"content":{"rendered":"<p>KOEL hat mit den Barfu\u00df Sneakers Irene in schwarz einen Schuh entwickelt, welcher eine hohe Qualit\u00e4t &amp; perfekte Trageeigenschaften verbindet.. Diese Sneakers aus der KOEL Barefoot Kollektion geh\u00f6ren der Koel Zero Heel-Kategorie an. Diese sorgt f\u00fcr Bewegungsfreiheit f\u00fcr die F\u00fc\u00dfe und l\u00e4sst Frau den Boden unter den Schuhen sp\u00fcren. Das Fu\u00dfbett ist von der Ferse bis zu den Zehenspitzen flach. F\u00fcr hohe Haltbarkeit hat Koel hier bestes Ziegen-Veloursleder verwendet.<\/p>\n<p>Obermaterial: 80% Tencel, 20% Polyamid<br \/>\nInnenmaterial: Tencel<br \/>\nInnensohle: keine Einlegesohle<br \/>\nSohle: Memory Latex Gummisohle, rutschfest und ultra flexibel<br \/>\nBarfu\u00df-Technologie: keine H\u00f6hendifferenz zwischen Ferse und Vorderfu\u00df<br \/>\nSonstiges: Frei von sch\u00e4dlichen Materialien (gepr\u00fcft!)<br \/>\nHergestellt: Made in Portugal<br \/>\nMarke: KOEL<\/p>\n<p><b>Audio-Beschreibung<\/b><br \/><audio controls src=\"https:\/\/schuhewiebarfuss.at\/shop\/wp-content\/uploads\/lk\/6344_audio.wav\"><br \/>\n                                            Ihr Browser unterst\u00fctzt diese Audio-Ausgabe leider nicht.<br \/>\n                                            <\/ audio ><\/p>\n","protected":false},"excerpt":{"rendered":"<p>Obermaterial: 80% Tencel, 20% Polyamid<br \/>\nInnenmaterial: Tencel<br \/>\nInnensohle: keine Einlegesohle<br \/>\nSohle: Memory Latex Gummisohle, rutschfest und ultra flexibel<br \/>\nBarfu\u00df-Technologie: keine H\u00f6hendifferenz zwischen Ferse und Vorderfu\u00df<br \/>\nSonstiges: Frei von sch\u00e4dlichen Materialien (gepr\u00fcft!)<br \/>\nHergestellt: Made in Portugal<br \/>\nMarke: KOEL<\/p>\n","protected":false},"featured_media":497172,"comment_status":"open","ping_status":"closed","template":"","meta":[],"product_brand":[],"product_cat":[3121],"product_tag":[1362,1368,1373,1374,1375,1376,1377,1378,2778,1450],"class_list":{"0":"post-469465","1":"product","2":"type-product","3":"status-publish","4":"has-post-thumbnail","6":"product_cat-sale","7":"product_tag-groesse-36","8":"product_tag-groesse-37","9":"product_tag-groesse-38","10":"product_tag-groesse-39","11":"product_tag-groesse-40","12":"product_tag-groesse-41","13":"product_tag-groesse-42","14":"product_tag-groesse-43","15":"product_tag-marke-koel-shoes-international","16":"product_tag-sale","18":"first","19":"instock","20":"taxable","21":"shipping-taxable","22":"purchasable","23":"product-type-variable"},"_links":{"self":[{"href":"https:\/\/schuhewiebarfuss.at\/shop\/wp-json\/wp\/v2\/product\/469465","targetHints":{"allow":["GET"]}}],"collection":[{"href":"https:\/\/schuhewiebarfuss.at\/shop\/wp-json\/wp\/v2\/product"}],"about":[{"href":"https:\/\/schuhewiebarfuss.at\/shop\/wp-json\/wp\/v2\/types\/product"}],"replies":[{"embeddable":true,"href":"https:\/\/schuhewiebarfuss.at\/shop\/wp-json\/wp\/v2\/comments?post=469465"}],"wp:featuredmedia":[{"embeddable":true,"href":"https:\/\/schuhewiebarfuss.at\/shop\/wp-json\/wp\/v2\/media\/497172"}],"wp:attachment":[{"href":"https:\/\/schuhewiebarfuss.at\/shop\/wp-json\/wp\/v2\/media?parent=469465"}],"wp:term":[{"taxonomy":"product_brand","embeddable":true,"href":"https:\/\/schuhewiebarfuss.at\/shop\/wp-json\/wp\/v2\/product_brand?post=469465"},{"taxonomy":"product_cat","embeddable":true,"href":"https:\/\/schuhewiebarfuss.at\/shop\/wp-json\/wp\/v2\/product_cat?post=469465"},{"taxonomy":"product_tag","embeddable":true,"href":"https:\/\/schuhewiebarfuss.at\/shop\/wp-json\/wp\/v2\/product_tag?post=469465"}],"curies":[{"name":"wp","href":"https:\/\/api.w.org\/{rel}","templated":true}]}}