{"id":469420,"date":"2024-04-02T23:20:24","date_gmt":"2024-04-02T21:20:24","guid":{"rendered":"https:\/\/schuhewiebarfuss.at\/shop\/produkt\/nevio\/"},"modified":"2026-03-09T19:00:48","modified_gmt":"2026-03-09T18:00:48","slug":"nevio","status":"publish","type":"product","link":"https:\/\/schuhewiebarfuss.at\/shop\/produkt\/nevio\/","title":{"rendered":"Nevio"},"content":{"rendered":"<p>Die Lurchi &#8222;NEVIO BAREFOOT&#8220; verbinden modisches Design mit Komfort und Unterst\u00fctzung f\u00fcr kleine F\u00fc\u00dfe. Sie bestehen aus einem strapazierf\u00e4higen Leder-Textil-Mix und sind mit zwei Klettverschlussriemen ausgestattet, die ein einfaches An- und Ausziehen erm\u00f6glichen und f\u00fcr einen sicheren Halt sorgen. Der verst\u00e4rkte Zehen- und Fersenbereich bietet zus\u00e4tzlichen Schutz und Stabilit\u00e4t. Dank des gepolsterten Einstiegs und des Lederfutters bieten die Schuhe ein angenehmes Tragegef\u00fchl und unterst\u00fctzen die nat\u00fcrliche Entwicklung der F\u00fc\u00dfe. Die herausnehmbare Lederdecksohle erleichtert die Reinigung und erm\u00f6glicht die Verwendung eigener Einlagen. Eine Anziehlasche erleichtert das Anziehen der Schuhe. Die flexible, rutschhemmende Laufsohle bietet Trittsicherheit und unterst\u00fctzt eine nat\u00fcrliche Fu\u00dfbewegung. Er ist ein perfekter \u00dcbergangsschuh und kann auch bis in den Sommer getragen werden.<\/p>\n<p>Eigenschaften<\/p>\n<p>Die Minimalsohle dieses Schuhs ist naturgem\u00e4\u00df sehr d\u00fcnn und generell nicht geeignet f\u00fcr Tretroller, zum Skaten, oder alle anderen Aktivit\u00e4ten, wo der Schuh \u00fcber den Asphalt geschliffen oder anderweitig \u00e4hnlicher starker Reibung ausgesetzt wird.<br \/>\nNullabsatz bedeutet: die Sohle des Schuhs ist \u00fcberall gleich dick, es gibt kein &#8222;Gef\u00e4lle&#8220;. Das ist gut f\u00fcr die K\u00f6rperhaltung.<br \/>\nDer Hersteller konnte uns glaubhaft versichern, da\u00df er faire Arbeitsbedingungen gew\u00e4hrleistet. Das bedeutet: Arbeitsschutzgesetze sowie orts\u00fcbliche faire Bezahlung sind sichergestellt.<\/p>\n<p>Beschreibung<\/p>\n<p>Obermaterial: Nappaleder &amp; Textil<br \/>\nInnenmaterial: Leder<br \/>\nLaufsohle: Gummi<br \/>\nInnensohle: Leder, Einlegesohle herausnehmbar<br \/>\nAbsatzform: Flach<br \/>\nPassform: F (Normal)<br \/>\nSchuhspitze: rund<br \/>\nVerschluss: Klettverschluss<br \/>\nDieses Produkt wurde in Portugal f\u00fcr dich hergestellt.<\/p>\n<p>Pflegehinweise<\/p>\n<p>Klatschnasse Schuhe grunds\u00e4tzlich nicht direkt auf oder vor der Heizung trocknen! Zu hei\u00dfes Trocknen sch\u00e4digt den Schuh: der Oberschuh kann schrumpfen, die Sohle kann sich l\u00f6sen.<\/p>\n<p>Innensohle &#8211; L\u00e4nge\/Breite (mm):<\/p>\n<p>Gr\u00f6\u00dfe:   22 &#8211; L\u00e4nge:   14,3 cm &#8211; Breite (Zehen):   6,0 cm &#8211; Breite (Ferse):   4,8 cm<br \/>\nGr\u00f6\u00dfe:   23 &#8211; L\u00e4nge:   14,6 cm &#8211; Breite (Zehen):   6,2 cm &#8211; Breite (Ferse):   5,0 cm<br \/>\nGr\u00f6\u00dfe:   24 &#8211; L\u00e4nge:   15,5 cm &#8211; Breite (Zehen):   6,4 cm &#8211; Breite (Ferse):   5,1 cm<br \/>\nGr\u00f6\u00dfe:   25 &#8211; L\u00e4nge:   16,3 cm &#8211; Breite (Zehen):   6,6 cm &#8211; Breite (Ferse):   5,2 cm<br \/>\nGr\u00f6\u00dfe:   26 &#8211; L\u00e4nge:   16,8 cm &#8211; Breite (Zehen):   6,8 cm &#8211; Breite (Ferse):   5,2 cm<br \/>\nGr\u00f6\u00dfe:   27 &#8211; L\u00e4nge:   17,2 cm &#8211; Breite (Zehen):   7,0 cm &#8211; Breite (Ferse):   5,4 cm<br \/>\nGr\u00f6\u00dfe:   28 &#8211; L\u00e4nge:   18,2 cm &#8211; Breite (Zehen):   7,2 cm &#8211; Breite (Ferse):   5,4 cm<br \/>\nGr\u00f6\u00dfe:   29 &#8211; L\u00e4nge:   18,7 cm &#8211; Breite (Zehen):   7,4 cm &#8211; Breite (Ferse):   5,6 cm<br \/>\nGr\u00f6\u00dfe:   30 &#8211; L\u00e4nge:   19,6 cm &#8211; Breite (Zehen):   7,6 cm &#8211; Breite (Ferse):   5,6 cm<br \/>\nGr\u00f6\u00dfe:   31 &#8211; L\u00e4nge:   20,2 cm &#8211; Breite (Zehen):   7,8 cm &#8211; Breite (Ferse):   5,8 cm<br \/>\nGr\u00f6\u00dfe:   32 &#8211; L\u00e4nge:   20,8 cm &#8211; Breite (Zehen):   8,0 cm &#8211; Breite (Ferse):   5,8 cm<br \/>\nGr\u00f6\u00dfe:   33 &#8211; L\u00e4nge:   21,6 cm &#8211; Breite (Zehen):   8,1 cm &#8211; Breite (Ferse):   6,0 cm<br \/>\nGr\u00f6\u00dfe:   34 &#8211; L\u00e4nge:   22,6 cm &#8211; Breite (Zehen):   8,2 cm &#8211; Breite (Ferse):   6,0 cm<br \/>\nGr\u00f6\u00dfe:   35 &#8211; L\u00e4nge:   23,0 cm &#8211; Breite (Zehen):   8,4 cm &#8211; Breite (Ferse):   6,2 cm<\/p>\n<p><b>Audio-Beschreibung<\/b><br \/><audio controls src=\"https:\/\/schuhewiebarfuss.at\/shop\/wp-content\/uploads\/lk\/9479_audio.wav\"><br \/>\n                                            Ihr Browser unterst\u00fctzt diese Audio-Ausgabe leider nicht.<br \/>\n                                            <\/ audio ><\/p>\n","protected":false},"excerpt":{"rendered":"<p>LURCHI Nevio<\/p>\n<p>Obermaterial: Nappaleder &amp; Textil<br \/>\nInnenmaterial: Leder<br \/>\nLaufsohle: Gummi<br \/>\nInnensohle: Leder, Einlegesohle herausnehmbar<br \/>\nVerschluss: Klettverschluss<\/p>\n","protected":false},"featured_media":541835,"comment_status":"open","ping_status":"closed","template":"","meta":[],"product_brand":[],"product_cat":[842],"product_tag":[1479,1427,1570,1480,1385,1390,1391,1392,1393,1394,1395,1396,1397,1398,1399,1400,1401,1402,1403,1404,2964],"class_list":{"0":"post-469420","1":"product","2":"type-product","3":"status-publish","4":"has-post-thumbnail","6":"product_cat-freizeit","7":"product_tag-farbe-blau","8":"product_tag-farbe-gelb","9":"product_tag-farbe-gruen","10":"product_tag-farbe-orange","11":"product_tag-groesse-20","12":"product_tag-groesse-21","13":"product_tag-groesse-22","14":"product_tag-groesse-23","15":"product_tag-groesse-24","16":"product_tag-groesse-25","17":"product_tag-groesse-26","18":"product_tag-groesse-27","19":"product_tag-groesse-28","20":"product_tag-groesse-29","21":"product_tag-groesse-30","22":"product_tag-groesse-31","23":"product_tag-groesse-32","24":"product_tag-groesse-33","25":"product_tag-groesse-34","26":"product_tag-groesse-35","27":"product_tag-marke-lurchi","29":"first","30":"instock","31":"taxable","32":"shipping-taxable","33":"purchasable","34":"product-type-variable"},"_links":{"self":[{"href":"https:\/\/schuhewiebarfuss.at\/shop\/wp-json\/wp\/v2\/product\/469420","targetHints":{"allow":["GET"]}}],"collection":[{"href":"https:\/\/schuhewiebarfuss.at\/shop\/wp-json\/wp\/v2\/product"}],"about":[{"href":"https:\/\/schuhewiebarfuss.at\/shop\/wp-json\/wp\/v2\/types\/product"}],"replies":[{"embeddable":true,"href":"https:\/\/schuhewiebarfuss.at\/shop\/wp-json\/wp\/v2\/comments?post=469420"}],"wp:featuredmedia":[{"embeddable":true,"href":"https:\/\/schuhewiebarfuss.at\/shop\/wp-json\/wp\/v2\/media\/541835"}],"wp:attachment":[{"href":"https:\/\/schuhewiebarfuss.at\/shop\/wp-json\/wp\/v2\/media?parent=469420"}],"wp:term":[{"taxonomy":"product_brand","embeddable":true,"href":"https:\/\/schuhewiebarfuss.at\/shop\/wp-json\/wp\/v2\/product_brand?post=469420"},{"taxonomy":"product_cat","embeddable":true,"href":"https:\/\/schuhewiebarfuss.at\/shop\/wp-json\/wp\/v2\/product_cat?post=469420"},{"taxonomy":"product_tag","embeddable":true,"href":"https:\/\/schuhewiebarfuss.at\/shop\/wp-json\/wp\/v2\/product_tag?post=469420"}],"curies":[{"name":"wp","href":"https:\/\/api.w.org\/{rel}","templated":true}]}}