{"id":37,"date":"2022-02-22T11:37:00","date_gmt":"2022-02-22T10:37:00","guid":{"rendered":"https:\/\/schuhewiebarfuss.at\/shop\/impressum\/"},"modified":"2022-08-16T13:33:18","modified_gmt":"2022-08-16T11:33:18","slug":"impressum","status":"publish","type":"page","link":"https:\/\/schuhewiebarfuss.at\/shop\/impressum\/","title":{"rendered":"Impressum"},"content":{"rendered":"<div class=\"woocommerce woocommerce-gzd woocommerce-gzd-complaints-shortcode\">\n\t\t\t<h3>Information gem. \u00a7 19 Abs 3 AStG<\/h3>\n\t\t<p>Alternative Streitbeilegung Gesetz - Online Gesch\u00e4fte<\/p>\n\t\nZur Teilnahme an einem Streitbeilegungsverfahren vor einer Verbraucherschlichtungsstelle sind wir nicht verpflichtet und nicht bereit.<\/div>\n<p>Schuhe wie barfu\u00df<br \/>\nBruno K\u00fchne<br \/>\nGemeindegutstra\u00dfe 2a<br \/>\n6800 Feldkirch<\/p>\n<p>Tel.: +43 (0) 676 \/ 943 45 44<\/p>\n<p>E-Mail:\u00a0<a href=\"mailto:brunok@brunok.com\">office@schuhewiebarfuss.at<\/a><\/p>\n<p>UID: ATU59694325<br \/>\nIBAN: AT55 2060 4031 0167 9185<br \/>\nBIC: SPFKAT2BXXX<\/p>\n<h2>Das Gesch\u00e4ft in Feldkirch:<\/h2>\n<p>Schuhe wie barfu\u00df<br \/>\nBruno K\u00fchne<br \/>\nLeonhardsplatz 2-4<br \/>\nIllpark<br \/>\n6800 Feldkirch<\/p>\n<p>\u00d6ffnungszeiten:<\/p>\n<p>Montag\u2013Freitag Vormittag: 10:00 Uhr \u2013 12:00 Uhr<br \/>\nMontag-Freitag Nachmittag: 14:00 Uhr \u2013 18:00 Uhr<br \/>\nSamstag: 10:00 Uhr \u2013 13:00<\/p>\n<p>Tel.: +43 (0) 5522 \/ 38149<\/p>\n<p>E-Mail:\u00a0<a href=\"mailto:office@schuhewiebarfuss.at\">feldkirch@schuhewiebarfuss.at<\/a><\/p>\n","protected":false},"excerpt":{"rendered":"<p>Schuhe wie barfu\u00df Bruno K\u00fchne Gemeindegutstra\u00dfe 2a 6800 Feldkirch Tel.: +43 (0) 676 \/ 943 45 44 E-Mail:\u00a0office@schuhewiebarfuss.at UID: ATU59694325 IBAN: AT55 2060 4031 0167 9185 BIC: SPFKAT2BXXX Das Gesch\u00e4ft in Feldkirch: Schuhe wie barfu\u00df Bruno K\u00fchne Leonhardsplatz 2-4 Illpark 6800 Feldkirch \u00d6ffnungszeiten: Montag\u2013Freitag Vormittag: 10:00 Uhr \u2013 12:00 Uhr Montag-Freitag Nachmittag: 14:00 Uhr \u2013 [&hellip;]<\/p>\n","protected":false},"author":1,"featured_media":0,"parent":0,"menu_order":0,"comment_status":"closed","ping_status":"closed","template":"","meta":{"footnotes":""},"class_list":["post-37","page","type-page","status-publish","hentry"],"_links":{"self":[{"href":"https:\/\/schuhewiebarfuss.at\/shop\/wp-json\/wp\/v2\/pages\/37","targetHints":{"allow":["GET"]}}],"collection":[{"href":"https:\/\/schuhewiebarfuss.at\/shop\/wp-json\/wp\/v2\/pages"}],"about":[{"href":"https:\/\/schuhewiebarfuss.at\/shop\/wp-json\/wp\/v2\/types\/page"}],"author":[{"embeddable":true,"href":"https:\/\/schuhewiebarfuss.at\/shop\/wp-json\/wp\/v2\/users\/1"}],"replies":[{"embeddable":true,"href":"https:\/\/schuhewiebarfuss.at\/shop\/wp-json\/wp\/v2\/comments?post=37"}],"version-history":[{"count":0,"href":"https:\/\/schuhewiebarfuss.at\/shop\/wp-json\/wp\/v2\/pages\/37\/revisions"}],"wp:attachment":[{"href":"https:\/\/schuhewiebarfuss.at\/shop\/wp-json\/wp\/v2\/media?parent=37"}],"curies":[{"name":"wp","href":"https:\/\/api.w.org\/{rel}","templated":true}]}}