{"id":10,"date":"2019-09-08T11:22:32","date_gmt":"2019-09-08T09:22:32","guid":{"rendered":"http:\/\/innsbruck.schuhewiebarfuss.at\/?page_id=10"},"modified":"2026-01-30T17:31:16","modified_gmt":"2026-01-30T16:31:16","slug":"geschaeft","status":"publish","type":"page","link":"https:\/\/schuhewiebarfuss.at\/innsbruck\/","title":{"rendered":""},"content":{"rendered":"\n<h3 class=\"wp-block-heading\">Wie f\u00fchlt sich so ein Barfu\u00dfschuh eigentlich an?<\/h3>\n\n\n\n<p>Komm vorbei und probier\u00b4s ganz einfach aus!<\/p>\n\n\n\n<p>Im Gesch\u00e4ft in Innsbruck kannst Du die Modelle deiner Wahl anprobieren und Dich von unseren Barfu\u00dfschuh-Experten beraten lassen.<\/p>\n\n\n\n<p>Au\u00dferdem steht f\u00fcr Dich eine Laufbahn mit verschiedenen Oberfl\u00e4chen bereit. Darauf kannst Du schon vor dem Kauf ausprobieren, wie sich ein Barfu\u00dfschuh im wirklichen Leben anf\u00fchlt.<\/p>\n\n\n\n<figure class=\"wp-block-gallery has-nested-images columns-2 wp-block-gallery-1 is-layout-flex wp-block-gallery-is-layout-flex\">\n<figure class=\"wp-block-image size-full\"><img loading=\"lazy\" decoding=\"async\" width=\"481\" height=\"640\" data-id=\"118\" src=\"https:\/\/schuhewiebarfuss.at\/innsbruck\/wp-content\/uploads\/sites\/4\/2023\/03\/thumbnail_image001.jpg\" alt=\"\" class=\"wp-image-118\" srcset=\"https:\/\/schuhewiebarfuss.at\/innsbruck\/wp-content\/uploads\/sites\/4\/2023\/03\/thumbnail_image001.jpg 481w, https:\/\/schuhewiebarfuss.at\/innsbruck\/wp-content\/uploads\/sites\/4\/2023\/03\/thumbnail_image001-225x300.jpg 225w\" sizes=\"auto, (max-width: 481px) 100vw, 481px\" \/><\/figure>\n\n\n\n<figure class=\"wp-block-image size-large\"><img loading=\"lazy\" decoding=\"async\" width=\"481\" height=\"640\" data-id=\"123\" src=\"https:\/\/schuhewiebarfuss.at\/innsbruck\/wp-content\/uploads\/sites\/4\/2023\/03\/thumbnail_image002.jpg\" alt=\"\" class=\"wp-image-123\" srcset=\"https:\/\/schuhewiebarfuss.at\/innsbruck\/wp-content\/uploads\/sites\/4\/2023\/03\/thumbnail_image002.jpg 481w, https:\/\/schuhewiebarfuss.at\/innsbruck\/wp-content\/uploads\/sites\/4\/2023\/03\/thumbnail_image002-225x300.jpg 225w\" sizes=\"auto, (max-width: 481px) 100vw, 481px\" \/><\/figure>\n\n\n\n<figure class=\"wp-block-image size-full\"><img loading=\"lazy\" decoding=\"async\" width=\"640\" height=\"360\" data-id=\"120\" src=\"https:\/\/schuhewiebarfuss.at\/innsbruck\/wp-content\/uploads\/sites\/4\/2023\/03\/thumbnail_image6-1.jpg\" alt=\"\" class=\"wp-image-120\" srcset=\"https:\/\/schuhewiebarfuss.at\/innsbruck\/wp-content\/uploads\/sites\/4\/2023\/03\/thumbnail_image6-1.jpg 640w, https:\/\/schuhewiebarfuss.at\/innsbruck\/wp-content\/uploads\/sites\/4\/2023\/03\/thumbnail_image6-1-300x169.jpg 300w\" sizes=\"auto, (max-width: 640px) 100vw, 640px\" \/><\/figure>\n<\/figure>\n\n\n\n<p><\/p>\n\n\n\n<h3 class=\"wp-block-heading\">Das Team von Schuhe wie Barfuss:<\/h3>\n\n\n\n<p>Fragen rund um das Thema barfu\u00df gehen und Barfu\u00dfschuhe beantworten Dir das Team von Schuhe wie Barufss mit profundem Fachwissen.<\/p>\n\n\n\n<p>Zum Team geh\u00f6ren Angelika, Inge und Elly<\/p>\n\n\n\n<p>Sie tragen selbst fast ausschlie\u00dflich Barfu\u00dfschuhe und wissen wovon Sie reden!<\/p>\n\n\n\n<h3 class=\"wp-block-heading\">Wann und wo kriegst Du Barfu\u00dfschuhe?<\/h3>\n\n\n\n<p>In der Seilergasse 7 in Innsbruck sind wir zu folgenden Zeiten f\u00fcr Dich da:<\/p>\n\n\n\n<ul class=\"wp-block-list\">\n<li>Montag &#8211; Mittwoch: 09:00 &#8211; 17:30 Uhr<\/li>\n\n\n\n<li>Donnerstag: 09:00 &#8211; 18:00 Uhr<\/li>\n\n\n\n<li>Freitag: 09:00 &#8211; 13:00 Uhr und 14:00 &#8211; 18:00 Uhr<\/li>\n\n\n\n<li>Samstag: 09:00 &#8211; 16:00 Uhr<\/li>\n<\/ul>\n\n\n\n<p>Du erreichst uns telefonisch unter +43(512) 319434 <\/p>\n\n\n\n<p>und schriftlich unter innsbruck@schuhewiebarfuss.at<\/p>\n\n\n\n<figure><\/figure>\n","protected":false},"excerpt":{"rendered":"<p>Wie f\u00fchlt sich so ein Barfu\u00dfschuh eigentlich an? Komm vorbei und probier\u00b4s ganz einfach aus! Im Gesch\u00e4ft in Innsbruck kannst Du die Modelle deiner Wahl anprobieren und Dich von unseren Barfu\u00dfschuh-Experten beraten lassen. Au\u00dferdem steht f\u00fcr Dich eine Laufbahn mit verschiedenen Oberfl\u00e4chen bereit. Darauf kannst Du schon vor dem Kauf ausprobieren, wie sich ein Barfu\u00dfschuh [&hellip;]<\/p>\n","protected":false},"author":1,"featured_media":0,"parent":0,"menu_order":0,"comment_status":"closed","ping_status":"closed","template":"","meta":{"site-sidebar-layout":"default","site-content-layout":"default","ast-site-content-layout":"default","site-content-style":"default","site-sidebar-style":"default","ast-global-header-display":"","ast-banner-title-visibility":"","ast-main-header-display":"","ast-hfb-above-header-display":"","ast-hfb-below-header-display":"","ast-hfb-mobile-header-display":"","site-post-title":"","ast-breadcrumbs-content":"","ast-featured-img":"","footer-sml-layout":"","ast-disable-related-posts":"","theme-transparent-header-meta":"default","adv-header-id-meta":"","stick-header-meta":"","header-above-stick-meta":"","header-main-stick-meta":"","header-below-stick-meta":"","astra-migrate-meta-layouts":"set","ast-page-background-enabled":"default","ast-page-background-meta":{"desktop":{"background-color":"","background-image":"","background-repeat":"repeat","background-position":"center center","background-size":"auto","background-attachment":"scroll","background-type":"","background-media":"","overlay-type":"","overlay-color":"","overlay-opacity":"","overlay-gradient":""},"tablet":{"background-color":"","background-image":"","background-repeat":"repeat","background-position":"center center","background-size":"auto","background-attachment":"scroll","background-type":"","background-media":"","overlay-type":"","overlay-color":"","overlay-opacity":"","overlay-gradient":""},"mobile":{"background-color":"","background-image":"","background-repeat":"repeat","background-position":"center center","background-size":"auto","background-attachment":"scroll","background-type":"","background-media":"","overlay-type":"","overlay-color":"","overlay-opacity":"","overlay-gradient":""}},"ast-content-background-meta":{"desktop":{"background-color":"var(--ast-global-color-5)","background-image":"","background-repeat":"repeat","background-position":"center center","background-size":"auto","background-attachment":"scroll","background-type":"","background-media":"","overlay-type":"","overlay-color":"","overlay-opacity":"","overlay-gradient":""},"tablet":{"background-color":"var(--ast-global-color-5)","background-image":"","background-repeat":"repeat","background-position":"center center","background-size":"auto","background-attachment":"scroll","background-type":"","background-media":"","overlay-type":"","overlay-color":"","overlay-opacity":"","overlay-gradient":""},"mobile":{"background-color":"var(--ast-global-color-5)","background-image":"","background-repeat":"repeat","background-position":"center center","background-size":"auto","background-attachment":"scroll","background-type":"","background-media":"","overlay-type":"","overlay-color":"","overlay-opacity":"","overlay-gradient":""}},"footnotes":""},"class_list":["post-10","page","type-page","status-publish","hentry"],"_links":{"self":[{"href":"https:\/\/schuhewiebarfuss.at\/innsbruck\/wp-json\/wp\/v2\/pages\/10","targetHints":{"allow":["GET"]}}],"collection":[{"href":"https:\/\/schuhewiebarfuss.at\/innsbruck\/wp-json\/wp\/v2\/pages"}],"about":[{"href":"https:\/\/schuhewiebarfuss.at\/innsbruck\/wp-json\/wp\/v2\/types\/page"}],"author":[{"embeddable":true,"href":"https:\/\/schuhewiebarfuss.at\/innsbruck\/wp-json\/wp\/v2\/users\/1"}],"replies":[{"embeddable":true,"href":"https:\/\/schuhewiebarfuss.at\/innsbruck\/wp-json\/wp\/v2\/comments?post=10"}],"version-history":[{"count":4,"href":"https:\/\/schuhewiebarfuss.at\/innsbruck\/wp-json\/wp\/v2\/pages\/10\/revisions"}],"predecessor-version":[{"id":145,"href":"https:\/\/schuhewiebarfuss.at\/innsbruck\/wp-json\/wp\/v2\/pages\/10\/revisions\/145"}],"wp:attachment":[{"href":"https:\/\/schuhewiebarfuss.at\/innsbruck\/wp-json\/wp\/v2\/media?parent=10"}],"curies":[{"name":"wp","href":"https:\/\/api.w.org\/{rel}","templated":true}]}}