{"id":9,"date":"2020-03-05T17:37:13","date_gmt":"2020-03-05T16:37:13","guid":{"rendered":"http:\/\/schuhewiebarfuss.at\/site\/info\/?page_id=9"},"modified":"2024-01-07T16:14:29","modified_gmt":"2024-01-07T15:14:29","slug":"info","status":"publish","type":"page","link":"https:\/\/schuhewiebarfuss.at\/info\/","title":{"rendered":"Info"},"content":{"rendered":"\n<h2 class=\"wp-block-heading\">Feldkirch <\/h2>\n\n\n\n<p>Leonhardsplatz 2-4<br>Illpark<br>6800 Feldkirch <\/p>\n\n\n\n<p>Telefon: +43 (5522) 38149<\/p>\n\n\n\n<p>Mail:&nbsp;<a href=\"mailto:innsbruck@schuhewiebarfuss.at\">feldkirch@schuhewiebarfuss.at<\/a><\/p>\n\n\n\n<ul class=\"wp-block-list\">\n<li>Montag \u2013 Freitag: 10:00 Uhr \u2013 13:00 Uhr und 14:00 Uhr &#8211; 18:00 Uhr<\/li>\n\n\n\n<li>Samstag: 10:00 Uhr \u2013 13:00 Uhr <\/li>\n<\/ul>\n\n\n\n<h2 class=\"wp-block-heading\">Innsbruck<\/h2>\n\n\n\n<p>Seilergasse 7<br>6020 Innsbruck<\/p>\n\n\n\n<p>Telefon: +43(512) 319434<\/p>\n\n\n\n<p>Mail:&nbsp;<a href=\"mailto:innsbruck@schuhewiebarfuss.at\">innsbruck@schuhewiebarfuss.at<\/a><\/p>\n\n\n\n<ul class=\"wp-block-list\">\n<li>Montag \u2013 Mittwoch: 09:00 Uhr \u2013 17:00 Uhr<\/li>\n\n\n\n<li>Donnerstag &#8211; Freitag: 09:00 Uhr \u2013 13:00 Uhr und 14:00 Uhr &#8211; 18:00 Uhr<\/li>\n\n\n\n<li>Samstag: 10:00 Uhr \u2013 15:00 Uhr<\/li>\n<\/ul>\n\n\n\n<h2 class=\"wp-block-heading\">Bludenz <\/h2>\n\n\n\n<p>M\u00fchlgasse 2<br>6700 Bludenz <\/p>\n\n\n\n<p>Telefon: +43 (5552) 32690<\/p>\n\n\n\n<p>Mail:&nbsp;<a href=\"mailto:bludenz@schuhewiebarfuss.at\">bludenz@schuhewiebarfuss.at<\/a><\/p>\n\n\n\n<ul class=\"wp-block-list\">\n<li>Montag-Freitag: 10:00 Uhr &#8211; 13:00 Uhr und 14:00 Uhr \u2013 18:00 Uhr<\/li>\n\n\n\n<li>Samstag: 10:00 Uhr \u2013 13:00 Uhr <\/li>\n<\/ul>\n\n\n\n<h2 class=\"wp-block-heading\">Wien <\/h2>\n\n\n\n<p>Kaiserstra\u00dfe 44 &#8211; 46<br>1070 Wien<\/p>\n\n\n\n<p>Telefon: +43 (1) 890 193 915<\/p>\n\n\n\n<p>Mail:&nbsp;<a href=\"mailto:wien@schuhewiebarfuss.at\">wien@schuhewiebarfuss.at<\/a><\/p>\n\n\n\n<ul class=\"wp-block-list\">\n<li>Montag-Freitag: 10:00 Uhr \u2013 18:00 Uhr<\/li>\n\n\n\n<li>Samstag: 10:00 Uhr \u2013 16:00 Uhr <\/li>\n<\/ul>\n\n\n\n<h2 class=\"wp-block-heading\">Linz<\/h2>\n\n\n\n<p>Marienstra\u00dfe 8<br>4020 Linz <\/p>\n\n\n\n<p>Telefon: +43 (0) 7328 60161<\/p>\n\n\n\n<p>Mail: <a href=\"mailto:linz@schuhewiebarfuss.at\">linz@schuhewiebarfuss.at <\/a><\/p>\n\n\n\n<ul class=\"wp-block-list\">\n<li>Montag-Freitag: 10:00 Uhr &#8211; 13:30 Uhr und 14:00 Uhr \u2013 18:00 Uhr<\/li>\n\n\n\n<li>Samstag: 10:00 Uhr \u2013 15:00 Uhr <\/li>\n<\/ul>\n","protected":false},"excerpt":{"rendered":"<p>Feldkirch Leonhardsplatz 2-4Illpark6800 Feldkirch Telefon: +43 (5522) 38149 Mail:&nbsp;feldkirch@schuhewiebarfuss.at Innsbruck Seilergasse 76020 Innsbruck Telefon: +43(512) 319434 Mail:&nbsp;innsbruck@schuhewiebarfuss.at Bludenz M\u00fchlgasse 26700 Bludenz Telefon: +43 (5552) 32690 Mail:&nbsp;bludenz@schuhewiebarfuss.at Wien Kaiserstra\u00dfe 44 &#8211; 461070 Wien Telefon: +43 (1) 890 193 915 Mail:&nbsp;wien@schuhewiebarfuss.at Linz Marienstra\u00dfe 84020 Linz Telefon: +43 (0) 7328 60161 Mail: linz@schuhewiebarfuss.at<\/p>\n","protected":false},"author":1,"featured_media":0,"parent":0,"menu_order":0,"comment_status":"closed","ping_status":"closed","template":"","meta":{"site-sidebar-layout":"default","site-content-layout":"default","ast-site-content-layout":"default","site-content-style":"default","site-sidebar-style":"default","ast-global-header-display":"","ast-banner-title-visibility":"","ast-main-header-display":"","ast-hfb-above-header-display":"","ast-hfb-below-header-display":"","ast-hfb-mobile-header-display":"","site-post-title":"","ast-breadcrumbs-content":"","ast-featured-img":"","footer-sml-layout":"","ast-disable-related-posts":"","theme-transparent-header-meta":"default","adv-header-id-meta":"","stick-header-meta":"","header-above-stick-meta":"","header-main-stick-meta":"","header-below-stick-meta":"","astra-migrate-meta-layouts":"set","ast-page-background-enabled":"default","ast-page-background-meta":{"desktop":{"background-color":"","background-image":"","background-repeat":"repeat","background-position":"center center","background-size":"auto","background-attachment":"scroll","background-type":"","background-media":"","overlay-type":"","overlay-color":"","overlay-opacity":"","overlay-gradient":""},"tablet":{"background-color":"","background-image":"","background-repeat":"repeat","background-position":"center center","background-size":"auto","background-attachment":"scroll","background-type":"","background-media":"","overlay-type":"","overlay-color":"","overlay-opacity":"","overlay-gradient":""},"mobile":{"background-color":"","background-image":"","background-repeat":"repeat","background-position":"center center","background-size":"auto","background-attachment":"scroll","background-type":"","background-media":"","overlay-type":"","overlay-color":"","overlay-opacity":"","overlay-gradient":""}},"ast-content-background-meta":{"desktop":{"background-color":"var(--ast-global-color-5)","background-image":"","background-repeat":"repeat","background-position":"center center","background-size":"auto","background-attachment":"scroll","background-type":"","background-media":"","overlay-type":"","overlay-color":"","overlay-opacity":"","overlay-gradient":""},"tablet":{"background-color":"var(--ast-global-color-5)","background-image":"","background-repeat":"repeat","background-position":"center center","background-size":"auto","background-attachment":"scroll","background-type":"","background-media":"","overlay-type":"","overlay-color":"","overlay-opacity":"","overlay-gradient":""},"mobile":{"background-color":"var(--ast-global-color-5)","background-image":"","background-repeat":"repeat","background-position":"center center","background-size":"auto","background-attachment":"scroll","background-type":"","background-media":"","overlay-type":"","overlay-color":"","overlay-opacity":"","overlay-gradient":""}},"footnotes":""},"class_list":["post-9","page","type-page","status-publish","hentry"],"_links":{"self":[{"href":"https:\/\/schuhewiebarfuss.at\/info\/wp-json\/wp\/v2\/pages\/9","targetHints":{"allow":["GET"]}}],"collection":[{"href":"https:\/\/schuhewiebarfuss.at\/info\/wp-json\/wp\/v2\/pages"}],"about":[{"href":"https:\/\/schuhewiebarfuss.at\/info\/wp-json\/wp\/v2\/types\/page"}],"author":[{"embeddable":true,"href":"https:\/\/schuhewiebarfuss.at\/info\/wp-json\/wp\/v2\/users\/1"}],"replies":[{"embeddable":true,"href":"https:\/\/schuhewiebarfuss.at\/info\/wp-json\/wp\/v2\/comments?post=9"}],"version-history":[{"count":0,"href":"https:\/\/schuhewiebarfuss.at\/info\/wp-json\/wp\/v2\/pages\/9\/revisions"}],"wp:attachment":[{"href":"https:\/\/schuhewiebarfuss.at\/info\/wp-json\/wp\/v2\/media?parent=9"}],"curies":[{"name":"wp","href":"https:\/\/api.w.org\/{rel}","templated":true}]}}