{"id":26,"date":"2019-09-26T23:29:57","date_gmt":"2019-09-26T21:29:57","guid":{"rendered":"http:\/\/feldkirch.schuhewiebarfuss.at\/?page_id=26"},"modified":"2026-03-01T14:41:34","modified_gmt":"2026-03-01T13:41:34","slug":"geschaeft","status":"publish","type":"page","link":"https:\/\/schuhewiebarfuss.at\/feldkirch\/","title":{"rendered":"Gesch\u00e4ft"},"content":{"rendered":"\n<h1 class=\"wp-block-heading\">Das Gesch\u00e4ft in <strong>Feldkirch<\/strong> ist vor\u00fcbergehend <strong>geschlossen<\/strong>!<\/h1>\n\n\n\n<h2 class=\"wp-block-heading\">Wie f\u00fchlt sich so ein Barfu\u00dfschuh eigentlich an?<\/h2>\n\n\n\n<p>Komm vorbei und probier\u00b4s ganz einfach aus!<\/p>\n\n\n\n<p>Im Gesch\u00e4ft in Feldkirch kannst Du die Modelle deiner Wahl anprobieren und Dich von unseren Barfu\u00dfschuh-Experten beraten lassen.<\/p>\n\n\n\n<p>Au\u00dferdem steht f\u00fcr Dich eine Laufbahn mit verschiedenen Oberfl\u00e4chen bereit. Darauf kannst Du schon vor dem Kauf ausprobieren, wie sich ein Barfu\u00dfschuh im wirklichen Leben anf\u00fchlt.<\/p>\n\n\n\n<figure class=\"wp-block-gallery has-nested-images columns-2 is-cropped wp-block-gallery-1 is-layout-flex wp-block-gallery-is-layout-flex\">\n<figure class=\"wp-block-image size-large\"><img loading=\"lazy\" decoding=\"async\" width=\"1024\" height=\"301\" data-id=\"200\" src=\"https:\/\/schuhewiebarfuss.at\/feldkirch\/wp-content\/uploads\/sites\/3\/2024\/05\/PXL_20240429_174017683.PANO_-1024x301.jpg\" alt=\"\" class=\"wp-image-200\" srcset=\"https:\/\/schuhewiebarfuss.at\/feldkirch\/wp-content\/uploads\/sites\/3\/2024\/05\/PXL_20240429_174017683.PANO_-1024x301.jpg 1024w, https:\/\/schuhewiebarfuss.at\/feldkirch\/wp-content\/uploads\/sites\/3\/2024\/05\/PXL_20240429_174017683.PANO_-300x88.jpg 300w, https:\/\/schuhewiebarfuss.at\/feldkirch\/wp-content\/uploads\/sites\/3\/2024\/05\/PXL_20240429_174017683.PANO_-768x226.jpg 768w, https:\/\/schuhewiebarfuss.at\/feldkirch\/wp-content\/uploads\/sites\/3\/2024\/05\/PXL_20240429_174017683.PANO_-1536x452.jpg 1536w, https:\/\/schuhewiebarfuss.at\/feldkirch\/wp-content\/uploads\/sites\/3\/2024\/05\/PXL_20240429_174017683.PANO_-2048x603.jpg 2048w\" sizes=\"auto, (max-width: 1024px) 100vw, 1024px\" \/><\/figure>\n<\/figure>\n\n\n\n<h2 class=\"wp-block-heading\">Das Team von Schuhe wie Barfuss:<\/h2>\n\n\n\n<p> Fragen rund um das Thema barfu\u00df gehen und Barfu\u00dfschuhe beantworten Dir das Team von Schuhe wie Barufss mit profundem Fachwissen. <\/p>\n\n\n\n<p>Zum Team geh\u00f6ren Eva und Martina.<\/p>\n\n\n\n<p>\n\nSie tragen selbst fast ausschlie\u00dflich Barfu\u00dfschuhe und wissen wovon Sie reden!\n\n<\/p>\n\n\n\n<h2 class=\"wp-block-heading\">Wann und wo kriegst Du Barfu\u00dfschuhe?<\/h2>\n\n\n\n<p>Im Illpark in Feldkirch sind wir zu folgenden Zeiten f\u00fcr Dich da:<\/p>\n\n\n\n<ul class=\"wp-block-list\">\n<li>Montag &#8211; Freitag: 10:00 &#8211; 13:00 Uhr und 14:00 &#8211; 18:00 Uhr<\/li>\n\n\n\n<li>Samstag: 10:00 \u2013 13:00 Uhr<\/li>\n<\/ul>\n\n\n\n<p>Du erreichst uns telefonisch unter 05522\/38149<\/p>\n\n\n\n<p>und schriftlich unter feldkirch@schuhewiebarfuss.at<\/p>\n\n\n\n<figure><\/figure>\n\n\n\n<p><\/p>\n","protected":false},"excerpt":{"rendered":"<p>Das Gesch\u00e4ft in Feldkirch ist vor\u00fcbergehend geschlossen! Wie f\u00fchlt sich so ein Barfu\u00dfschuh eigentlich an? Komm vorbei und probier\u00b4s ganz einfach aus! Im Gesch\u00e4ft in Feldkirch kannst Du die Modelle deiner Wahl anprobieren und Dich von unseren Barfu\u00dfschuh-Experten beraten lassen. Au\u00dferdem steht f\u00fcr Dich eine Laufbahn mit verschiedenen Oberfl\u00e4chen bereit. Darauf kannst Du schon vor [&hellip;]<\/p>\n","protected":false},"author":1,"featured_media":0,"parent":0,"menu_order":0,"comment_status":"closed","ping_status":"closed","template":"","meta":{"site-sidebar-layout":"default","site-content-layout":"default","ast-site-content-layout":"default","site-content-style":"default","site-sidebar-style":"default","ast-global-header-display":"","ast-banner-title-visibility":"","ast-main-header-display":"","ast-hfb-above-header-display":"","ast-hfb-below-header-display":"","ast-hfb-mobile-header-display":"","site-post-title":"","ast-breadcrumbs-content":"","ast-featured-img":"","footer-sml-layout":"","ast-disable-related-posts":"","theme-transparent-header-meta":"default","adv-header-id-meta":"","stick-header-meta":"","header-above-stick-meta":"","header-main-stick-meta":"","header-below-stick-meta":"","astra-migrate-meta-layouts":"set","ast-page-background-enabled":"default","ast-page-background-meta":{"desktop":{"background-color":"","background-image":"","background-repeat":"repeat","background-position":"center center","background-size":"auto","background-attachment":"scroll","background-type":"","background-media":"","overlay-type":"","overlay-color":"","overlay-opacity":"","overlay-gradient":""},"tablet":{"background-color":"","background-image":"","background-repeat":"repeat","background-position":"center center","background-size":"auto","background-attachment":"scroll","background-type":"","background-media":"","overlay-type":"","overlay-color":"","overlay-opacity":"","overlay-gradient":""},"mobile":{"background-color":"","background-image":"","background-repeat":"repeat","background-position":"center center","background-size":"auto","background-attachment":"scroll","background-type":"","background-media":"","overlay-type":"","overlay-color":"","overlay-opacity":"","overlay-gradient":""}},"ast-content-background-meta":{"desktop":{"background-color":"var(--ast-global-color-5)","background-image":"","background-repeat":"repeat","background-position":"center center","background-size":"auto","background-attachment":"scroll","background-type":"","background-media":"","overlay-type":"","overlay-color":"","overlay-opacity":"","overlay-gradient":""},"tablet":{"background-color":"var(--ast-global-color-5)","background-image":"","background-repeat":"repeat","background-position":"center center","background-size":"auto","background-attachment":"scroll","background-type":"","background-media":"","overlay-type":"","overlay-color":"","overlay-opacity":"","overlay-gradient":""},"mobile":{"background-color":"var(--ast-global-color-5)","background-image":"","background-repeat":"repeat","background-position":"center center","background-size":"auto","background-attachment":"scroll","background-type":"","background-media":"","overlay-type":"","overlay-color":"","overlay-opacity":"","overlay-gradient":""}},"footnotes":""},"class_list":["post-26","page","type-page","status-publish","hentry"],"_links":{"self":[{"href":"https:\/\/schuhewiebarfuss.at\/feldkirch\/wp-json\/wp\/v2\/pages\/26","targetHints":{"allow":["GET"]}}],"collection":[{"href":"https:\/\/schuhewiebarfuss.at\/feldkirch\/wp-json\/wp\/v2\/pages"}],"about":[{"href":"https:\/\/schuhewiebarfuss.at\/feldkirch\/wp-json\/wp\/v2\/types\/page"}],"author":[{"embeddable":true,"href":"https:\/\/schuhewiebarfuss.at\/feldkirch\/wp-json\/wp\/v2\/users\/1"}],"replies":[{"embeddable":true,"href":"https:\/\/schuhewiebarfuss.at\/feldkirch\/wp-json\/wp\/v2\/comments?post=26"}],"version-history":[{"count":8,"href":"https:\/\/schuhewiebarfuss.at\/feldkirch\/wp-json\/wp\/v2\/pages\/26\/revisions"}],"predecessor-version":[{"id":216,"href":"https:\/\/schuhewiebarfuss.at\/feldkirch\/wp-json\/wp\/v2\/pages\/26\/revisions\/216"}],"wp:attachment":[{"href":"https:\/\/schuhewiebarfuss.at\/feldkirch\/wp-json\/wp\/v2\/media?parent=26"}],"curies":[{"name":"wp","href":"https:\/\/api.w.org\/{rel}","templated":true}]}}